{"id":87825,"date":"2025-03-26T21:42:27","date_gmt":"2025-03-26T21:42:27","guid":{"rendered":"https:\/\/onlinehardwareshop.de\/index.php\/produkt\/cuisinart-de-luxe-ice30bce\/"},"modified":"2025-05-15T03:32:38","modified_gmt":"2025-05-15T03:32:38","slug":"cuisinart-de-luxe-ice30bce","status":"publish","type":"product","link":"https:\/\/onlinehardwareshop.de\/index.php\/produkt\/cuisinart-de-luxe-ice30bce\/","title":{"rendered":"Cuisinart De Luxe ICE30BCE"},"content":{"rendered":"<p>M\u00f6chtest du auch mal anderes Eis als das aus dem Supermarkt? Mach dir dann selbst welches mit der Cuisinart De Luxe ICE30BCE. Stelle den Eisbeh\u00e4lter \u00fcber Nacht in den Gefrierschrank und lege am n\u00e4chsten Tag los. Der Deckel hat eine Einf\u00fcll\u00f6ffnung, sodass du leicht frisches Obst, Schokolade, N\u00fcsse oder andere Zutaten hinzuf\u00fcgen kannst. Nach 25 Minuten Wartezeit kannst du dein hausgemachtes Dessert genie\u00dfen. Die Cuisinart De Luxe ICE30BCE bietet auch ein Aufbewahrungssystem f\u00fcr das Kabel, rutschfeste F\u00fc\u00dfe und eine doppelt isolierte Wand.<\/p>\n","protected":false},"excerpt":{"rendered":"<p>M\u00f6chtest du auch mal anderes Eis als das aus dem Supermarkt? Mach dir dann selbst welches mit der Cuisinart De Luxe ICE30BCE. Stelle den Eisbeh\u00e4lter \u00fcber Nacht in den Gefrierschrank und lege am n\u00e4chsten Tag los. Der Deckel hat eine Einf\u00fcll\u00f6ffnung, sodass du leicht frisches Obst, Schokolade, N\u00fcsse oder andere Zutaten hinzuf\u00fcgen kannst. Nach 25 Minuten Wartezeit kannst du dein hausgemachtes Dessert genie\u00dfen. Die Cuisinart De Luxe ICE30BCE bietet auch ein Aufbewahrungssystem f\u00fcr das Kabel, rutschfeste F\u00fc\u00dfe und eine doppelt isolierte Wand.<\/p>\n","protected":false},"featured_media":0,"comment_status":"closed","ping_status":"open","template":"","meta":{"_acf_changed":false},"brand":[339],"product_brand":[],"product_cat":[340],"product_tag":[341],"class_list":{"0":"post-87825","1":"product","2":"type-product","3":"status-publish","5":"brand-cuisinart","6":"product_cat-eismaschinen","7":"product_tag-ijsmachines","8":"pa_condition-new","9":"pa_coolblue-de-verzending-morgen-gratis-geliefert","10":"pa_ean-337","11":"pa_mpn-ice30bce","13":"first","14":"instock","15":"product-type-external"},"acf":[],"_links":{"self":[{"href":"https:\/\/onlinehardwareshop.de\/index.php\/wp-json\/wp\/v2\/product\/87825","targetHints":{"allow":["GET"]}}],"collection":[{"href":"https:\/\/onlinehardwareshop.de\/index.php\/wp-json\/wp\/v2\/product"}],"about":[{"href":"https:\/\/onlinehardwareshop.de\/index.php\/wp-json\/wp\/v2\/types\/product"}],"replies":[{"embeddable":true,"href":"https:\/\/onlinehardwareshop.de\/index.php\/wp-json\/wp\/v2\/comments?post=87825"}],"wp:attachment":[{"href":"https:\/\/onlinehardwareshop.de\/index.php\/wp-json\/wp\/v2\/media?parent=87825"}],"wp:term":[{"taxonomy":"brand","embeddable":true,"href":"https:\/\/onlinehardwareshop.de\/index.php\/wp-json\/wp\/v2\/brand?post=87825"},{"taxonomy":"product_brand","embeddable":true,"href":"https:\/\/onlinehardwareshop.de\/index.php\/wp-json\/wp\/v2\/product_brand?post=87825"},{"taxonomy":"product_cat","embeddable":true,"href":"https:\/\/onlinehardwareshop.de\/index.php\/wp-json\/wp\/v2\/product_cat?post=87825"},{"taxonomy":"product_tag","embeddable":true,"href":"https:\/\/onlinehardwareshop.de\/index.php\/wp-json\/wp\/v2\/product_tag?post=87825"}],"curies":[{"name":"wp","href":"https:\/\/api.w.org\/{rel}","templated":true}]}}