{"id":87824,"date":"2024-10-23T22:14:39","date_gmt":"2024-10-23T22:14:39","guid":{"rendered":"https:\/\/onlinehardwareshop.de\/index.php\/produkt\/pocketbook-verse-lite-midnight-grey-6\/"},"modified":"2025-05-14T19:46:37","modified_gmt":"2025-05-14T19:46:37","slug":"pocketbook-verse-lite-midnight-grey-6","status":"publish","type":"product","link":"https:\/\/onlinehardwareshop.de\/index.php\/produkt\/pocketbook-verse-lite-midnight-grey-6\/","title":{"rendered":"PocketBook Verse Lite &#8211; Midnight Grey &#8211; 6&#34;"},"content":{"rendered":"<p>Das PocketBook Verse Lite in Midnight Grey ist ideal f\u00fcr den Einstieg in das digitale Lesen. Mit seinem 6 Zoll E-Ink Carta Display nutzt du es bei jeder Lichtsituation. Selbst bei direkter Sonneneinstrahlung liest du problemlos. Dabei verringert das Display st\u00f6rende Reflexionen und schont deine Augen bei l\u00e4ngerer Nutzung. Dank integrierter Frontbeleuchtung liest du auch im Dunkeln. Durch das schlanke Design nimmst du ihn \u00fcberall hin mit. Mit nur 170 Gramm ist der eReader ein Leichtgewicht und passt in jede Tasche. So hast du deine Bibliothek jederzeit dabei. \u00dcber deinen Computer, per E-Mail oder mit Calibre l\u00e4dst du die E-Books einfach herunter. Neben dem Lesen erstellst du auf dem PocketBook Verse Lite auch Notizen oder spielst Sudoku.<\/p>\n","protected":false},"excerpt":{"rendered":"<p>Das PocketBook Verse Lite in Midnight Grey ist ideal f\u00fcr den Einstieg in das digitale Lesen. Mit seinem 6 Zoll E-Ink Carta Display nutzt du es bei jeder Lichtsituation. Selbst bei direkter Sonneneinstrahlung liest du problemlos. Dabei verringert das Display st\u00f6rende Reflexionen und schont deine Augen bei l\u00e4ngerer Nutzung. Dank integrierter Frontbeleuchtung liest du auch im Dunkeln. Durch das schlanke Design nimmst du ihn \u00fcberall hin mit. Mit nur 170 Gramm ist der eReader ein Leichtgewicht und passt in jede Tasche. So hast du deine Bibliothek jederzeit dabei. \u00dcber deinen Computer, per E-Mail oder mit Calibre l\u00e4dst du die E-Books einfach herunter. Neben dem Lesen erstellst du auf dem PocketBook Verse Lite auch Notizen oder spielst Sudoku.<\/p>\n","protected":false},"featured_media":0,"comment_status":"closed","ping_status":"open","template":"","meta":{"_acf_changed":false},"brand":[8955],"product_brand":[],"product_cat":[8609],"product_tag":[8610],"class_list":{"0":"post-87824","1":"product","2":"type-product","3":"status-publish","5":"brand-pocketbook","6":"product_cat-ebook-reader","7":"product_tag-e-readers","8":"pa_condition-new","9":"pa_coolblue-de-verzending-morgen-gratis-geliefert","10":"pa_ean-34680","11":"pa_mpn-pb619-t-ww-b","13":"first","14":"instock","15":"product-type-external"},"acf":[],"_links":{"self":[{"href":"https:\/\/onlinehardwareshop.de\/index.php\/wp-json\/wp\/v2\/product\/87824","targetHints":{"allow":["GET"]}}],"collection":[{"href":"https:\/\/onlinehardwareshop.de\/index.php\/wp-json\/wp\/v2\/product"}],"about":[{"href":"https:\/\/onlinehardwareshop.de\/index.php\/wp-json\/wp\/v2\/types\/product"}],"replies":[{"embeddable":true,"href":"https:\/\/onlinehardwareshop.de\/index.php\/wp-json\/wp\/v2\/comments?post=87824"}],"wp:attachment":[{"href":"https:\/\/onlinehardwareshop.de\/index.php\/wp-json\/wp\/v2\/media?parent=87824"}],"wp:term":[{"taxonomy":"brand","embeddable":true,"href":"https:\/\/onlinehardwareshop.de\/index.php\/wp-json\/wp\/v2\/brand?post=87824"},{"taxonomy":"product_brand","embeddable":true,"href":"https:\/\/onlinehardwareshop.de\/index.php\/wp-json\/wp\/v2\/product_brand?post=87824"},{"taxonomy":"product_cat","embeddable":true,"href":"https:\/\/onlinehardwareshop.de\/index.php\/wp-json\/wp\/v2\/product_cat?post=87824"},{"taxonomy":"product_tag","embeddable":true,"href":"https:\/\/onlinehardwareshop.de\/index.php\/wp-json\/wp\/v2\/product_tag?post=87824"}],"curies":[{"name":"wp","href":"https:\/\/api.w.org\/{rel}","templated":true}]}}