{"id":87808,"date":"2024-04-25T12:20:47","date_gmt":"2024-04-25T12:20:47","guid":{"rendered":"https:\/\/onlinehardwareshop.de\/index.php\/produkt\/dji-240w-power-adapter-eu\/"},"modified":"2025-05-14T19:43:52","modified_gmt":"2025-05-14T19:43:52","slug":"dji-240w-power-adapter-eu","status":"publish","type":"product","link":"https:\/\/onlinehardwareshop.de\/index.php\/produkt\/dji-240w-power-adapter-eu\/","title":{"rendered":"DJI 240&#xA0;W Power Adapter (EU)"},"content":{"rendered":"<p>Der DJI 240\u00a0W Power Adapter (EU) ist ein Ladeger\u00e4t f\u00fcr die DJI Mavic 4 Pro Drohne. Mit der Leistung von 240\u00a0W l\u00e4dst du deine Drohne besonders schnell auf. Du schlie\u00dft zwei Ger\u00e4te an den Adapter an, zum Beispiel die Ladestation und deine Fernbedienung. Dieser Adapter eignet sich nur f\u00fcr die DJI Mavic 4 Pro.<\/p>\n","protected":false},"excerpt":{"rendered":"<p>Der DJI 240\u00a0W Power Adapter (EU) ist ein Ladeger\u00e4t f\u00fcr die DJI Mavic 4 Pro Drohne. Mit der Leistung von 240\u00a0W l\u00e4dst du deine Drohne besonders schnell auf. Du schlie\u00dft zwei Ger\u00e4te an den Adapter an, zum Beispiel die Ladestation und deine Fernbedienung. Dieser Adapter eignet sich nur f\u00fcr die DJI Mavic 4 Pro.<\/p>\n","protected":false},"featured_media":0,"comment_status":"closed","ping_status":"open","template":"","meta":{"_acf_changed":false},"brand":[3664],"product_brand":[],"product_cat":[7212],"product_tag":[7213],"class_list":{"0":"post-87808","1":"product","2":"type-product","3":"status-publish","5":"brand-dji","6":"product_cat-zubehrsets-fr-drohnen","7":"product_tag-accessoiresets-voor-drones","8":"pa_condition-new","9":"pa_coolblue-de-verzending-morgen-gratis-geliefert","10":"pa_ean-34647","11":"pa_mpn-cp-ma-00000886-01","13":"first","14":"instock","15":"product-type-external"},"acf":[],"_links":{"self":[{"href":"https:\/\/onlinehardwareshop.de\/index.php\/wp-json\/wp\/v2\/product\/87808","targetHints":{"allow":["GET"]}}],"collection":[{"href":"https:\/\/onlinehardwareshop.de\/index.php\/wp-json\/wp\/v2\/product"}],"about":[{"href":"https:\/\/onlinehardwareshop.de\/index.php\/wp-json\/wp\/v2\/types\/product"}],"replies":[{"embeddable":true,"href":"https:\/\/onlinehardwareshop.de\/index.php\/wp-json\/wp\/v2\/comments?post=87808"}],"wp:attachment":[{"href":"https:\/\/onlinehardwareshop.de\/index.php\/wp-json\/wp\/v2\/media?parent=87808"}],"wp:term":[{"taxonomy":"brand","embeddable":true,"href":"https:\/\/onlinehardwareshop.de\/index.php\/wp-json\/wp\/v2\/brand?post=87808"},{"taxonomy":"product_brand","embeddable":true,"href":"https:\/\/onlinehardwareshop.de\/index.php\/wp-json\/wp\/v2\/product_brand?post=87808"},{"taxonomy":"product_cat","embeddable":true,"href":"https:\/\/onlinehardwareshop.de\/index.php\/wp-json\/wp\/v2\/product_cat?post=87808"},{"taxonomy":"product_tag","embeddable":true,"href":"https:\/\/onlinehardwareshop.de\/index.php\/wp-json\/wp\/v2\/product_tag?post=87808"}],"curies":[{"name":"wp","href":"https:\/\/api.w.org\/{rel}","templated":true}]}}