{"id":87803,"date":"2025-02-25T18:20:26","date_gmt":"2025-02-25T18:20:26","guid":{"rendered":"https:\/\/onlinehardwareshop.de\/index.php\/produkt\/bosch-tr-und-fensterkontakt-2-matter\/"},"modified":"2025-05-14T19:42:21","modified_gmt":"2025-05-14T19:42:21","slug":"bosch-tr-und-fensterkontakt-2-matter","status":"publish","type":"product","link":"https:\/\/onlinehardwareshop.de\/index.php\/produkt\/bosch-tr-und-fensterkontakt-2-matter\/","title":{"rendered":"Bosch T&#xFC;r- und Fensterkontakt 2 Matter"},"content":{"rendered":"<p>Mit dem Bosch T\u00fcr- und Fensterkontakt 2 Matter verl\u00e4sst du dein Zuhause mit einem sicheren Gef\u00fchl. Du befestigst diesen Sensor an einer T\u00fcr oder einem Fenster. Wenn jemand die T\u00fcr oder das Fenster \u00f6ffnet, erh\u00e4ltst du eine Benachrichtigung in der App. Dort pr\u00fcfst du auch jederzeit und von \u00fcberall, ob die T\u00fcr oder das Fenster geschlossen sind. Der Sensor ist mit Matter kompatibel, sodass du ihn mit anderen smarten Ger\u00e4ten verkn\u00fcpfst. So stellst du zum Beispiel ein, dass deine \u00dcberwachungskamera automatisch mit der Aufnahme beginnt, sobald jemand eine T\u00fcr oder ein Fenster \u00f6ffnet. Da der Sensor kabellos ist, l\u00e4sst er sich leicht an allen Arten von T\u00fcren oder Fenstern anbringen. Du bringst ihn zum Beispiel an der Hintert\u00fcr, dem K\u00fcchenfenster, aber auch an einem Medizinschrank oder Gartentor an.<\/p>\n","protected":false},"excerpt":{"rendered":"<p>Mit dem Bosch T\u00fcr- und Fensterkontakt 2 Matter verl\u00e4sst du dein Zuhause mit einem sicheren Gef\u00fchl. Du befestigst diesen Sensor an einer T\u00fcr oder einem Fenster. Wenn jemand die T\u00fcr oder das Fenster \u00f6ffnet, erh\u00e4ltst du eine Benachrichtigung in der App. Dort pr\u00fcfst du auch jederzeit und von \u00fcberall, ob die T\u00fcr oder das Fenster geschlossen sind. Der Sensor ist mit Matter kompatibel, sodass du ihn mit anderen smarten Ger\u00e4ten verkn\u00fcpfst. So stellst du zum Beispiel ein, dass deine \u00dcberwachungskamera automatisch mit der Aufnahme beginnt, sobald jemand eine T\u00fcr oder ein Fenster \u00f6ffnet. Da der Sensor kabellos ist, l\u00e4sst er sich leicht an allen Arten von T\u00fcren oder Fenstern anbringen. Du bringst ihn zum Beispiel an der Hintert\u00fcr, dem K\u00fcchenfenster, aber auch an einem Medizinschrank oder Gartentor an.<\/p>\n","protected":false},"featured_media":0,"comment_status":"closed","ping_status":"open","template":"","meta":{"_acf_changed":false},"brand":[250],"product_brand":[],"product_cat":[5658],"product_tag":[5659],"class_list":{"0":"post-87803","1":"product","2":"type-product","3":"status-publish","5":"brand-bosch","6":"product_cat-magnetkontakte","7":"product_tag-magneetcontacten","8":"pa_condition-new","9":"pa_coolblue-de-verzending-morgen-gratis-geliefert","10":"pa_ean-34637","11":"pa_mpn-34638","13":"first","14":"instock","15":"product-type-external"},"acf":[],"_links":{"self":[{"href":"https:\/\/onlinehardwareshop.de\/index.php\/wp-json\/wp\/v2\/product\/87803","targetHints":{"allow":["GET"]}}],"collection":[{"href":"https:\/\/onlinehardwareshop.de\/index.php\/wp-json\/wp\/v2\/product"}],"about":[{"href":"https:\/\/onlinehardwareshop.de\/index.php\/wp-json\/wp\/v2\/types\/product"}],"replies":[{"embeddable":true,"href":"https:\/\/onlinehardwareshop.de\/index.php\/wp-json\/wp\/v2\/comments?post=87803"}],"wp:attachment":[{"href":"https:\/\/onlinehardwareshop.de\/index.php\/wp-json\/wp\/v2\/media?parent=87803"}],"wp:term":[{"taxonomy":"brand","embeddable":true,"href":"https:\/\/onlinehardwareshop.de\/index.php\/wp-json\/wp\/v2\/brand?post=87803"},{"taxonomy":"product_brand","embeddable":true,"href":"https:\/\/onlinehardwareshop.de\/index.php\/wp-json\/wp\/v2\/product_brand?post=87803"},{"taxonomy":"product_cat","embeddable":true,"href":"https:\/\/onlinehardwareshop.de\/index.php\/wp-json\/wp\/v2\/product_cat?post=87803"},{"taxonomy":"product_tag","embeddable":true,"href":"https:\/\/onlinehardwareshop.de\/index.php\/wp-json\/wp\/v2\/product_tag?post=87803"}],"curies":[{"name":"wp","href":"https:\/\/api.w.org\/{rel}","templated":true}]}}