{"id":87792,"date":"2024-03-30T04:30:27","date_gmt":"2024-03-30T04:30:27","guid":{"rendered":"https:\/\/onlinehardwareshop.de\/index.php\/produkt\/tefal-supergrill-3-in-1-gc520d-xl\/"},"modified":"2025-05-14T19:13:05","modified_gmt":"2025-05-14T19:13:05","slug":"tefal-supergrill-3-in-1-gc520d-xl","status":"publish","type":"product","link":"https:\/\/onlinehardwareshop.de\/index.php\/produkt\/tefal-supergrill-3-in-1-gc520d-xl\/","title":{"rendered":"Tefal SuperGrill 3-in-1 GC520D XL"},"content":{"rendered":"<p>Mit dem Tefal SuperGrill 3-in-1 GC520D XL bereitest du dank der gro\u00dfz\u00fcgigen Grillfl\u00e4che von 40 x 20\u00a0cm Gerichte f\u00fcr bis zu sechs Personen zu. Au\u00dferdem stimmst du die Grilltemperatur dank drei einstellbaren Stufen genau auf dein Grillgut ab. So bleibt Fleisch saftig, Gem\u00fcse wird knackig und Sandwiches gelingen perfekt goldbraun. Die schwebende obere Grillplatte sorgt f\u00fcr ein gleichm\u00e4\u00dfiges Garen von beiden Seiten. Du positionierst sie auch so, dass sie die Oberseite des Gerichts nicht ber\u00fchrt. So entsteht eine Art Backofen. Das ist praktisch, um zum Beispiel ein St\u00fcck Pizza aufzuw\u00e4rmen. Der Kontaktgrill l\u00e4sst sich ganz aufklappen, sodass du ihn auch als Tischgrill verwendest. Das ist praktisch, wenn du mit Freunden oder der Familie zusammen isst.<\/p>\n","protected":false},"excerpt":{"rendered":"<p>Mit dem Tefal SuperGrill 3-in-1 GC520D XL bereitest du dank der gro\u00dfz\u00fcgigen Grillfl\u00e4che von 40 x 20\u00a0cm Gerichte f\u00fcr bis zu sechs Personen zu. Au\u00dferdem stimmst du die Grilltemperatur dank drei einstellbaren Stufen genau auf dein Grillgut ab. So bleibt Fleisch saftig, Gem\u00fcse wird knackig und Sandwiches gelingen perfekt goldbraun. Die schwebende obere Grillplatte sorgt f\u00fcr ein gleichm\u00e4\u00dfiges Garen von beiden Seiten. Du positionierst sie auch so, dass sie die Oberseite des Gerichts nicht ber\u00fchrt. So entsteht eine Art Backofen. Das ist praktisch, um zum Beispiel ein St\u00fcck Pizza aufzuw\u00e4rmen. Der Kontaktgrill l\u00e4sst sich ganz aufklappen, sodass du ihn auch als Tischgrill verwendest. Das ist praktisch, wenn du mit Freunden oder der Familie zusammen isst.<\/p>\n","protected":false},"featured_media":0,"comment_status":"closed","ping_status":"open","template":"","meta":{"_acf_changed":false},"brand":[506],"product_brand":[],"product_cat":[300],"product_tag":[301],"class_list":{"0":"post-87792","1":"product","2":"type-product","3":"status-publish","5":"brand-tefal","6":"product_cat-kontaktgrills","7":"product_tag-contactgrills","8":"pa_condition-new","9":"pa_coolblue-de-verzending-morgen-gratis-geliefert","10":"pa_ean-33818","11":"pa_mpn-gc520d","13":"first","14":"instock","15":"product-type-external"},"acf":[],"_links":{"self":[{"href":"https:\/\/onlinehardwareshop.de\/index.php\/wp-json\/wp\/v2\/product\/87792","targetHints":{"allow":["GET"]}}],"collection":[{"href":"https:\/\/onlinehardwareshop.de\/index.php\/wp-json\/wp\/v2\/product"}],"about":[{"href":"https:\/\/onlinehardwareshop.de\/index.php\/wp-json\/wp\/v2\/types\/product"}],"replies":[{"embeddable":true,"href":"https:\/\/onlinehardwareshop.de\/index.php\/wp-json\/wp\/v2\/comments?post=87792"}],"wp:attachment":[{"href":"https:\/\/onlinehardwareshop.de\/index.php\/wp-json\/wp\/v2\/media?parent=87792"}],"wp:term":[{"taxonomy":"brand","embeddable":true,"href":"https:\/\/onlinehardwareshop.de\/index.php\/wp-json\/wp\/v2\/brand?post=87792"},{"taxonomy":"product_brand","embeddable":true,"href":"https:\/\/onlinehardwareshop.de\/index.php\/wp-json\/wp\/v2\/product_brand?post=87792"},{"taxonomy":"product_cat","embeddable":true,"href":"https:\/\/onlinehardwareshop.de\/index.php\/wp-json\/wp\/v2\/product_cat?post=87792"},{"taxonomy":"product_tag","embeddable":true,"href":"https:\/\/onlinehardwareshop.de\/index.php\/wp-json\/wp\/v2\/product_tag?post=87792"}],"curies":[{"name":"wp","href":"https:\/\/api.w.org\/{rel}","templated":true}]}}