{"id":87791,"date":"2025-01-05T11:45:56","date_gmt":"2025-01-05T11:45:56","guid":{"rendered":"https:\/\/onlinehardwareshop.de\/index.php\/produkt\/tefal-glass-kettle-ki6058\/"},"modified":"2025-05-14T19:03:26","modified_gmt":"2025-05-14T19:03:26","slug":"tefal-glass-kettle-ki6058","status":"publish","type":"product","link":"https:\/\/onlinehardwareshop.de\/index.php\/produkt\/tefal-glass-kettle-ki6058\/","title":{"rendered":"Tefal Glass Kettle KI6058"},"content":{"rendered":"<p>Mit dem Tefal Glass Kettle KI6058 kochst du Wasser mit einem sch\u00f6nen Effekt. Der Wasserkocher hat eine integrierte Beleuchtung, die beim Kochen blau wird. In Kombination mit dem Glasgeh\u00e4use sorgt das f\u00fcr einen sch\u00f6nen Effekt auf deiner K\u00fcchenarbeitsplatte. Anhand der Literanzeige liest du genau ab, wie viel Wasser du kochst. Dank der Leistung von 1.850 Watt kocht das Wasser sehr schnell. Das ist praktisch, wenn du nicht lange auf deine Tasse Tee warten m\u00f6chtest. Der herausnehmbare Kalkfilter sorgt daf\u00fcr, dass der Wasserkocher l\u00e4nger h\u00e4lt.<\/p>\n","protected":false},"excerpt":{"rendered":"<p>Mit dem Tefal Glass Kettle KI6058 kochst du Wasser mit einem sch\u00f6nen Effekt. Der Wasserkocher hat eine integrierte Beleuchtung, die beim Kochen blau wird. In Kombination mit dem Glasgeh\u00e4use sorgt das f\u00fcr einen sch\u00f6nen Effekt auf deiner K\u00fcchenarbeitsplatte. Anhand der Literanzeige liest du genau ab, wie viel Wasser du kochst. Dank der Leistung von 1.850 Watt kocht das Wasser sehr schnell. Das ist praktisch, wenn du nicht lange auf deine Tasse Tee warten m\u00f6chtest. Der herausnehmbare Kalkfilter sorgt daf\u00fcr, dass der Wasserkocher l\u00e4nger h\u00e4lt.<\/p>\n","protected":false},"featured_media":0,"comment_status":"closed","ping_status":"open","template":"","meta":{"_acf_changed":false},"brand":[506],"product_brand":[],"product_cat":[716],"product_tag":[717],"class_list":{"0":"post-87791","1":"product","2":"type-product","3":"status-publish","5":"brand-tefal","6":"product_cat-wasserkocher","7":"product_tag-waterkokers","8":"pa_condition-new","9":"pa_coolblue-de-verzending-morgen-gratis-geliefert","10":"pa_ean-32848","11":"pa_mpn-ki6058","13":"first","14":"instock","15":"product-type-external"},"acf":[],"_links":{"self":[{"href":"https:\/\/onlinehardwareshop.de\/index.php\/wp-json\/wp\/v2\/product\/87791","targetHints":{"allow":["GET"]}}],"collection":[{"href":"https:\/\/onlinehardwareshop.de\/index.php\/wp-json\/wp\/v2\/product"}],"about":[{"href":"https:\/\/onlinehardwareshop.de\/index.php\/wp-json\/wp\/v2\/types\/product"}],"replies":[{"embeddable":true,"href":"https:\/\/onlinehardwareshop.de\/index.php\/wp-json\/wp\/v2\/comments?post=87791"}],"wp:attachment":[{"href":"https:\/\/onlinehardwareshop.de\/index.php\/wp-json\/wp\/v2\/media?parent=87791"}],"wp:term":[{"taxonomy":"brand","embeddable":true,"href":"https:\/\/onlinehardwareshop.de\/index.php\/wp-json\/wp\/v2\/brand?post=87791"},{"taxonomy":"product_brand","embeddable":true,"href":"https:\/\/onlinehardwareshop.de\/index.php\/wp-json\/wp\/v2\/product_brand?post=87791"},{"taxonomy":"product_cat","embeddable":true,"href":"https:\/\/onlinehardwareshop.de\/index.php\/wp-json\/wp\/v2\/product_cat?post=87791"},{"taxonomy":"product_tag","embeddable":true,"href":"https:\/\/onlinehardwareshop.de\/index.php\/wp-json\/wp\/v2\/product_tag?post=87791"}],"curies":[{"name":"wp","href":"https:\/\/api.w.org\/{rel}","templated":true}]}}