{"id":87790,"date":"2024-03-29T13:27:51","date_gmt":"2024-03-29T13:27:51","guid":{"rendered":"https:\/\/onlinehardwareshop.de\/index.php\/produkt\/ninja-detect-power-blender-pro-tb201eu\/"},"modified":"2025-05-14T19:00:19","modified_gmt":"2025-05-14T19:00:19","slug":"ninja-detect-power-blender-pro-tb201eu","status":"publish","type":"product","link":"https:\/\/onlinehardwareshop.de\/index.php\/produkt\/ninja-detect-power-blender-pro-tb201eu\/","title":{"rendered":"Ninja Detect Power Blender PRO TB201EU"},"content":{"rendered":"<p>Mit dem Ninja Detect Power Blender Pro TB201 brauchst du nicht mehr \u00fcber die richtigen Einstellungen f\u00fcr deine Zubereitung nachzudenken. Der Standmixer ist mit der BlendSense Technologie ausgestattet. Damit erkennt der Standmixer frische und gefrorene Zutaten und passt Geschwindigkeit und Zeit automatisch an. Dank des quadratischen Mixbeh\u00e4lters rutschen die Zutaten nach unten. Dadurch mixt du besser als mit einem runden Mixbeh\u00e4lter. Dank der starken Leistung von 1.200\u00a0W mixt du auch harte Zutaten problemlos \u00fcber einen l\u00e4ngeren Zeitraum hinweg. So machst du mehrere Zubereitungen an einem Tag, ohne dass der Standmixer \u00fcberhitzt. Au\u00dferdem reinigst du den Mixbeh\u00e4lter in der Sp\u00fclmaschine und ersparst dir so die Reinigung von Hand.<\/p>\n","protected":false},"excerpt":{"rendered":"<p>Mit dem Ninja Detect Power Blender Pro TB201 brauchst du nicht mehr \u00fcber die richtigen Einstellungen f\u00fcr deine Zubereitung nachzudenken. Der Standmixer ist mit der BlendSense Technologie ausgestattet. Damit erkennt der Standmixer frische und gefrorene Zutaten und passt Geschwindigkeit und Zeit automatisch an. Dank des quadratischen Mixbeh\u00e4lters rutschen die Zutaten nach unten. Dadurch mixt du besser als mit einem runden Mixbeh\u00e4lter. Dank der starken Leistung von 1.200\u00a0W mixt du auch harte Zutaten problemlos \u00fcber einen l\u00e4ngeren Zeitraum hinweg. So machst du mehrere Zubereitungen an einem Tag, ohne dass der Standmixer \u00fcberhitzt. Au\u00dferdem reinigst du den Mixbeh\u00e4lter in der Sp\u00fclmaschine und ersparst dir so die Reinigung von Hand.<\/p>\n","protected":false},"featured_media":0,"comment_status":"closed","ping_status":"open","template":"","meta":{"_acf_changed":false},"brand":[6837],"product_brand":[],"product_cat":[1606],"product_tag":[1607],"class_list":{"0":"post-87790","1":"product","2":"type-product","3":"status-publish","5":"brand-ninja","6":"product_cat-standmixer","7":"product_tag-blenders","8":"pa_condition-new","9":"pa_coolblue-de-verzending-morgen-gratis-geliefert","10":"pa_ean-34311","11":"pa_mpn-tb201eu","13":"first","14":"instock","15":"product-type-external"},"acf":[],"_links":{"self":[{"href":"https:\/\/onlinehardwareshop.de\/index.php\/wp-json\/wp\/v2\/product\/87790","targetHints":{"allow":["GET"]}}],"collection":[{"href":"https:\/\/onlinehardwareshop.de\/index.php\/wp-json\/wp\/v2\/product"}],"about":[{"href":"https:\/\/onlinehardwareshop.de\/index.php\/wp-json\/wp\/v2\/types\/product"}],"replies":[{"embeddable":true,"href":"https:\/\/onlinehardwareshop.de\/index.php\/wp-json\/wp\/v2\/comments?post=87790"}],"wp:attachment":[{"href":"https:\/\/onlinehardwareshop.de\/index.php\/wp-json\/wp\/v2\/media?parent=87790"}],"wp:term":[{"taxonomy":"brand","embeddable":true,"href":"https:\/\/onlinehardwareshop.de\/index.php\/wp-json\/wp\/v2\/brand?post=87790"},{"taxonomy":"product_brand","embeddable":true,"href":"https:\/\/onlinehardwareshop.de\/index.php\/wp-json\/wp\/v2\/product_brand?post=87790"},{"taxonomy":"product_cat","embeddable":true,"href":"https:\/\/onlinehardwareshop.de\/index.php\/wp-json\/wp\/v2\/product_cat?post=87790"},{"taxonomy":"product_tag","embeddable":true,"href":"https:\/\/onlinehardwareshop.de\/index.php\/wp-json\/wp\/v2\/product_tag?post=87790"}],"curies":[{"name":"wp","href":"https:\/\/api.w.org\/{rel}","templated":true}]}}