{"id":87781,"date":"2024-09-02T03:04:58","date_gmt":"2024-09-02T03:04:58","guid":{"rendered":"https:\/\/onlinehardwareshop.de\/index.php\/produkt\/nutribullet-900-pro-silber\/"},"modified":"2025-05-14T17:57:03","modified_gmt":"2025-05-14T17:57:03","slug":"nutribullet-900-pro-silber","status":"publish","type":"product","link":"https:\/\/onlinehardwareshop.de\/index.php\/produkt\/nutribullet-900-pro-silber\/","title":{"rendered":"nutribullet 900 Pro Silber"},"content":{"rendered":"<p>Mit dem nutribullet 900 Pro Silber bereitest du dank seiner Leistung von 900 Watt schnell einen frischen Smoothie oder Sportshake aus harten Zutaten zu. Gib die Zutaten in den Mixbeh\u00e4lter und schraube die Extraktionsklinge darauf. Anschlie\u00dfend setzt du den Mixbeh\u00e4lter auf den Standmixer und dr\u00fcckst ihn nach unten. So verarbeitet er harte oder weiche Zutaten zu einem cremigen und gesunden Getr\u00e4nk. Da der Mixbeh\u00e4lter aus Kunststoff besteht, hebst du ihn m\u00fchelos an. Den Mixbeh\u00e4lter reinigst du in der Sp\u00fclmaschine.  Hinweis: Mixe nie l\u00e4nger als eine Minute. Sonst besteht die Gefahr, dass der Standmixer \u00fcberhitzt.<\/p>\n","protected":false},"excerpt":{"rendered":"<p>Mit dem nutribullet 900 Pro Silber bereitest du dank seiner Leistung von 900 Watt schnell einen frischen Smoothie oder Sportshake aus harten Zutaten zu. Gib die Zutaten in den Mixbeh\u00e4lter und schraube die Extraktionsklinge darauf. Anschlie\u00dfend setzt du den Mixbeh\u00e4lter auf den Standmixer und dr\u00fcckst ihn nach unten. So verarbeitet er harte oder weiche Zutaten zu einem cremigen und gesunden Getr\u00e4nk. Da der Mixbeh\u00e4lter aus Kunststoff besteht, hebst du ihn m\u00fchelos an. Den Mixbeh\u00e4lter reinigst du in der Sp\u00fclmaschine.  Hinweis: Mixe nie l\u00e4nger als eine Minute. Sonst besteht die Gefahr, dass der Standmixer \u00fcberhitzt.<\/p>\n","protected":false},"featured_media":0,"comment_status":"closed","ping_status":"open","template":"","meta":{"_acf_changed":false},"brand":[1605],"product_brand":[],"product_cat":[1606],"product_tag":[1607],"class_list":{"0":"post-87781","1":"product","2":"type-product","3":"status-publish","5":"brand-nutribullet","6":"product_cat-standmixer","7":"product_tag-blenders","8":"pa_condition-new","9":"pa_coolblue-de-verzending-morgen-gratis-geliefert","10":"pa_ean-30742","11":"pa_mpn-v09798","13":"first","14":"instock","15":"product-type-external"},"acf":[],"_links":{"self":[{"href":"https:\/\/onlinehardwareshop.de\/index.php\/wp-json\/wp\/v2\/product\/87781","targetHints":{"allow":["GET"]}}],"collection":[{"href":"https:\/\/onlinehardwareshop.de\/index.php\/wp-json\/wp\/v2\/product"}],"about":[{"href":"https:\/\/onlinehardwareshop.de\/index.php\/wp-json\/wp\/v2\/types\/product"}],"replies":[{"embeddable":true,"href":"https:\/\/onlinehardwareshop.de\/index.php\/wp-json\/wp\/v2\/comments?post=87781"}],"wp:attachment":[{"href":"https:\/\/onlinehardwareshop.de\/index.php\/wp-json\/wp\/v2\/media?parent=87781"}],"wp:term":[{"taxonomy":"brand","embeddable":true,"href":"https:\/\/onlinehardwareshop.de\/index.php\/wp-json\/wp\/v2\/brand?post=87781"},{"taxonomy":"product_brand","embeddable":true,"href":"https:\/\/onlinehardwareshop.de\/index.php\/wp-json\/wp\/v2\/product_brand?post=87781"},{"taxonomy":"product_cat","embeddable":true,"href":"https:\/\/onlinehardwareshop.de\/index.php\/wp-json\/wp\/v2\/product_cat?post=87781"},{"taxonomy":"product_tag","embeddable":true,"href":"https:\/\/onlinehardwareshop.de\/index.php\/wp-json\/wp\/v2\/product_tag?post=87781"}],"curies":[{"name":"wp","href":"https:\/\/api.w.org\/{rel}","templated":true}]}}