{"id":87762,"date":"2024-09-19T16:06:03","date_gmt":"2024-09-19T16:06:03","guid":{"rendered":"https:\/\/onlinehardwareshop.de\/index.php\/produkt\/bosch-professional-gst-18v-125-s-ohne-akku\/"},"modified":"2025-05-14T16:16:07","modified_gmt":"2025-05-14T16:16:07","slug":"bosch-professional-gst-18v-125-s-ohne-akku","status":"publish","type":"product","link":"https:\/\/onlinehardwareshop.de\/index.php\/produkt\/bosch-professional-gst-18v-125-s-ohne-akku\/","title":{"rendered":"Bosch Professional GST 18V-125 S (ohne Akku)"},"content":{"rendered":"<p>Mit der Bosch Professional GST 18V-125 S (ohne Akku) s\u00e4gst du ganz einfach kurvige Formen und schr\u00e4ge Linien. Die Stichs\u00e4ge hat einen T-Griff. Das ist praktisch, denn so nutzt du die S\u00e4ge auch umgedreht. Wenn du gerade s\u00e4gst, kommst du bis zu 125\u00a0mm tief in Holz und bis zu 10\u00a0mm in Metall. Au\u00dferdem s\u00e4gst du schr\u00e4g (auf Gehrung). Mit den vier Pendelstufen passt du die S\u00e4gegeschwindigkeit an. So verhinderst du zum Beispiel Brandflecken in Holz. Da die Stichs\u00e4ge akkubetrieben ist (Akku nicht im Lieferumfang enthalten), entsteht kein Kabelsalat. Zudem ist die Stichs\u00e4ge Teil des Bosch Professional 18V Akkusystems. Hast du bereits einen Akku dieses Systems zu Hause? Dann nutzt du ihn auch f\u00fcr dieses Ger\u00e4t.<\/p>\n","protected":false},"excerpt":{"rendered":"<p>Mit der Bosch Professional GST 18V-125 S (ohne Akku) s\u00e4gst du ganz einfach kurvige Formen und schr\u00e4ge Linien. Die Stichs\u00e4ge hat einen T-Griff. Das ist praktisch, denn so nutzt du die S\u00e4ge auch umgedreht. Wenn du gerade s\u00e4gst, kommst du bis zu 125\u00a0mm tief in Holz und bis zu 10\u00a0mm in Metall. Au\u00dferdem s\u00e4gst du schr\u00e4g (auf Gehrung). Mit den vier Pendelstufen passt du die S\u00e4gegeschwindigkeit an. So verhinderst du zum Beispiel Brandflecken in Holz. Da die Stichs\u00e4ge akkubetrieben ist (Akku nicht im Lieferumfang enthalten), entsteht kein Kabelsalat. Zudem ist die Stichs\u00e4ge Teil des Bosch Professional 18V Akkusystems. Hast du bereits einen Akku dieses Systems zu Hause? Dann nutzt du ihn auch f\u00fcr dieses Ger\u00e4t.<\/p>\n","protected":false},"featured_media":0,"comment_status":"closed","ping_status":"open","template":"","meta":{"_acf_changed":false},"brand":[332],"product_brand":[],"product_cat":[43],"product_tag":[2773],"class_list":{"0":"post-87762","1":"product","2":"type-product","3":"status-publish","5":"brand-bosch-professional","6":"product_cat-stichsgen","7":"product_tag-accu-decoupeerzagen","8":"pa_condition-new","9":"pa_coolblue-de-verzending-morgen-gratis-geliefert","10":"pa_ean-25415","11":"pa_mpn-06015b2000","13":"first","14":"instock","15":"product-type-external"},"acf":[],"_links":{"self":[{"href":"https:\/\/onlinehardwareshop.de\/index.php\/wp-json\/wp\/v2\/product\/87762","targetHints":{"allow":["GET"]}}],"collection":[{"href":"https:\/\/onlinehardwareshop.de\/index.php\/wp-json\/wp\/v2\/product"}],"about":[{"href":"https:\/\/onlinehardwareshop.de\/index.php\/wp-json\/wp\/v2\/types\/product"}],"replies":[{"embeddable":true,"href":"https:\/\/onlinehardwareshop.de\/index.php\/wp-json\/wp\/v2\/comments?post=87762"}],"wp:attachment":[{"href":"https:\/\/onlinehardwareshop.de\/index.php\/wp-json\/wp\/v2\/media?parent=87762"}],"wp:term":[{"taxonomy":"brand","embeddable":true,"href":"https:\/\/onlinehardwareshop.de\/index.php\/wp-json\/wp\/v2\/brand?post=87762"},{"taxonomy":"product_brand","embeddable":true,"href":"https:\/\/onlinehardwareshop.de\/index.php\/wp-json\/wp\/v2\/product_brand?post=87762"},{"taxonomy":"product_cat","embeddable":true,"href":"https:\/\/onlinehardwareshop.de\/index.php\/wp-json\/wp\/v2\/product_cat?post=87762"},{"taxonomy":"product_tag","embeddable":true,"href":"https:\/\/onlinehardwareshop.de\/index.php\/wp-json\/wp\/v2\/product_tag?post=87762"}],"curies":[{"name":"wp","href":"https:\/\/api.w.org\/{rel}","templated":true}]}}