{"id":87761,"date":"2025-02-22T04:26:57","date_gmt":"2025-02-22T04:26:57","guid":{"rendered":"https:\/\/onlinehardwareshop.de\/index.php\/produkt\/kobo-libra-colour-schwarz-bluebuilt-book-case-schwarz\/"},"modified":"2025-05-14T16:05:03","modified_gmt":"2025-05-14T16:05:03","slug":"kobo-libra-colour-schwarz-bluebuilt-book-case-schwarz","status":"publish","type":"product","link":"https:\/\/onlinehardwareshop.de\/index.php\/produkt\/kobo-libra-colour-schwarz-bluebuilt-book-case-schwarz\/","title":{"rendered":"Kobo Libra Colour Schwarz + BlueBuilt Book Case Schwarz"},"content":{"rendered":"<p>Mit dem Kobo Libra Colour Schwarz + BlueBuilt Book Case Schwarz verhinderst du Sch\u00e4den und Kratzer an deinem Kobo. Die Frontklappe dient auch als St\u00e4nder, mit dem du deinen eBook-Reader aufrecht hinstellst. So liest du bequem deine Lieblingsb\u00fccher. Dank des Farbdisplays wird deinen B\u00fcchern mehr Leben eingehaucht. Dadurch siehst du die Buchumschl\u00e4ge und Abbildungen in Farbe und machst farbenfrohe Aufzeichnungen. Dank ComfortLight Pro passt du selbst die Helligkeit und Farbtemperatur an. Zudem filtert das Ger\u00e4t blaues Licht und du kannst einen dunklen Modus w\u00e4hlen. Dadurch g\u00f6nnst du deinen Augen beim Lesen mehr Ruhe. Da der Libra wasserbest\u00e4ndig ist, liest du auch sicher am Strand oder beim Schwimmbad. Dank des ergonomischen Griffs h\u00e4ltst du ihn l\u00e4nger fest und anhand der Tasten bl\u00e4tterst du schnell Seiten um. Hast du keine Lust zu lesen? \u00dcber kabellose In-Ear-Kopfh\u00f6rer h\u00f6rst du H\u00f6rb\u00fccher. Du \u00fcbertr\u00e4gst eBooks \u00fcber den Kobo Store auf deinen eBook-Reader oder f\u00fcgst deine eigenen eBooks mit dem integrierten Google Drive und der Dropbox hinzu. Hinweis: Es ist kein Kobo Stylus\u00a02 im Lieferumfang enthalten. Machst du dir auf deinem eBook-Reader viele Notizen? Dann bestelle ihn dir separat dazu.<\/p>\n","protected":false},"excerpt":{"rendered":"<p>Mit dem Kobo Libra Colour Schwarz + BlueBuilt Book Case Schwarz verhinderst du Sch\u00e4den und Kratzer an deinem Kobo. Die Frontklappe dient auch als St\u00e4nder, mit dem du deinen eBook-Reader aufrecht hinstellst. So liest du bequem deine Lieblingsb\u00fccher. Dank des Farbdisplays wird deinen B\u00fcchern mehr Leben eingehaucht. Dadurch siehst du die Buchumschl\u00e4ge und Abbildungen in Farbe und machst farbenfrohe Aufzeichnungen. Dank ComfortLight Pro passt du selbst die Helligkeit und Farbtemperatur an. Zudem filtert das Ger\u00e4t blaues Licht und du kannst einen dunklen Modus w\u00e4hlen. Dadurch g\u00f6nnst du deinen Augen beim Lesen mehr Ruhe. Da der Libra wasserbest\u00e4ndig ist, liest du auch sicher am Strand oder beim Schwimmbad. Dank des ergonomischen Griffs h\u00e4ltst du ihn l\u00e4nger fest und anhand der Tasten bl\u00e4tterst du schnell Seiten um. Hast du keine Lust zu lesen? \u00dcber kabellose In-Ear-Kopfh\u00f6rer h\u00f6rst du H\u00f6rb\u00fccher. Du \u00fcbertr\u00e4gst eBooks \u00fcber den Kobo Store auf deinen eBook-Reader oder f\u00fcgst deine eigenen eBooks mit dem integrierten Google Drive und der Dropbox hinzu. Hinweis: Es ist kein Kobo Stylus\u00a02 im Lieferumfang enthalten. Machst du dir auf deinem eBook-Reader viele Notizen? Dann bestelle ihn dir separat dazu.<\/p>\n","protected":false},"featured_media":0,"comment_status":"closed","ping_status":"open","template":"","meta":{"_acf_changed":false},"brand":[8608],"product_brand":[],"product_cat":[8609],"product_tag":[8610],"class_list":{"0":"post-87761","1":"product","2":"type-product","3":"status-publish","5":"brand-kobo","6":"product_cat-ebook-reader","7":"product_tag-e-readers","8":"pa_condition-new","9":"pa_coolblue-de-verzending-morgen-gratis-geliefert","10":"pa_ean-25232","12":"first","13":"instock","14":"product-type-external"},"acf":[],"_links":{"self":[{"href":"https:\/\/onlinehardwareshop.de\/index.php\/wp-json\/wp\/v2\/product\/87761","targetHints":{"allow":["GET"]}}],"collection":[{"href":"https:\/\/onlinehardwareshop.de\/index.php\/wp-json\/wp\/v2\/product"}],"about":[{"href":"https:\/\/onlinehardwareshop.de\/index.php\/wp-json\/wp\/v2\/types\/product"}],"replies":[{"embeddable":true,"href":"https:\/\/onlinehardwareshop.de\/index.php\/wp-json\/wp\/v2\/comments?post=87761"}],"wp:attachment":[{"href":"https:\/\/onlinehardwareshop.de\/index.php\/wp-json\/wp\/v2\/media?parent=87761"}],"wp:term":[{"taxonomy":"brand","embeddable":true,"href":"https:\/\/onlinehardwareshop.de\/index.php\/wp-json\/wp\/v2\/brand?post=87761"},{"taxonomy":"product_brand","embeddable":true,"href":"https:\/\/onlinehardwareshop.de\/index.php\/wp-json\/wp\/v2\/product_brand?post=87761"},{"taxonomy":"product_cat","embeddable":true,"href":"https:\/\/onlinehardwareshop.de\/index.php\/wp-json\/wp\/v2\/product_cat?post=87761"},{"taxonomy":"product_tag","embeddable":true,"href":"https:\/\/onlinehardwareshop.de\/index.php\/wp-json\/wp\/v2\/product_tag?post=87761"}],"curies":[{"name":"wp","href":"https:\/\/api.w.org\/{rel}","templated":true}]}}