{"id":87760,"date":"2024-09-02T00:12:58","date_gmt":"2024-09-02T00:12:58","guid":{"rendered":"https:\/\/onlinehardwareshop.de\/index.php\/produkt\/wd-black-sn850x-8tb-nvme-ssd\/"},"modified":"2025-05-14T16:00:02","modified_gmt":"2025-05-14T16:00:02","slug":"wd-black-sn850x-8tb-nvme-ssd","status":"publish","type":"product","link":"https:\/\/onlinehardwareshop.de\/index.php\/produkt\/wd-black-sn850x-8tb-nvme-ssd\/","title":{"rendered":"WD Black SN850X 8TB NVMe SSD"},"content":{"rendered":"<p>Hinweis: Diese M.2-SSD hat ein PCI Express 4.0 (NVMe) Interface und funktioniert nur dann, wenn dein System PCIe 4.0 \/ NVMe unterst\u00fctzt. Zudem hat die SSD einen M-Key, der nur auf Systeme mit einem M-Slot passt. Dies solltest du in der Gebrauchsanleitung deines Laptops oder Motherboards \u00fcberpr\u00fcfen.  Mit der WD Black SN850X 8\u00a0TB NVMe internen SSD speicherst du Spiele und Save Files auf deiner PlayStation\u00a05, deinem Gaming-Laptop oder PC. Die SN850X hat einen 8\u00a0TB gro\u00dfen Speicher. Darauf ist genug Platz f\u00fcr etwa 100 High-End-Games. Zudem f\u00e4hrt dein Ger\u00e4t dank der Lesegeschwindigkeit von 7.200\u00a0MB\/s blitzschnell hoch und du \u00fcbertr\u00e4gst Dateien mit einer Schreibgeschwindigkeit von 6.600\u00a0MB\/s auch schnell. Auf diese interne SSD bekommst du von Western Digital f\u00fcnf Jahre Garantie.<\/p>\n","protected":false},"excerpt":{"rendered":"<p>Hinweis: Diese M.2-SSD hat ein PCI Express 4.0 (NVMe) Interface und funktioniert nur dann, wenn dein System PCIe 4.0 \/ NVMe unterst\u00fctzt. Zudem hat die SSD einen M-Key, der nur auf Systeme mit einem M-Slot passt. Dies solltest du in der Gebrauchsanleitung deines Laptops oder Motherboards \u00fcberpr\u00fcfen.  Mit der WD Black SN850X 8\u00a0TB NVMe internen SSD speicherst du Spiele und Save Files auf deiner PlayStation\u00a05, deinem Gaming-Laptop oder PC. Die SN850X hat einen 8\u00a0TB gro\u00dfen Speicher. Darauf ist genug Platz f\u00fcr etwa 100 High-End-Games. Zudem f\u00e4hrt dein Ger\u00e4t dank der Lesegeschwindigkeit von 7.200\u00a0MB\/s blitzschnell hoch und du \u00fcbertr\u00e4gst Dateien mit einer Schreibgeschwindigkeit von 6.600\u00a0MB\/s auch schnell. Auf diese interne SSD bekommst du von Western Digital f\u00fcnf Jahre Garantie.<\/p>\n","protected":false},"featured_media":0,"comment_status":"closed","ping_status":"open","template":"","meta":{"_acf_changed":false},"brand":[645],"product_brand":[],"product_cat":[2957],"product_tag":[7168],"class_list":{"0":"post-87760","1":"product","2":"type-product","3":"status-publish","5":"brand-western-digital","6":"product_cat-solid-state-drives-ssd","7":"product_tag-m-2-ssd","8":"pa_condition-new","9":"pa_coolblue-de-verzending-morgen-gratis-geliefert","10":"pa_ean-25188","11":"pa_mpn-wds800t2x0e","13":"first","14":"instock","15":"product-type-external"},"acf":[],"_links":{"self":[{"href":"https:\/\/onlinehardwareshop.de\/index.php\/wp-json\/wp\/v2\/product\/87760","targetHints":{"allow":["GET"]}}],"collection":[{"href":"https:\/\/onlinehardwareshop.de\/index.php\/wp-json\/wp\/v2\/product"}],"about":[{"href":"https:\/\/onlinehardwareshop.de\/index.php\/wp-json\/wp\/v2\/types\/product"}],"replies":[{"embeddable":true,"href":"https:\/\/onlinehardwareshop.de\/index.php\/wp-json\/wp\/v2\/comments?post=87760"}],"wp:attachment":[{"href":"https:\/\/onlinehardwareshop.de\/index.php\/wp-json\/wp\/v2\/media?parent=87760"}],"wp:term":[{"taxonomy":"brand","embeddable":true,"href":"https:\/\/onlinehardwareshop.de\/index.php\/wp-json\/wp\/v2\/brand?post=87760"},{"taxonomy":"product_brand","embeddable":true,"href":"https:\/\/onlinehardwareshop.de\/index.php\/wp-json\/wp\/v2\/product_brand?post=87760"},{"taxonomy":"product_cat","embeddable":true,"href":"https:\/\/onlinehardwareshop.de\/index.php\/wp-json\/wp\/v2\/product_cat?post=87760"},{"taxonomy":"product_tag","embeddable":true,"href":"https:\/\/onlinehardwareshop.de\/index.php\/wp-json\/wp\/v2\/product_tag?post=87760"}],"curies":[{"name":"wp","href":"https:\/\/api.w.org\/{rel}","templated":true}]}}