{"id":87741,"date":"2024-10-22T22:01:09","date_gmt":"2024-10-22T22:01:09","guid":{"rendered":"https:\/\/onlinehardwareshop.de\/index.php\/produkt\/tefal-bl19h4\/"},"modified":"2025-05-14T14:57:25","modified_gmt":"2025-05-14T14:57:25","slug":"tefal-bl19h4","status":"publish","type":"product","link":"https:\/\/onlinehardwareshop.de\/index.php\/produkt\/tefal-bl19h4\/","title":{"rendered":"Tefal BL19H4"},"content":{"rendered":"<p>Mit dem Tefal BL19H4 legst du dir einen kompakten und leistungsstarken Standmixer zu. Der Mixer ist n\u00e4mlich klein und bietet eine hohe Leistung von 1.000 Watt. Praktisch, denn so nimmt das Ger\u00e4t wenig Platz ein und mixt dennoch m\u00fchelos harte Zutaten. Der Mixbeh\u00e4lter besteht aus Tritan und ist dadurch nicht nur sehr leicht, sondern auch stabiler als ein Kunststoffbeh\u00e4lter. So h\u00e4lt er l\u00e4nger. Den Trinkbeh\u00e4lter nimmst du auch einfach mit in die Schule oder auf die Arbeit. Der Standmixer ist mit sechs vorprogrammierten Mixstufen ausgestattet. Es gibt beispielsweise Programme f\u00fcr Dips, Smoothies und pflanzliche Milch. M\u00f6chtest du deinen Smoothie morgens zubereiten? Dann w\u00e4hle den leisen Modus. Dadurch macht der Standmixer weniger L\u00e4rm und du st\u00f6rst niemanden um dich herum.<\/p>\n","protected":false},"excerpt":{"rendered":"<p>Mit dem Tefal BL19H4 legst du dir einen kompakten und leistungsstarken Standmixer zu. Der Mixer ist n\u00e4mlich klein und bietet eine hohe Leistung von 1.000 Watt. Praktisch, denn so nimmt das Ger\u00e4t wenig Platz ein und mixt dennoch m\u00fchelos harte Zutaten. Der Mixbeh\u00e4lter besteht aus Tritan und ist dadurch nicht nur sehr leicht, sondern auch stabiler als ein Kunststoffbeh\u00e4lter. So h\u00e4lt er l\u00e4nger. Den Trinkbeh\u00e4lter nimmst du auch einfach mit in die Schule oder auf die Arbeit. Der Standmixer ist mit sechs vorprogrammierten Mixstufen ausgestattet. Es gibt beispielsweise Programme f\u00fcr Dips, Smoothies und pflanzliche Milch. M\u00f6chtest du deinen Smoothie morgens zubereiten? Dann w\u00e4hle den leisen Modus. Dadurch macht der Standmixer weniger L\u00e4rm und du st\u00f6rst niemanden um dich herum.<\/p>\n","protected":false},"featured_media":0,"comment_status":"closed","ping_status":"open","template":"","meta":{"_acf_changed":false},"brand":[506],"product_brand":[],"product_cat":[1606],"product_tag":[1607],"class_list":{"0":"post-87741","1":"product","2":"type-product","3":"status-publish","5":"brand-tefal","6":"product_cat-standmixer","7":"product_tag-blenders","8":"pa_condition-new","9":"pa_coolblue-de-verzending-morgen-gratis-geliefert","10":"pa_ean-24068","11":"pa_mpn-bl19h4","13":"first","14":"instock","15":"product-type-external"},"acf":[],"_links":{"self":[{"href":"https:\/\/onlinehardwareshop.de\/index.php\/wp-json\/wp\/v2\/product\/87741","targetHints":{"allow":["GET"]}}],"collection":[{"href":"https:\/\/onlinehardwareshop.de\/index.php\/wp-json\/wp\/v2\/product"}],"about":[{"href":"https:\/\/onlinehardwareshop.de\/index.php\/wp-json\/wp\/v2\/types\/product"}],"replies":[{"embeddable":true,"href":"https:\/\/onlinehardwareshop.de\/index.php\/wp-json\/wp\/v2\/comments?post=87741"}],"wp:attachment":[{"href":"https:\/\/onlinehardwareshop.de\/index.php\/wp-json\/wp\/v2\/media?parent=87741"}],"wp:term":[{"taxonomy":"brand","embeddable":true,"href":"https:\/\/onlinehardwareshop.de\/index.php\/wp-json\/wp\/v2\/brand?post=87741"},{"taxonomy":"product_brand","embeddable":true,"href":"https:\/\/onlinehardwareshop.de\/index.php\/wp-json\/wp\/v2\/product_brand?post=87741"},{"taxonomy":"product_cat","embeddable":true,"href":"https:\/\/onlinehardwareshop.de\/index.php\/wp-json\/wp\/v2\/product_cat?post=87741"},{"taxonomy":"product_tag","embeddable":true,"href":"https:\/\/onlinehardwareshop.de\/index.php\/wp-json\/wp\/v2\/product_tag?post=87741"}],"curies":[{"name":"wp","href":"https:\/\/api.w.org\/{rel}","templated":true}]}}