{"id":87735,"date":"2024-07-02T23:20:20","date_gmt":"2024-07-02T23:20:20","guid":{"rendered":"https:\/\/onlinehardwareshop.de\/index.php\/produkt\/hp-color-laserjet-3302fdwg-1-toner-ersatzset\/"},"modified":"2025-05-14T14:47:34","modified_gmt":"2025-05-14T14:47:34","slug":"hp-color-laserjet-3302fdwg-1-toner-ersatzset","status":"publish","type":"product","link":"https:\/\/onlinehardwareshop.de\/index.php\/produkt\/hp-color-laserjet-3302fdwg-1-toner-ersatzset\/","title":{"rendered":"HP Color LaserJet 3302fdwg + 1 Toner-Ersatzset"},"content":{"rendered":"<p>Mit dem Set aus HP Color LaserJet 3302fdwg + 1 Toner-Ersatzset geht dir die Tinte f\u00fcr deine Druckauftr\u00e4ge so schnell nicht aus. Drucke, scanne, kopiere und faxe mit diesem Multifunktionslaserfarbdrucker f\u00fcr die gesch\u00e4ftliche Nutzung. Der Druckvorgang schafft 25 Seiten pro Minute, sodass ein Handout f\u00fcr eine Besprechung schnell bereitliegt. M\u00f6chtest du schnell Unterlagen scannen oder kopieren? Dann lege bis zu 50 Papierb\u00f6gen in den automatischen Dokumenteneinzug ein. Der Drucker scannt bzw. kopiert deine Unterlagen automatisch beidseitig. So scannst du auch beidseitig bedrucktes Papier m\u00fchelos ein. Auch Drucken erfolgt mit dem Color LaserJet 3302fdwg automatisch beidseitig, was Papier spart. Sende deine Druckauftr\u00e4ge aus der Ferne, wahlweise per Apple AirPrint oder Wi-Fi Direct. Oder verbinde den Drucker per USB-Kabel direkt mit deinem PC oder Laptop.   Drucker mit dynamischer Sicherheit  Bestimmte HP Drucker sind daf\u00fcr ausgelegt, nur mit Patronen zu funktionieren, die neue oder wiederverwendete HP Chips oder elektronische HP Schaltkreise aufweisen. Diese Drucker nutzen dynamische Sicherheitsfunktionen, um Patronen zu blockieren, die mit einem Chip oder einer elektronischen Schaltung ausgestattet sind, die nicht von HP stammen. Die Wirksamkeit dieser Funktionen wird durch regelm\u00e4\u00dfige Firmware-Updates garantiert, sodass auch Patronen blockiert werden, die fr\u00fcher durchaus funktioniert haben. Wiederverwendete HP Chips und elektronische HP Schaltungen erm\u00f6glichen die Nutzung wiederverwendeter, recycelter und neu bef\u00fcllter Patronen.<\/p>\n","protected":false},"excerpt":{"rendered":"<p>Mit dem Set aus HP Color LaserJet 3302fdwg + 1 Toner-Ersatzset geht dir die Tinte f\u00fcr deine Druckauftr\u00e4ge so schnell nicht aus. Drucke, scanne, kopiere und faxe mit diesem Multifunktionslaserfarbdrucker f\u00fcr die gesch\u00e4ftliche Nutzung. Der Druckvorgang schafft 25 Seiten pro Minute, sodass ein Handout f\u00fcr eine Besprechung schnell bereitliegt. M\u00f6chtest du schnell Unterlagen scannen oder kopieren? Dann lege bis zu 50 Papierb\u00f6gen in den automatischen Dokumenteneinzug ein. Der Drucker scannt bzw. kopiert deine Unterlagen automatisch beidseitig. So scannst du auch beidseitig bedrucktes Papier m\u00fchelos ein. Auch Drucken erfolgt mit dem Color LaserJet 3302fdwg automatisch beidseitig, was Papier spart. Sende deine Druckauftr\u00e4ge aus der Ferne, wahlweise per Apple AirPrint oder Wi-Fi Direct. Oder verbinde den Drucker per USB-Kabel direkt mit deinem PC oder Laptop.   Drucker mit dynamischer Sicherheit  Bestimmte HP Drucker sind daf\u00fcr ausgelegt, nur mit Patronen zu funktionieren, die neue oder wiederverwendete HP Chips oder elektronische HP Schaltkreise aufweisen. Diese Drucker nutzen dynamische Sicherheitsfunktionen, um Patronen zu blockieren, die mit einem Chip oder einer elektronischen Schaltung ausgestattet sind, die nicht von HP stammen. Die Wirksamkeit dieser Funktionen wird durch regelm\u00e4\u00dfige Firmware-Updates garantiert, sodass auch Patronen blockiert werden, die fr\u00fcher durchaus funktioniert haben. Wiederverwendete HP Chips und elektronische HP Schaltungen erm\u00f6glichen die Nutzung wiederverwendeter, recycelter und neu bef\u00fcllter Patronen.<\/p>\n","protected":false},"featured_media":0,"comment_status":"closed","ping_status":"open","template":"","meta":{"_acf_changed":false},"brand":[90],"product_brand":[],"product_cat":[2205],"product_tag":[4823],"class_list":{"0":"post-87735","1":"product","2":"type-product","3":"status-publish","5":"brand-hp","6":"product_cat-drucker","7":"product_tag-laserprinters","8":"pa_condition-new","9":"pa_coolblue-de-verzending-morgen-gratis-geliefert","10":"pa_ean-27973","12":"first","13":"instock","14":"product-type-external"},"acf":[],"_links":{"self":[{"href":"https:\/\/onlinehardwareshop.de\/index.php\/wp-json\/wp\/v2\/product\/87735","targetHints":{"allow":["GET"]}}],"collection":[{"href":"https:\/\/onlinehardwareshop.de\/index.php\/wp-json\/wp\/v2\/product"}],"about":[{"href":"https:\/\/onlinehardwareshop.de\/index.php\/wp-json\/wp\/v2\/types\/product"}],"replies":[{"embeddable":true,"href":"https:\/\/onlinehardwareshop.de\/index.php\/wp-json\/wp\/v2\/comments?post=87735"}],"wp:attachment":[{"href":"https:\/\/onlinehardwareshop.de\/index.php\/wp-json\/wp\/v2\/media?parent=87735"}],"wp:term":[{"taxonomy":"brand","embeddable":true,"href":"https:\/\/onlinehardwareshop.de\/index.php\/wp-json\/wp\/v2\/brand?post=87735"},{"taxonomy":"product_brand","embeddable":true,"href":"https:\/\/onlinehardwareshop.de\/index.php\/wp-json\/wp\/v2\/product_brand?post=87735"},{"taxonomy":"product_cat","embeddable":true,"href":"https:\/\/onlinehardwareshop.de\/index.php\/wp-json\/wp\/v2\/product_cat?post=87735"},{"taxonomy":"product_tag","embeddable":true,"href":"https:\/\/onlinehardwareshop.de\/index.php\/wp-json\/wp\/v2\/product_tag?post=87735"}],"curies":[{"name":"wp","href":"https:\/\/api.w.org\/{rel}","templated":true}]}}