{"id":87725,"date":"2024-04-10T21:05:00","date_gmt":"2024-04-10T21:05:00","guid":{"rendered":"https:\/\/onlinehardwareshop.de\/index.php\/produkt\/maxi-cosi-kindersitzbezug-rodifix-s-i-size\/"},"modified":"2025-05-14T14:25:04","modified_gmt":"2025-05-14T14:25:04","slug":"maxi-cosi-kindersitzbezug-rodifix-s-i-size","status":"publish","type":"product","link":"https:\/\/onlinehardwareshop.de\/index.php\/produkt\/maxi-cosi-kindersitzbezug-rodifix-s-i-size\/","title":{"rendered":"Maxi-Cosi Kindersitzbezug RodiFix S i-Size"},"content":{"rendered":"<p>Mit dem Maxi-Cosi Kindersitzbezug RodiFix Pro\/S i-Size bleibt den Kind im Sommer k\u00fchl und trocken. Dieser Sommerbezug aus Bio-Baumwolle passt auf den Maxi-Cosi RodiFix Pro\/S i-Size und nimmt Feuchtigkeit schnell auf. Die zus\u00e4tzliche Polsterschicht macht den Sitz besonders angenehm bei warmen Autofahrten. Dieser praktische Bezug sch\u00fctzt den Autositz vor Spritzern und Flecken, damit er immer sauber bleibt. Du w\u00e4schst den Bezug ganz einfach bei 30 Grad Celsius in der Waschmaschine. Dank des intelligenten Designs bringst du den Bezug einfach auf dem Kindersitz an, ohne den Gurt abzunehmen.<\/p>\n","protected":false},"excerpt":{"rendered":"<p>Mit dem Maxi-Cosi Kindersitzbezug RodiFix Pro\/S i-Size bleibt den Kind im Sommer k\u00fchl und trocken. Dieser Sommerbezug aus Bio-Baumwolle passt auf den Maxi-Cosi RodiFix Pro\/S i-Size und nimmt Feuchtigkeit schnell auf. Die zus\u00e4tzliche Polsterschicht macht den Sitz besonders angenehm bei warmen Autofahrten. Dieser praktische Bezug sch\u00fctzt den Autositz vor Spritzern und Flecken, damit er immer sauber bleibt. Du w\u00e4schst den Bezug ganz einfach bei 30 Grad Celsius in der Waschmaschine. Dank des intelligenten Designs bringst du den Bezug einfach auf dem Kindersitz an, ohne den Gurt abzunehmen.<\/p>\n","protected":false},"featured_media":0,"comment_status":"closed","ping_status":"open","template":"","meta":{"_acf_changed":false},"brand":[9874],"product_brand":[],"product_cat":[23490],"product_tag":[23491],"class_list":{"0":"post-87725","1":"product","2":"type-product","3":"status-publish","5":"brand-maxi-cosi","6":"product_cat-autoschonbezge","7":"product_tag-autostoelbescherming","8":"pa_condition-new","9":"pa_coolblue-de-verzending-morgen-gratis-geliefert","10":"pa_ean-23500","11":"pa_mpn-23501","13":"first","14":"instock","15":"product-type-external"},"acf":[],"_links":{"self":[{"href":"https:\/\/onlinehardwareshop.de\/index.php\/wp-json\/wp\/v2\/product\/87725","targetHints":{"allow":["GET"]}}],"collection":[{"href":"https:\/\/onlinehardwareshop.de\/index.php\/wp-json\/wp\/v2\/product"}],"about":[{"href":"https:\/\/onlinehardwareshop.de\/index.php\/wp-json\/wp\/v2\/types\/product"}],"replies":[{"embeddable":true,"href":"https:\/\/onlinehardwareshop.de\/index.php\/wp-json\/wp\/v2\/comments?post=87725"}],"wp:attachment":[{"href":"https:\/\/onlinehardwareshop.de\/index.php\/wp-json\/wp\/v2\/media?parent=87725"}],"wp:term":[{"taxonomy":"brand","embeddable":true,"href":"https:\/\/onlinehardwareshop.de\/index.php\/wp-json\/wp\/v2\/brand?post=87725"},{"taxonomy":"product_brand","embeddable":true,"href":"https:\/\/onlinehardwareshop.de\/index.php\/wp-json\/wp\/v2\/product_brand?post=87725"},{"taxonomy":"product_cat","embeddable":true,"href":"https:\/\/onlinehardwareshop.de\/index.php\/wp-json\/wp\/v2\/product_cat?post=87725"},{"taxonomy":"product_tag","embeddable":true,"href":"https:\/\/onlinehardwareshop.de\/index.php\/wp-json\/wp\/v2\/product_tag?post=87725"}],"curies":[{"name":"wp","href":"https:\/\/api.w.org\/{rel}","templated":true}]}}