{"id":87721,"date":"2024-01-11T14:21:07","date_gmt":"2024-01-11T14:21:07","guid":{"rendered":"https:\/\/onlinehardwareshop.de\/index.php\/produkt\/bose-quietcomfort-ultra-earbuds-diamant\/"},"modified":"2025-05-14T14:15:58","modified_gmt":"2025-05-14T14:15:58","slug":"bose-quietcomfort-ultra-earbuds-diamant","status":"publish","type":"product","link":"https:\/\/onlinehardwareshop.de\/index.php\/produkt\/bose-quietcomfort-ultra-earbuds-diamant\/","title":{"rendered":"Bose QuietComfort Ultra Earbuds Diamant"},"content":{"rendered":"<p>Mit den Bose QuietComfort Ultra Earbuds Diamant h\u00f6rst du einen r\u00e4umlichen Klang. Die Diamantfarbe wurde zu Ehren des 60-j\u00e4hrigen Bestehens von Bose eingef\u00fchrt. Dank Bose Immersive Audio erlebst du die Musik so, als ob du mittendrin w\u00e4rst. So h\u00f6rst du die Musik detailliert und mit Tiefe. Du blendest dank des Noise Cancelling deine Umgebung akustisch aus. So konzentrierst du dich auf deine Arbeit und nicht auf das Gewusel in einem vollen Zug. Du stellst das Noise Cancelling selbst in der Bose Music App ein. Es gibt verschiedene Modi, wie zum Beispiel den Quiet Modus. Dieser Modus unterdr\u00fcckt Umgebungsger\u00e4usche komplett. Die CustomTune Technologie erkennt die Form deines Geh\u00f6rgangs und passt die Musik daraufhin an. So h\u00f6rst du eine ausgeglichene Audiowiedergabe. Bose liefert Ohreins\u00e4tze in drei Gr\u00f6\u00dfen sowie Ohrflossen mit. So hast du immer ein paar Ohreins\u00e4tze und Ohrflossen, die zu deinen Ohren passen.  Bose Immersive Audio Bose Immersive Audio bietet r\u00e4umlichen Sound aus jeder Quelle oder aus jedem Streamingdienst. Diese Technologie sorgt daf\u00fcr, dass deine Musik klingt, als w\u00e4rst du live mit dabei. So h\u00f6rst du zum Beispiel das Schlagzeug vor dir und die Gitarre links hinter dir, wenn die Band das so beabsichtigt hatte.<\/p>\n","protected":false},"excerpt":{"rendered":"<p>Mit den Bose QuietComfort Ultra Earbuds Diamant h\u00f6rst du einen r\u00e4umlichen Klang. Die Diamantfarbe wurde zu Ehren des 60-j\u00e4hrigen Bestehens von Bose eingef\u00fchrt. Dank Bose Immersive Audio erlebst du die Musik so, als ob du mittendrin w\u00e4rst. So h\u00f6rst du die Musik detailliert und mit Tiefe. Du blendest dank des Noise Cancelling deine Umgebung akustisch aus. So konzentrierst du dich auf deine Arbeit und nicht auf das Gewusel in einem vollen Zug. Du stellst das Noise Cancelling selbst in der Bose Music App ein. Es gibt verschiedene Modi, wie zum Beispiel den Quiet Modus. Dieser Modus unterdr\u00fcckt Umgebungsger\u00e4usche komplett. Die CustomTune Technologie erkennt die Form deines Geh\u00f6rgangs und passt die Musik daraufhin an. So h\u00f6rst du eine ausgeglichene Audiowiedergabe. Bose liefert Ohreins\u00e4tze in drei Gr\u00f6\u00dfen sowie Ohrflossen mit. So hast du immer ein paar Ohreins\u00e4tze und Ohrflossen, die zu deinen Ohren passen.  Bose Immersive Audio Bose Immersive Audio bietet r\u00e4umlichen Sound aus jeder Quelle oder aus jedem Streamingdienst. Diese Technologie sorgt daf\u00fcr, dass deine Musik klingt, als w\u00e4rst du live mit dabei. So h\u00f6rst du zum Beispiel das Schlagzeug vor dir und die Gitarre links hinter dir, wenn die Band das so beabsichtigt hatte.<\/p>\n","protected":false},"featured_media":0,"comment_status":"closed","ping_status":"open","template":"","meta":{"_acf_changed":false},"brand":[3092],"product_brand":[],"product_cat":[563],"product_tag":[1210],"class_list":{"0":"post-87721","1":"product","2":"type-product","3":"status-publish","5":"brand-bose","6":"product_cat-in-ear-kopfhrer","7":"product_tag-non-apple-oordopjes","8":"pa_condition-new","9":"pa_coolblue-de-verzending-morgen-gratis-geliefert","10":"pa_ean-23290","11":"pa_mpn-882826-0070","13":"first","14":"instock","15":"product-type-external"},"acf":[],"_links":{"self":[{"href":"https:\/\/onlinehardwareshop.de\/index.php\/wp-json\/wp\/v2\/product\/87721","targetHints":{"allow":["GET"]}}],"collection":[{"href":"https:\/\/onlinehardwareshop.de\/index.php\/wp-json\/wp\/v2\/product"}],"about":[{"href":"https:\/\/onlinehardwareshop.de\/index.php\/wp-json\/wp\/v2\/types\/product"}],"replies":[{"embeddable":true,"href":"https:\/\/onlinehardwareshop.de\/index.php\/wp-json\/wp\/v2\/comments?post=87721"}],"wp:attachment":[{"href":"https:\/\/onlinehardwareshop.de\/index.php\/wp-json\/wp\/v2\/media?parent=87721"}],"wp:term":[{"taxonomy":"brand","embeddable":true,"href":"https:\/\/onlinehardwareshop.de\/index.php\/wp-json\/wp\/v2\/brand?post=87721"},{"taxonomy":"product_brand","embeddable":true,"href":"https:\/\/onlinehardwareshop.de\/index.php\/wp-json\/wp\/v2\/product_brand?post=87721"},{"taxonomy":"product_cat","embeddable":true,"href":"https:\/\/onlinehardwareshop.de\/index.php\/wp-json\/wp\/v2\/product_cat?post=87721"},{"taxonomy":"product_tag","embeddable":true,"href":"https:\/\/onlinehardwareshop.de\/index.php\/wp-json\/wp\/v2\/product_tag?post=87721"}],"curies":[{"name":"wp","href":"https:\/\/api.w.org\/{rel}","templated":true}]}}