{"id":87717,"date":"2025-01-31T03:15:40","date_gmt":"2025-01-31T03:15:40","guid":{"rendered":"https:\/\/onlinehardwareshop.de\/index.php\/produkt\/epson-workforce-wf-4820dtwf-1-satz-reservepatronen-xl\/"},"modified":"2025-05-14T13:43:29","modified_gmt":"2025-05-14T13:43:29","slug":"epson-workforce-wf-4820dtwf-1-satz-reservepatronen-xl","status":"publish","type":"product","link":"https:\/\/onlinehardwareshop.de\/index.php\/produkt\/epson-workforce-wf-4820dtwf-1-satz-reservepatronen-xl\/","title":{"rendered":"Epson WorkForce WF-4820DTWF + 1 Satz Reservepatronen XL"},"content":{"rendered":"<p>Mit diese Set aus Epson WorkForce WF-4820DWF + 1 Satz Reservepatronen XL druckst du vollkommen sorgenfrei. Zus\u00e4tzlich zu deinem Drucker erh\u00e4ltst du einen Satz XL Patronen, mit denen du 1.100 Farbseiten und 1.100 Schwarz-Wei\u00df-Seiten druckst. Der Epson WorkForce WF-4820DWF ist ein Multifunktions-Farbtintenstrahldrucker f\u00fcrs B\u00fcro. Schwarz-Wei\u00df-Dokumente druckt dieser Drucker mit einer Geschwindigkeit von 25 Seiten pro Minute. M\u00f6chtest du Papier sparen? Dann nutze den automatischen beidseitigen Druck. Hast du einen ganzen Stapel an Papier, den du scannen oder kopieren m\u00f6chtest? Dann lege bis zu 35 Papierb\u00f6gen in den automatischen Dokumenteneinzug ein und der Drucker erledigt den Rest ganz von allein. Du druckst au\u00dferdem \u00fcber die Epson App oder beispielsweise Apple AirPrint von deinem Smartphone oder Tablet aus.   Dieser Drucker eignet sich f\u00fcr Epson ReadyPrint. Epson ReadyPrint ist ein monatlich k\u00fcndbares Tintenabo. Der Drucker bestellt automatisch neue Patronen bei Epson, sobald deine aktuellen fast leer sind. So stehst du nie pl\u00f6tzlich ohne Tinte da. M\u00f6chtest du mehr \u00fcber Epson ReadyPrint erfahren? Dann sieh dir unseren Beratungsartikel an.<\/p>\n","protected":false},"excerpt":{"rendered":"<p>Mit diese Set aus Epson WorkForce WF-4820DWF + 1 Satz Reservepatronen XL druckst du vollkommen sorgenfrei. Zus\u00e4tzlich zu deinem Drucker erh\u00e4ltst du einen Satz XL Patronen, mit denen du 1.100 Farbseiten und 1.100 Schwarz-Wei\u00df-Seiten druckst. Der Epson WorkForce WF-4820DWF ist ein Multifunktions-Farbtintenstrahldrucker f\u00fcrs B\u00fcro. Schwarz-Wei\u00df-Dokumente druckt dieser Drucker mit einer Geschwindigkeit von 25 Seiten pro Minute. M\u00f6chtest du Papier sparen? Dann nutze den automatischen beidseitigen Druck. Hast du einen ganzen Stapel an Papier, den du scannen oder kopieren m\u00f6chtest? Dann lege bis zu 35 Papierb\u00f6gen in den automatischen Dokumenteneinzug ein und der Drucker erledigt den Rest ganz von allein. Du druckst au\u00dferdem \u00fcber die Epson App oder beispielsweise Apple AirPrint von deinem Smartphone oder Tablet aus.   Dieser Drucker eignet sich f\u00fcr Epson ReadyPrint. Epson ReadyPrint ist ein monatlich k\u00fcndbares Tintenabo. Der Drucker bestellt automatisch neue Patronen bei Epson, sobald deine aktuellen fast leer sind. So stehst du nie pl\u00f6tzlich ohne Tinte da. M\u00f6chtest du mehr \u00fcber Epson ReadyPrint erfahren? Dann sieh dir unseren Beratungsartikel an.<\/p>\n","protected":false},"featured_media":0,"comment_status":"closed","ping_status":"open","template":"","meta":{"_acf_changed":false},"brand":[267],"product_brand":[],"product_cat":[2205],"product_tag":[2206],"class_list":{"0":"post-87717","1":"product","2":"type-product","3":"status-publish","5":"brand-epson","6":"product_cat-drucker","7":"product_tag-inkjetprinters","8":"pa_condition-new","9":"pa_coolblue-de-verzending-morgen-gratis-geliefert","10":"pa_ean-22559","12":"first","13":"instock","14":"product-type-external"},"acf":[],"_links":{"self":[{"href":"https:\/\/onlinehardwareshop.de\/index.php\/wp-json\/wp\/v2\/product\/87717","targetHints":{"allow":["GET"]}}],"collection":[{"href":"https:\/\/onlinehardwareshop.de\/index.php\/wp-json\/wp\/v2\/product"}],"about":[{"href":"https:\/\/onlinehardwareshop.de\/index.php\/wp-json\/wp\/v2\/types\/product"}],"replies":[{"embeddable":true,"href":"https:\/\/onlinehardwareshop.de\/index.php\/wp-json\/wp\/v2\/comments?post=87717"}],"wp:attachment":[{"href":"https:\/\/onlinehardwareshop.de\/index.php\/wp-json\/wp\/v2\/media?parent=87717"}],"wp:term":[{"taxonomy":"brand","embeddable":true,"href":"https:\/\/onlinehardwareshop.de\/index.php\/wp-json\/wp\/v2\/brand?post=87717"},{"taxonomy":"product_brand","embeddable":true,"href":"https:\/\/onlinehardwareshop.de\/index.php\/wp-json\/wp\/v2\/product_brand?post=87717"},{"taxonomy":"product_cat","embeddable":true,"href":"https:\/\/onlinehardwareshop.de\/index.php\/wp-json\/wp\/v2\/product_cat?post=87717"},{"taxonomy":"product_tag","embeddable":true,"href":"https:\/\/onlinehardwareshop.de\/index.php\/wp-json\/wp\/v2\/product_tag?post=87717"}],"curies":[{"name":"wp","href":"https:\/\/api.w.org\/{rel}","templated":true}]}}