{"id":87702,"date":"2024-03-26T17:13:37","date_gmt":"2024-03-26T17:13:37","guid":{"rendered":"https:\/\/onlinehardwareshop.de\/index.php\/produkt\/hp-color-laserjet-3302sdwg\/"},"modified":"2025-05-14T12:44:04","modified_gmt":"2025-05-14T12:44:04","slug":"hp-color-laserjet-3302sdwg","status":"publish","type":"product","link":"https:\/\/onlinehardwareshop.de\/index.php\/produkt\/hp-color-laserjet-3302sdwg\/","title":{"rendered":"HP Color LaserJet 3302sdwg"},"content":{"rendered":"<p>Drucke, scanne und kopiere mit dem HP Color LaserJet 3302sdwg Multifunktionslaserdrucker f\u00fcr die gesch\u00e4ftliche Nutzung in Farbe. Dank der Druckgeschwindigkeit von 25 Seiten pro Minute musst du nicht lange auf mehrseitige Dokumente warten. M\u00f6chtest du einen Stapel Papier in einem Vorgang kopieren? Dann lege bis zu 50 Papierb\u00f6gen auf einmal in den automatischen Dokumenteneinzug und lasse den Drucker den Rest erledigen. So kopierst du im Handumdrehen ein Handout f\u00fcr die Besprechung. Der Drucker druckt automatisch beidseitig, wodurch du Papier sparst. Sende Druckauftr\u00e4ge wahlweise kabelgebunden per USB-Kabel oder kabellos \u00fcber Apple AirPrint oder Wi-Fi Direct. So druckst du bequem vom Schreibtisch aus.   Drucker mit dynamischer Sicherheit  Bestimmte HP Drucker sind daf\u00fcr ausgelegt, nur mit Patronen zu funktionieren, die neue oder wiederverwendete HP Chips oder elektronische HP Schaltkreise aufweisen. Diese Drucker nutzen dynamische Sicherheitsfunktionen, um Patronen zu blockieren, die mit einem Chip oder einer elektronischen Schaltung ausgestattet sind, die nicht von HP stammen. Die Wirksamkeit dieser Funktionen wird durch regelm\u00e4\u00dfige Firmware-Updates garantiert, sodass auch Patronen blockiert werden, die fr\u00fcher durchaus funktioniert haben. Wiederverwendete HP Chips und elektronische HP Schaltungen erm\u00f6glichen die Nutzung wiederverwendeter, recycelter und neu bef\u00fcllter Patronen.<\/p>\n","protected":false},"excerpt":{"rendered":"<p>Drucke, scanne und kopiere mit dem HP Color LaserJet 3302sdwg Multifunktionslaserdrucker f\u00fcr die gesch\u00e4ftliche Nutzung in Farbe. Dank der Druckgeschwindigkeit von 25 Seiten pro Minute musst du nicht lange auf mehrseitige Dokumente warten. M\u00f6chtest du einen Stapel Papier in einem Vorgang kopieren? Dann lege bis zu 50 Papierb\u00f6gen auf einmal in den automatischen Dokumenteneinzug und lasse den Drucker den Rest erledigen. So kopierst du im Handumdrehen ein Handout f\u00fcr die Besprechung. Der Drucker druckt automatisch beidseitig, wodurch du Papier sparst. Sende Druckauftr\u00e4ge wahlweise kabelgebunden per USB-Kabel oder kabellos \u00fcber Apple AirPrint oder Wi-Fi Direct. So druckst du bequem vom Schreibtisch aus.   Drucker mit dynamischer Sicherheit  Bestimmte HP Drucker sind daf\u00fcr ausgelegt, nur mit Patronen zu funktionieren, die neue oder wiederverwendete HP Chips oder elektronische HP Schaltkreise aufweisen. Diese Drucker nutzen dynamische Sicherheitsfunktionen, um Patronen zu blockieren, die mit einem Chip oder einer elektronischen Schaltung ausgestattet sind, die nicht von HP stammen. Die Wirksamkeit dieser Funktionen wird durch regelm\u00e4\u00dfige Firmware-Updates garantiert, sodass auch Patronen blockiert werden, die fr\u00fcher durchaus funktioniert haben. Wiederverwendete HP Chips und elektronische HP Schaltungen erm\u00f6glichen die Nutzung wiederverwendeter, recycelter und neu bef\u00fcllter Patronen.<\/p>\n","protected":false},"featured_media":0,"comment_status":"closed","ping_status":"open","template":"","meta":{"_acf_changed":false},"brand":[90],"product_brand":[],"product_cat":[2205],"product_tag":[4823],"class_list":{"0":"post-87702","1":"product","2":"type-product","3":"status-publish","5":"brand-hp","6":"product_cat-drucker","7":"product_tag-laserprinters","8":"pa_condition-new","9":"pa_coolblue-de-verzending-morgen-gratis-geliefert","10":"pa_ean-34620","11":"pa_mpn-759v0f","13":"first","14":"instock","15":"product-type-external"},"acf":[],"_links":{"self":[{"href":"https:\/\/onlinehardwareshop.de\/index.php\/wp-json\/wp\/v2\/product\/87702","targetHints":{"allow":["GET"]}}],"collection":[{"href":"https:\/\/onlinehardwareshop.de\/index.php\/wp-json\/wp\/v2\/product"}],"about":[{"href":"https:\/\/onlinehardwareshop.de\/index.php\/wp-json\/wp\/v2\/types\/product"}],"replies":[{"embeddable":true,"href":"https:\/\/onlinehardwareshop.de\/index.php\/wp-json\/wp\/v2\/comments?post=87702"}],"wp:attachment":[{"href":"https:\/\/onlinehardwareshop.de\/index.php\/wp-json\/wp\/v2\/media?parent=87702"}],"wp:term":[{"taxonomy":"brand","embeddable":true,"href":"https:\/\/onlinehardwareshop.de\/index.php\/wp-json\/wp\/v2\/brand?post=87702"},{"taxonomy":"product_brand","embeddable":true,"href":"https:\/\/onlinehardwareshop.de\/index.php\/wp-json\/wp\/v2\/product_brand?post=87702"},{"taxonomy":"product_cat","embeddable":true,"href":"https:\/\/onlinehardwareshop.de\/index.php\/wp-json\/wp\/v2\/product_cat?post=87702"},{"taxonomy":"product_tag","embeddable":true,"href":"https:\/\/onlinehardwareshop.de\/index.php\/wp-json\/wp\/v2\/product_tag?post=87702"}],"curies":[{"name":"wp","href":"https:\/\/api.w.org\/{rel}","templated":true}]}}