{"id":87699,"date":"2024-06-02T15:20:38","date_gmt":"2024-06-02T15:20:38","guid":{"rendered":"https:\/\/onlinehardwareshop.de\/index.php\/produkt\/garmin-fenix-8-schwarz-51mm\/"},"modified":"2025-05-14T12:29:46","modified_gmt":"2025-05-14T12:29:46","slug":"garmin-fenix-8-schwarz-51mm","status":"publish","type":"product","link":"https:\/\/onlinehardwareshop.de\/index.php\/produkt\/garmin-fenix-8-schwarz-51mm\/","title":{"rendered":"Garmin Fenix 8 Schwarz 51&#xA0;mm"},"content":{"rendered":"<p>Mit der Garmin Fenix 8 Schwarz 51\u00a0mm treibst du intensiv Sport und verbesserst deine Ergebnisse. Diese XL Smartwatch ist gro\u00df, dick und schwer. Stelle sicher, dass dir das an deinem Handgelenk gef\u00e4llt. Die Smartwatch erfasst deine sportlichen Leistungen, deine Gesundheit und deinen Schlaf. Au\u00dferdem erh\u00e4ltst du individuelle Kraftsport-Empfehlungen, die zu deiner Sportart passen. Damit verbesserst du sehr gezielt deine Leistungen. Von dem hellen und farbenfrohen AMOLED-Display liest du alle deine Daten bequem ab. Bei einer durchschnittlichen Nutzung h\u00e4lt der Akku bis zu 29 Tage lang, daher brauchst du die Uhr nicht so h\u00e4ufig aufzuladen. Dank des robusten Edelstahlgeh\u00e4uses ist die Fenix 8 auch f\u00fcr raue Bedingungen geeignet. Da diese Smartwatch bis 100\u00a0m wasserdicht ist, beh\u00e4ltst du sie auch bedenkenlos bei Wassersportarten an.  Diese Uhr wird f\u00fcr einen Handgelenkumfang von 19 bis 22\u00a0cm empfohlen.<\/p>\n","protected":false},"excerpt":{"rendered":"<p>Mit der Garmin Fenix 8 Schwarz 51\u00a0mm treibst du intensiv Sport und verbesserst deine Ergebnisse. Diese XL Smartwatch ist gro\u00df, dick und schwer. Stelle sicher, dass dir das an deinem Handgelenk gef\u00e4llt. Die Smartwatch erfasst deine sportlichen Leistungen, deine Gesundheit und deinen Schlaf. Au\u00dferdem erh\u00e4ltst du individuelle Kraftsport-Empfehlungen, die zu deiner Sportart passen. Damit verbesserst du sehr gezielt deine Leistungen. Von dem hellen und farbenfrohen AMOLED-Display liest du alle deine Daten bequem ab. Bei einer durchschnittlichen Nutzung h\u00e4lt der Akku bis zu 29 Tage lang, daher brauchst du die Uhr nicht so h\u00e4ufig aufzuladen. Dank des robusten Edelstahlgeh\u00e4uses ist die Fenix 8 auch f\u00fcr raue Bedingungen geeignet. Da diese Smartwatch bis 100\u00a0m wasserdicht ist, beh\u00e4ltst du sie auch bedenkenlos bei Wassersportarten an.  Diese Uhr wird f\u00fcr einen Handgelenkumfang von 19 bis 22\u00a0cm empfohlen.<\/p>\n","protected":false},"featured_media":0,"comment_status":"closed","ping_status":"open","template":"","meta":{"_acf_changed":false},"brand":[3804],"product_brand":[],"product_cat":[6848],"product_tag":[6849],"class_list":{"0":"post-87699","1":"product","2":"type-product","3":"status-publish","5":"brand-garmin","6":"product_cat-smartwatches","7":"product_tag-slimme-horloges","8":"pa_condition-new","9":"pa_coolblue-de-verzending-morgen-gratis-geliefert","10":"pa_ean-20709","11":"pa_mpn-010-02905-00","13":"first","14":"instock","15":"product-type-external"},"acf":[],"_links":{"self":[{"href":"https:\/\/onlinehardwareshop.de\/index.php\/wp-json\/wp\/v2\/product\/87699","targetHints":{"allow":["GET"]}}],"collection":[{"href":"https:\/\/onlinehardwareshop.de\/index.php\/wp-json\/wp\/v2\/product"}],"about":[{"href":"https:\/\/onlinehardwareshop.de\/index.php\/wp-json\/wp\/v2\/types\/product"}],"replies":[{"embeddable":true,"href":"https:\/\/onlinehardwareshop.de\/index.php\/wp-json\/wp\/v2\/comments?post=87699"}],"wp:attachment":[{"href":"https:\/\/onlinehardwareshop.de\/index.php\/wp-json\/wp\/v2\/media?parent=87699"}],"wp:term":[{"taxonomy":"brand","embeddable":true,"href":"https:\/\/onlinehardwareshop.de\/index.php\/wp-json\/wp\/v2\/brand?post=87699"},{"taxonomy":"product_brand","embeddable":true,"href":"https:\/\/onlinehardwareshop.de\/index.php\/wp-json\/wp\/v2\/product_brand?post=87699"},{"taxonomy":"product_cat","embeddable":true,"href":"https:\/\/onlinehardwareshop.de\/index.php\/wp-json\/wp\/v2\/product_cat?post=87699"},{"taxonomy":"product_tag","embeddable":true,"href":"https:\/\/onlinehardwareshop.de\/index.php\/wp-json\/wp\/v2\/product_tag?post=87699"}],"curies":[{"name":"wp","href":"https:\/\/api.w.org\/{rel}","templated":true}]}}