{"id":87698,"date":"2024-09-23T23:56:33","date_gmt":"2024-09-23T23:56:33","guid":{"rendered":"https:\/\/onlinehardwareshop.de\/index.php\/produkt\/garmin-fenix-8-silber-wei-43mm\/"},"modified":"2025-05-14T12:29:41","modified_gmt":"2025-05-14T12:29:41","slug":"garmin-fenix-8-silber-wei-43mm","status":"publish","type":"product","link":"https:\/\/onlinehardwareshop.de\/index.php\/produkt\/garmin-fenix-8-silber-wei-43mm\/","title":{"rendered":"Garmin Fenix 8 Silber\/Wei&#xDF; 43&#xA0;mm"},"content":{"rendered":"<p>Mit der Garmin Fenix 8 Silber\/Wei\u00df 43\u00a0mm treibst du intensiv Sport und verbesserst deine Ergebnisse. Die Smartwatch erfasst deine sportlichen Leistungen, deine Gesundheit und deinen Schlaf. Au\u00dferdem erh\u00e4ltst du individuelle Kraftsport-Empfehlungen, die zu deiner Sportart passen. Damit verbesserst du sehr gezielt deine Leistungen. Von dem hellen und farbenfrohen AMOLED-Display liest du alle deine Daten bequem ab. Bei einer durchschnittlichen Nutzung h\u00e4lt der Akku bis zu 10 Tage lang, daher brauchst du die Uhr nicht so h\u00e4ufig aufzuladen. Das Uhrengeh\u00e4use dieser Smartwatch ist relativ dick, weshalb es etwas \u00fcber dein Handgelenk herausragt. Dank des robusten Edelstahlgeh\u00e4uses ist die Fenix 8 auch f\u00fcr raue Bedingungen geeignet. Da diese Smartwatch bis 100\u00a0m wasserdicht ist, beh\u00e4ltst du sie auch bedenkenlos bei Wassersportarten an.   Hinweis: Es ist kein Ladeger\u00e4t im Lieferumfang enthalten. M\u00f6chtest du die Uhr an der Steckdose aufladen? Dann verwende das Ladeger\u00e4t deines Smartphones oder bestelle separat ein Ladeger\u00e4t dazu.   Diese Uhr wird f\u00fcr einen Handgelenkumfang von 15 bis 17\u00a0cm empfohlen.<\/p>\n","protected":false},"excerpt":{"rendered":"<p>Mit der Garmin Fenix 8 Silber\/Wei\u00df 43\u00a0mm treibst du intensiv Sport und verbesserst deine Ergebnisse. Die Smartwatch erfasst deine sportlichen Leistungen, deine Gesundheit und deinen Schlaf. Au\u00dferdem erh\u00e4ltst du individuelle Kraftsport-Empfehlungen, die zu deiner Sportart passen. Damit verbesserst du sehr gezielt deine Leistungen. Von dem hellen und farbenfrohen AMOLED-Display liest du alle deine Daten bequem ab. Bei einer durchschnittlichen Nutzung h\u00e4lt der Akku bis zu 10 Tage lang, daher brauchst du die Uhr nicht so h\u00e4ufig aufzuladen. Das Uhrengeh\u00e4use dieser Smartwatch ist relativ dick, weshalb es etwas \u00fcber dein Handgelenk herausragt. Dank des robusten Edelstahlgeh\u00e4uses ist die Fenix 8 auch f\u00fcr raue Bedingungen geeignet. Da diese Smartwatch bis 100\u00a0m wasserdicht ist, beh\u00e4ltst du sie auch bedenkenlos bei Wassersportarten an.   Hinweis: Es ist kein Ladeger\u00e4t im Lieferumfang enthalten. M\u00f6chtest du die Uhr an der Steckdose aufladen? Dann verwende das Ladeger\u00e4t deines Smartphones oder bestelle separat ein Ladeger\u00e4t dazu.   Diese Uhr wird f\u00fcr einen Handgelenkumfang von 15 bis 17\u00a0cm empfohlen.<\/p>\n","protected":false},"featured_media":0,"comment_status":"closed","ping_status":"open","template":"","meta":{"_acf_changed":false},"brand":[3804],"product_brand":[],"product_cat":[6848],"product_tag":[6849],"class_list":{"0":"post-87698","1":"product","2":"type-product","3":"status-publish","5":"brand-garmin","6":"product_cat-smartwatches","7":"product_tag-slimme-horloges","8":"pa_condition-new","9":"pa_coolblue-de-verzending-morgen-gratis-geliefert","10":"pa_ean-20707","11":"pa_mpn-010-02903-00","13":"first","14":"instock","15":"product-type-external"},"acf":[],"_links":{"self":[{"href":"https:\/\/onlinehardwareshop.de\/index.php\/wp-json\/wp\/v2\/product\/87698","targetHints":{"allow":["GET"]}}],"collection":[{"href":"https:\/\/onlinehardwareshop.de\/index.php\/wp-json\/wp\/v2\/product"}],"about":[{"href":"https:\/\/onlinehardwareshop.de\/index.php\/wp-json\/wp\/v2\/types\/product"}],"replies":[{"embeddable":true,"href":"https:\/\/onlinehardwareshop.de\/index.php\/wp-json\/wp\/v2\/comments?post=87698"}],"wp:attachment":[{"href":"https:\/\/onlinehardwareshop.de\/index.php\/wp-json\/wp\/v2\/media?parent=87698"}],"wp:term":[{"taxonomy":"brand","embeddable":true,"href":"https:\/\/onlinehardwareshop.de\/index.php\/wp-json\/wp\/v2\/brand?post=87698"},{"taxonomy":"product_brand","embeddable":true,"href":"https:\/\/onlinehardwareshop.de\/index.php\/wp-json\/wp\/v2\/product_brand?post=87698"},{"taxonomy":"product_cat","embeddable":true,"href":"https:\/\/onlinehardwareshop.de\/index.php\/wp-json\/wp\/v2\/product_cat?post=87698"},{"taxonomy":"product_tag","embeddable":true,"href":"https:\/\/onlinehardwareshop.de\/index.php\/wp-json\/wp\/v2\/product_tag?post=87698"}],"curies":[{"name":"wp","href":"https:\/\/api.w.org\/{rel}","templated":true}]}}