{"id":87694,"date":"2025-03-30T06:54:53","date_gmt":"2025-03-30T06:54:53","guid":{"rendered":"https:\/\/onlinehardwareshop.de\/index.php\/produkt\/hp-laserjet-mfp-m234dw-1-schwarzer-toner\/"},"modified":"2025-05-14T12:23:52","modified_gmt":"2025-05-14T12:23:52","slug":"hp-laserjet-mfp-m234dw-1-schwarzer-toner","status":"publish","type":"product","link":"https:\/\/onlinehardwareshop.de\/index.php\/produkt\/hp-laserjet-mfp-m234dw-1-schwarzer-toner\/","title":{"rendered":"HP LaserJet MFP M234dw + 1 schwarzer Toner"},"content":{"rendered":"<p>Mit dem Set HP LaserJet MFP M234dw + 1 zus\u00e4tzlicher schwarzer Toner hast du genug Tinte f\u00fcr deine Textdokumente auf Lager. Drucke in deinem Homeoffice oder kleinen B\u00fcro schnell deine Dokumente mit dem HP LaserJet MFP M234dw Multifunktions-Laserdrucker. Dank einer Druckgeschwindigkeit von 29 Seiten pro Minute druckst du ein Schwarz-Wei\u00df-Dokument schnell aus. So liegt ein Gesch\u00e4ftsbericht im Handumdrehen im Ausgabefach bereit. Drucke bequem aus der Ferne \u00fcber Wi-Fi Direct, das eigene WLAN des Druckers. M\u00f6chtest du obendrein Papier sparen? Dann lasse automatisch beidseitig drucken.    Drucker mit dynamischer Sicherheit  Bestimmte HP-Drucker sind daf\u00fcr ausgelegt, nur mit Patronen zu funktionieren, die neue oder wiederverwendete HP-Chips oder elektronische HP-Schaltkreise aufweisen. Diese Drucker nutzen dynamische Sicherheitsfunktionen, um Patronen zu blockieren, die mit einem Chip oder einer elektronischen Schaltung ausgestattet sind, die nicht von HP stammen. Die Wirksamkeit dieser Funktionen wird durch regelm\u00e4\u00dfige Firmware-Updates garantiert, sodass auch Patronen blockiert werden, die fr\u00fcher durchaus funktioniert haben. Wiederverwendete HP-Chips und elektronische HP-Schaltungen erm\u00f6glichen die Nutzung wiederverwendeter, recycelter und neu bef\u00fcllter Patronen.<\/p>\n","protected":false},"excerpt":{"rendered":"<p>Mit dem Set HP LaserJet MFP M234dw + 1 zus\u00e4tzlicher schwarzer Toner hast du genug Tinte f\u00fcr deine Textdokumente auf Lager. Drucke in deinem Homeoffice oder kleinen B\u00fcro schnell deine Dokumente mit dem HP LaserJet MFP M234dw Multifunktions-Laserdrucker. Dank einer Druckgeschwindigkeit von 29 Seiten pro Minute druckst du ein Schwarz-Wei\u00df-Dokument schnell aus. So liegt ein Gesch\u00e4ftsbericht im Handumdrehen im Ausgabefach bereit. Drucke bequem aus der Ferne \u00fcber Wi-Fi Direct, das eigene WLAN des Druckers. M\u00f6chtest du obendrein Papier sparen? Dann lasse automatisch beidseitig drucken.    Drucker mit dynamischer Sicherheit  Bestimmte HP-Drucker sind daf\u00fcr ausgelegt, nur mit Patronen zu funktionieren, die neue oder wiederverwendete HP-Chips oder elektronische HP-Schaltkreise aufweisen. Diese Drucker nutzen dynamische Sicherheitsfunktionen, um Patronen zu blockieren, die mit einem Chip oder einer elektronischen Schaltung ausgestattet sind, die nicht von HP stammen. Die Wirksamkeit dieser Funktionen wird durch regelm\u00e4\u00dfige Firmware-Updates garantiert, sodass auch Patronen blockiert werden, die fr\u00fcher durchaus funktioniert haben. Wiederverwendete HP-Chips und elektronische HP-Schaltungen erm\u00f6glichen die Nutzung wiederverwendeter, recycelter und neu bef\u00fcllter Patronen.<\/p>\n","protected":false},"featured_media":0,"comment_status":"closed","ping_status":"open","template":"","meta":{"_acf_changed":false},"brand":[90],"product_brand":[],"product_cat":[2205],"product_tag":[4823],"class_list":{"0":"post-87694","1":"product","2":"type-product","3":"status-publish","5":"brand-hp","6":"product_cat-drucker","7":"product_tag-laserprinters","8":"pa_condition-new","9":"pa_coolblue-de-verzending-morgen-gratis-geliefert","10":"pa_ean-20573","12":"first","13":"instock","14":"product-type-external"},"acf":[],"_links":{"self":[{"href":"https:\/\/onlinehardwareshop.de\/index.php\/wp-json\/wp\/v2\/product\/87694","targetHints":{"allow":["GET"]}}],"collection":[{"href":"https:\/\/onlinehardwareshop.de\/index.php\/wp-json\/wp\/v2\/product"}],"about":[{"href":"https:\/\/onlinehardwareshop.de\/index.php\/wp-json\/wp\/v2\/types\/product"}],"replies":[{"embeddable":true,"href":"https:\/\/onlinehardwareshop.de\/index.php\/wp-json\/wp\/v2\/comments?post=87694"}],"wp:attachment":[{"href":"https:\/\/onlinehardwareshop.de\/index.php\/wp-json\/wp\/v2\/media?parent=87694"}],"wp:term":[{"taxonomy":"brand","embeddable":true,"href":"https:\/\/onlinehardwareshop.de\/index.php\/wp-json\/wp\/v2\/brand?post=87694"},{"taxonomy":"product_brand","embeddable":true,"href":"https:\/\/onlinehardwareshop.de\/index.php\/wp-json\/wp\/v2\/product_brand?post=87694"},{"taxonomy":"product_cat","embeddable":true,"href":"https:\/\/onlinehardwareshop.de\/index.php\/wp-json\/wp\/v2\/product_cat?post=87694"},{"taxonomy":"product_tag","embeddable":true,"href":"https:\/\/onlinehardwareshop.de\/index.php\/wp-json\/wp\/v2\/product_tag?post=87694"}],"curies":[{"name":"wp","href":"https:\/\/api.w.org\/{rel}","templated":true}]}}