{"id":87663,"date":"2025-03-29T18:15:33","date_gmt":"2025-03-29T18:15:33","guid":{"rendered":"https:\/\/onlinehardwareshop.de\/index.php\/produkt\/ninja-blast-bc151eubk-schwarz\/"},"modified":"2025-05-14T10:26:01","modified_gmt":"2025-05-14T10:26:01","slug":"ninja-blast-bc151eubk-schwarz","status":"publish","type":"product","link":"https:\/\/onlinehardwareshop.de\/index.php\/produkt\/ninja-blast-bc151eubk-schwarz\/","title":{"rendered":"Ninja Blast BC151EUBK Schwarz"},"content":{"rendered":"<p>Mit dem kompakten Ninja Blast BC151EUBK Schwarz Standmixer bereitest du dir dank der kabellosen Konstruktion an jedem Ort deine Lieblings-Smoothies zu. Das ist angenehm, denn dadurch mixt du dir einen gesunden Saft im Fitnessstudio und zudem ist der Standmixer platzsparend. Zuerst f\u00fcllst du den Becher mit deinen Lieblingszutaten. Dann dr\u00fcckst du auf die Starttaste und nach 30 Sekunden ist der Saft fertig. Dank des mitgelieferten To-go-Deckels kannst direkt aus dem Becher trinken. Das ist praktisch, denn dadurch brauchst du kein zus\u00e4tzliches Glas oder noch einen Becher zu benutzen. Mit einer kompletten Akkuladung lassen sich rund zehn S\u00e4fte mixen. Nach dem Gebrauch kannst du den Mixbeh\u00e4lter zur Reinigung in die Sp\u00fclmaschine stellen. Die Klingeneinheit musst du per Hand abwaschen.<\/p>\n","protected":false},"excerpt":{"rendered":"<p>Mit dem kompakten Ninja Blast BC151EUBK Schwarz Standmixer bereitest du dir dank der kabellosen Konstruktion an jedem Ort deine Lieblings-Smoothies zu. Das ist angenehm, denn dadurch mixt du dir einen gesunden Saft im Fitnessstudio und zudem ist der Standmixer platzsparend. Zuerst f\u00fcllst du den Becher mit deinen Lieblingszutaten. Dann dr\u00fcckst du auf die Starttaste und nach 30 Sekunden ist der Saft fertig. Dank des mitgelieferten To-go-Deckels kannst direkt aus dem Becher trinken. Das ist praktisch, denn dadurch brauchst du kein zus\u00e4tzliches Glas oder noch einen Becher zu benutzen. Mit einer kompletten Akkuladung lassen sich rund zehn S\u00e4fte mixen. Nach dem Gebrauch kannst du den Mixbeh\u00e4lter zur Reinigung in die Sp\u00fclmaschine stellen. Die Klingeneinheit musst du per Hand abwaschen.<\/p>\n","protected":false},"featured_media":0,"comment_status":"closed","ping_status":"open","template":"","meta":{"_acf_changed":false},"brand":[6837],"product_brand":[],"product_cat":[1606],"product_tag":[1607],"class_list":{"0":"post-87663","1":"product","2":"type-product","3":"status-publish","5":"brand-ninja","6":"product_cat-standmixer","7":"product_tag-blenders","8":"pa_condition-new","9":"pa_coolblue-de-verzending-morgen-gratis-geliefert","10":"pa_ean-17652","11":"pa_mpn-bc151eubk","13":"first","14":"instock","15":"product-type-external"},"acf":[],"_links":{"self":[{"href":"https:\/\/onlinehardwareshop.de\/index.php\/wp-json\/wp\/v2\/product\/87663","targetHints":{"allow":["GET"]}}],"collection":[{"href":"https:\/\/onlinehardwareshop.de\/index.php\/wp-json\/wp\/v2\/product"}],"about":[{"href":"https:\/\/onlinehardwareshop.de\/index.php\/wp-json\/wp\/v2\/types\/product"}],"replies":[{"embeddable":true,"href":"https:\/\/onlinehardwareshop.de\/index.php\/wp-json\/wp\/v2\/comments?post=87663"}],"wp:attachment":[{"href":"https:\/\/onlinehardwareshop.de\/index.php\/wp-json\/wp\/v2\/media?parent=87663"}],"wp:term":[{"taxonomy":"brand","embeddable":true,"href":"https:\/\/onlinehardwareshop.de\/index.php\/wp-json\/wp\/v2\/brand?post=87663"},{"taxonomy":"product_brand","embeddable":true,"href":"https:\/\/onlinehardwareshop.de\/index.php\/wp-json\/wp\/v2\/product_brand?post=87663"},{"taxonomy":"product_cat","embeddable":true,"href":"https:\/\/onlinehardwareshop.de\/index.php\/wp-json\/wp\/v2\/product_cat?post=87663"},{"taxonomy":"product_tag","embeddable":true,"href":"https:\/\/onlinehardwareshop.de\/index.php\/wp-json\/wp\/v2\/product_tag?post=87663"}],"curies":[{"name":"wp","href":"https:\/\/api.w.org\/{rel}","templated":true}]}}