{"id":87661,"date":"2024-04-19T12:17:55","date_gmt":"2024-04-19T12:17:55","guid":{"rendered":"https:\/\/onlinehardwareshop.de\/index.php\/produkt\/garmin-forerunner-165-grau-wei\/"},"modified":"2025-05-14T10:21:09","modified_gmt":"2025-05-14T10:21:09","slug":"garmin-forerunner-165-grau-wei","status":"publish","type":"product","link":"https:\/\/onlinehardwareshop.de\/index.php\/produkt\/garmin-forerunner-165-grau-wei\/","title":{"rendered":"Garmin Forerunner 165 Grau\/Wei&#xDF;"},"content":{"rendered":"<p>Die Garmin Forerunner 165 Grau\/Wei\u00df ist eine echte Sportuhr. Diese Smartwatch passt zu dir, wenn du mit dem Lauftraining beginnen m\u00f6chtest oder schon fortgeschritten bist. Mit der Forerunner 165 bekommst du Tipps und lernst, wie du deinen Laufstil und deine Leistung verbesserst. Du erstellst einen Trainingsplan mit Garmin Coach, verfolgst deine Fortschritte und siehst, wie gut du dich nach dem Training erholst. Deine Daten liest du ganz einfach auf dem hellen 43\u00a0mm gro\u00dfen AMOLED-Display ab. Mit dieser Smartwatch von Garmin misst du nat\u00fcrlich auch andere Sportaktivit\u00e4ten, wie beispielsweise Fahrradfahren oder Schwimmen. Zus\u00e4tzlich misst du \u00fcber den Schlafcoach deine Schlafphasen, dein Stresslevel, deinen Kalorienverbrauch und deine t\u00e4gliche Bewegung. Da der Akku bis zu 11 Tage lang h\u00e4lt, brauchst du diese Smartwatch nicht oft zu laden.  Diese Uhr wird f\u00fcr einen Handgelenkumfang von 15 bis 17\u00a0cm empfohlen.<\/p>\n","protected":false},"excerpt":{"rendered":"<p>Die Garmin Forerunner 165 Grau\/Wei\u00df ist eine echte Sportuhr. Diese Smartwatch passt zu dir, wenn du mit dem Lauftraining beginnen m\u00f6chtest oder schon fortgeschritten bist. Mit der Forerunner 165 bekommst du Tipps und lernst, wie du deinen Laufstil und deine Leistung verbesserst. Du erstellst einen Trainingsplan mit Garmin Coach, verfolgst deine Fortschritte und siehst, wie gut du dich nach dem Training erholst. Deine Daten liest du ganz einfach auf dem hellen 43\u00a0mm gro\u00dfen AMOLED-Display ab. Mit dieser Smartwatch von Garmin misst du nat\u00fcrlich auch andere Sportaktivit\u00e4ten, wie beispielsweise Fahrradfahren oder Schwimmen. Zus\u00e4tzlich misst du \u00fcber den Schlafcoach deine Schlafphasen, dein Stresslevel, deinen Kalorienverbrauch und deine t\u00e4gliche Bewegung. Da der Akku bis zu 11 Tage lang h\u00e4lt, brauchst du diese Smartwatch nicht oft zu laden.  Diese Uhr wird f\u00fcr einen Handgelenkumfang von 15 bis 17\u00a0cm empfohlen.<\/p>\n","protected":false},"featured_media":0,"comment_status":"closed","ping_status":"open","template":"","meta":{"_acf_changed":false},"brand":[3804],"product_brand":[],"product_cat":[6848],"product_tag":[6849],"class_list":{"0":"post-87661","1":"product","2":"type-product","3":"status-publish","5":"brand-garmin","6":"product_cat-smartwatches","7":"product_tag-slimme-horloges","8":"pa_condition-new","9":"pa_coolblue-de-verzending-morgen-gratis-geliefert","10":"pa_ean-17554","11":"pa_mpn-010-02863-21","13":"first","14":"instock","15":"product-type-external"},"acf":[],"_links":{"self":[{"href":"https:\/\/onlinehardwareshop.de\/index.php\/wp-json\/wp\/v2\/product\/87661","targetHints":{"allow":["GET"]}}],"collection":[{"href":"https:\/\/onlinehardwareshop.de\/index.php\/wp-json\/wp\/v2\/product"}],"about":[{"href":"https:\/\/onlinehardwareshop.de\/index.php\/wp-json\/wp\/v2\/types\/product"}],"replies":[{"embeddable":true,"href":"https:\/\/onlinehardwareshop.de\/index.php\/wp-json\/wp\/v2\/comments?post=87661"}],"wp:attachment":[{"href":"https:\/\/onlinehardwareshop.de\/index.php\/wp-json\/wp\/v2\/media?parent=87661"}],"wp:term":[{"taxonomy":"brand","embeddable":true,"href":"https:\/\/onlinehardwareshop.de\/index.php\/wp-json\/wp\/v2\/brand?post=87661"},{"taxonomy":"product_brand","embeddable":true,"href":"https:\/\/onlinehardwareshop.de\/index.php\/wp-json\/wp\/v2\/product_brand?post=87661"},{"taxonomy":"product_cat","embeddable":true,"href":"https:\/\/onlinehardwareshop.de\/index.php\/wp-json\/wp\/v2\/product_cat?post=87661"},{"taxonomy":"product_tag","embeddable":true,"href":"https:\/\/onlinehardwareshop.de\/index.php\/wp-json\/wp\/v2\/product_tag?post=87661"}],"curies":[{"name":"wp","href":"https:\/\/api.w.org\/{rel}","templated":true}]}}