{"id":87650,"date":"2024-11-01T06:15:04","date_gmt":"2024-11-01T06:15:04","guid":{"rendered":"https:\/\/onlinehardwareshop.de\/index.php\/produkt\/tefal-optigrill-gc774d\/"},"modified":"2025-05-14T09:20:07","modified_gmt":"2025-05-14T09:20:07","slug":"tefal-optigrill-gc774d","status":"publish","type":"product","link":"https:\/\/onlinehardwareshop.de\/index.php\/produkt\/tefal-optigrill-gc774d\/","title":{"rendered":"Tefal OptiGrill GC774D"},"content":{"rendered":"<p>Der Tefal OptiGrill GC774D ist ein multifunktionaler Grill. Der Grill l\u00e4sst sich wahlweise als Kontakt- oder als Tischgrill verwenden. Mit dem Backzubeh\u00f6r verwandelst du den Grill in einen Minibackofen. So bereitest du eine knusprige Pizza oder leckere Lasagne zu. Der integrierte Sensor misst die Dicke der Zutaten und passt die Grillzeit automatisch entsprechend an. Das ist angenehm, denn so erh\u00e4ltst du immer ein krosses Ergebnis. Am Hebel hast du die Wahl aus neun automatischen Backprogrammen. Es gibt Garprogramme f\u00fcr unter anderem Gefl\u00fcgel, Gem\u00fcse und Garnelen. Die Gartemperatur stellst du auch manuell am seitlichen Drehw\u00e4hler am Grill ein. Nach der Verwendung stellst du die Platten zur Reinigung in die Sp\u00fclmaschine.<\/p>\n","protected":false},"excerpt":{"rendered":"<p>Der Tefal OptiGrill GC774D ist ein multifunktionaler Grill. Der Grill l\u00e4sst sich wahlweise als Kontakt- oder als Tischgrill verwenden. Mit dem Backzubeh\u00f6r verwandelst du den Grill in einen Minibackofen. So bereitest du eine knusprige Pizza oder leckere Lasagne zu. Der integrierte Sensor misst die Dicke der Zutaten und passt die Grillzeit automatisch entsprechend an. Das ist angenehm, denn so erh\u00e4ltst du immer ein krosses Ergebnis. Am Hebel hast du die Wahl aus neun automatischen Backprogrammen. Es gibt Garprogramme f\u00fcr unter anderem Gefl\u00fcgel, Gem\u00fcse und Garnelen. Die Gartemperatur stellst du auch manuell am seitlichen Drehw\u00e4hler am Grill ein. Nach der Verwendung stellst du die Platten zur Reinigung in die Sp\u00fclmaschine.<\/p>\n","protected":false},"featured_media":0,"comment_status":"closed","ping_status":"open","template":"","meta":{"_acf_changed":false},"brand":[506],"product_brand":[],"product_cat":[300],"product_tag":[301],"class_list":{"0":"post-87650","1":"product","2":"type-product","3":"status-publish","5":"brand-tefal","6":"product_cat-kontaktgrills","7":"product_tag-contactgrills","8":"pa_condition-new","9":"pa_coolblue-de-verzending-morgen-gratis-geliefert","10":"pa_ean-16135","11":"pa_mpn-gc774d10","13":"first","14":"instock","15":"product-type-external"},"acf":[],"_links":{"self":[{"href":"https:\/\/onlinehardwareshop.de\/index.php\/wp-json\/wp\/v2\/product\/87650","targetHints":{"allow":["GET"]}}],"collection":[{"href":"https:\/\/onlinehardwareshop.de\/index.php\/wp-json\/wp\/v2\/product"}],"about":[{"href":"https:\/\/onlinehardwareshop.de\/index.php\/wp-json\/wp\/v2\/types\/product"}],"replies":[{"embeddable":true,"href":"https:\/\/onlinehardwareshop.de\/index.php\/wp-json\/wp\/v2\/comments?post=87650"}],"wp:attachment":[{"href":"https:\/\/onlinehardwareshop.de\/index.php\/wp-json\/wp\/v2\/media?parent=87650"}],"wp:term":[{"taxonomy":"brand","embeddable":true,"href":"https:\/\/onlinehardwareshop.de\/index.php\/wp-json\/wp\/v2\/brand?post=87650"},{"taxonomy":"product_brand","embeddable":true,"href":"https:\/\/onlinehardwareshop.de\/index.php\/wp-json\/wp\/v2\/product_brand?post=87650"},{"taxonomy":"product_cat","embeddable":true,"href":"https:\/\/onlinehardwareshop.de\/index.php\/wp-json\/wp\/v2\/product_cat?post=87650"},{"taxonomy":"product_tag","embeddable":true,"href":"https:\/\/onlinehardwareshop.de\/index.php\/wp-json\/wp\/v2\/product_tag?post=87650"}],"curies":[{"name":"wp","href":"https:\/\/api.w.org\/{rel}","templated":true}]}}