{"id":87636,"date":"2024-01-14T11:46:30","date_gmt":"2024-01-14T11:46:30","guid":{"rendered":"https:\/\/onlinehardwareshop.de\/index.php\/produkt\/dji-osmo-action-fernsteuerung\/"},"modified":"2025-05-14T08:29:39","modified_gmt":"2025-05-14T08:29:39","slug":"dji-osmo-action-fernsteuerung","status":"publish","type":"product","link":"https:\/\/onlinehardwareshop.de\/index.php\/produkt\/dji-osmo-action-fernsteuerung\/","title":{"rendered":"DJI Osmo Action Fernsteuerung"},"content":{"rendered":"<p>Mit dem DJI Osmo Action Fernsteuerung bedienst du deine DJI Action-Cam aus der Ferne. Du tr\u00e4gst die Fernbedienung mit dem mitgelieferten Armband an deinem Handgelenk. Somit hast du die H\u00e4nde frei. Die Fernbedienung verf\u00fcgt \u00fcber eine Aufnahmetaste, mit der du eine Aufnahme starten oder beenden kannst.<\/p>\n","protected":false},"excerpt":{"rendered":"<p>Mit dem DJI Osmo Action Fernsteuerung bedienst du deine DJI Action-Cam aus der Ferne. Du tr\u00e4gst die Fernbedienung mit dem mitgelieferten Armband an deinem Handgelenk. Somit hast du die H\u00e4nde frei. Die Fernbedienung verf\u00fcgt \u00fcber eine Aufnahmetaste, mit der du eine Aufnahme starten oder beenden kannst.<\/p>\n","protected":false},"featured_media":0,"comment_status":"closed","ping_status":"open","template":"","meta":{"_acf_changed":false},"brand":[3664],"product_brand":[],"product_cat":[6247],"product_tag":[6248],"class_list":{"0":"post-87636","1":"product","2":"type-product","3":"status-publish","5":"brand-dji","6":"product_cat-fernbedienungen-fr-kameras","7":"product_tag-afstandsbedieningen-voor-cameras","8":"pa_condition-new","9":"pa_coolblue-de-verzending-morgen-gratis-geliefert","10":"pa_ean-14817","11":"pa_mpn-cp-os-00000281-01","13":"first","14":"instock","15":"product-type-external"},"acf":[],"_links":{"self":[{"href":"https:\/\/onlinehardwareshop.de\/index.php\/wp-json\/wp\/v2\/product\/87636","targetHints":{"allow":["GET"]}}],"collection":[{"href":"https:\/\/onlinehardwareshop.de\/index.php\/wp-json\/wp\/v2\/product"}],"about":[{"href":"https:\/\/onlinehardwareshop.de\/index.php\/wp-json\/wp\/v2\/types\/product"}],"replies":[{"embeddable":true,"href":"https:\/\/onlinehardwareshop.de\/index.php\/wp-json\/wp\/v2\/comments?post=87636"}],"wp:attachment":[{"href":"https:\/\/onlinehardwareshop.de\/index.php\/wp-json\/wp\/v2\/media?parent=87636"}],"wp:term":[{"taxonomy":"brand","embeddable":true,"href":"https:\/\/onlinehardwareshop.de\/index.php\/wp-json\/wp\/v2\/brand?post=87636"},{"taxonomy":"product_brand","embeddable":true,"href":"https:\/\/onlinehardwareshop.de\/index.php\/wp-json\/wp\/v2\/product_brand?post=87636"},{"taxonomy":"product_cat","embeddable":true,"href":"https:\/\/onlinehardwareshop.de\/index.php\/wp-json\/wp\/v2\/product_cat?post=87636"},{"taxonomy":"product_tag","embeddable":true,"href":"https:\/\/onlinehardwareshop.de\/index.php\/wp-json\/wp\/v2\/product_tag?post=87636"}],"curies":[{"name":"wp","href":"https:\/\/api.w.org\/{rel}","templated":true}]}}