{"id":87634,"date":"2024-06-29T00:54:59","date_gmt":"2024-06-29T00:54:59","guid":{"rendered":"https:\/\/onlinehardwareshop.de\/index.php\/produkt\/jvc-ha-s180-schwarz-doppelpack\/"},"modified":"2025-05-14T08:21:50","modified_gmt":"2025-05-14T08:21:50","slug":"jvc-ha-s180-schwarz-doppelpack","status":"publish","type":"product","link":"https:\/\/onlinehardwareshop.de\/index.php\/produkt\/jvc-ha-s180-schwarz-doppelpack\/","title":{"rendered":"JVC HA-S180 Schwarz Doppelpack"},"content":{"rendered":"<p>Mit dem JVC HA-S180 Doppelpack h\u00f6ren du und ein Freund unterwegs Musik. Dank des Deep Bass klingen Basst\u00f6ne besonders kraftvoll. Daher eignet sich der Kopfh\u00f6rer f\u00fcr Hip-Hop und Dance-Musik. Das 1,2 Meter lange Kabel hat einen vergoldeten Stecker, der St\u00f6rungen verhindert. Dadurch kannst du deine Musik ungest\u00f6rt genie\u00dfen. Der Kopfh\u00f6rer l\u00e4sst sich auf zwei Arten zusammenklappen, weshalb er sich unterwegs m\u00fchelos als kompaktes Paket mitnehmen l\u00e4sst. Dank des On-Ear-Designs h\u00f6rst du genug von deiner Umgebung. Dadurch h\u00f6rst du in einer belebten Stadt den Verkehr, der dich umgibt.<\/p>\n","protected":false},"excerpt":{"rendered":"<p>Mit dem JVC HA-S180 Doppelpack h\u00f6ren du und ein Freund unterwegs Musik. Dank des Deep Bass klingen Basst\u00f6ne besonders kraftvoll. Daher eignet sich der Kopfh\u00f6rer f\u00fcr Hip-Hop und Dance-Musik. Das 1,2 Meter lange Kabel hat einen vergoldeten Stecker, der St\u00f6rungen verhindert. Dadurch kannst du deine Musik ungest\u00f6rt genie\u00dfen. Der Kopfh\u00f6rer l\u00e4sst sich auf zwei Arten zusammenklappen, weshalb er sich unterwegs m\u00fchelos als kompaktes Paket mitnehmen l\u00e4sst. Dank des On-Ear-Designs h\u00f6rst du genug von deiner Umgebung. Dadurch h\u00f6rst du in einer belebten Stadt den Verkehr, der dich umgibt.<\/p>\n","protected":false},"featured_media":0,"comment_status":"closed","ping_status":"open","template":"","meta":{"_acf_changed":false},"brand":[2268],"product_brand":[],"product_cat":[1182],"product_tag":[1183],"class_list":{"0":"post-87634","1":"product","2":"type-product","3":"status-publish","5":"brand-jvc","6":"product_cat-kopfhrer","7":"product_tag-hoofdtelefoons-zonder-noisecancelling","8":"pa_condition-new","9":"pa_coolblue-de-verzending-morgen-gratis-geliefert","10":"pa_ean-14599","12":"first","13":"instock","14":"product-type-external"},"acf":[],"_links":{"self":[{"href":"https:\/\/onlinehardwareshop.de\/index.php\/wp-json\/wp\/v2\/product\/87634","targetHints":{"allow":["GET"]}}],"collection":[{"href":"https:\/\/onlinehardwareshop.de\/index.php\/wp-json\/wp\/v2\/product"}],"about":[{"href":"https:\/\/onlinehardwareshop.de\/index.php\/wp-json\/wp\/v2\/types\/product"}],"replies":[{"embeddable":true,"href":"https:\/\/onlinehardwareshop.de\/index.php\/wp-json\/wp\/v2\/comments?post=87634"}],"wp:attachment":[{"href":"https:\/\/onlinehardwareshop.de\/index.php\/wp-json\/wp\/v2\/media?parent=87634"}],"wp:term":[{"taxonomy":"brand","embeddable":true,"href":"https:\/\/onlinehardwareshop.de\/index.php\/wp-json\/wp\/v2\/brand?post=87634"},{"taxonomy":"product_brand","embeddable":true,"href":"https:\/\/onlinehardwareshop.de\/index.php\/wp-json\/wp\/v2\/product_brand?post=87634"},{"taxonomy":"product_cat","embeddable":true,"href":"https:\/\/onlinehardwareshop.de\/index.php\/wp-json\/wp\/v2\/product_cat?post=87634"},{"taxonomy":"product_tag","embeddable":true,"href":"https:\/\/onlinehardwareshop.de\/index.php\/wp-json\/wp\/v2\/product_tag?post=87634"}],"curies":[{"name":"wp","href":"https:\/\/api.w.org\/{rel}","templated":true}]}}