{"id":87624,"date":"2024-02-18T06:26:44","date_gmt":"2024-02-18T06:26:44","guid":{"rendered":"https:\/\/onlinehardwareshop.de\/index.php\/produkt\/hp-smart-tank-5105-drucker\/"},"modified":"2025-05-14T07:24:13","modified_gmt":"2025-05-14T07:24:13","slug":"hp-smart-tank-5105-drucker","status":"publish","type":"product","link":"https:\/\/onlinehardwareshop.de\/index.php\/produkt\/hp-smart-tank-5105-drucker\/","title":{"rendered":"HP Smart Tank 5105 drucker"},"content":{"rendered":"<p>Spare Druckkosten mit dem HP Smart Tank 5105 Multifunktionsdrucker, der sich f\u00fcrs Homeoffice oder allgemein f\u00fcr zu Hause eignet. Dieser Drucker enth\u00e4lt einen Tintentank, den man mit einem g\u00fcnstigen Tintenfl\u00e4schchen bef\u00fcllt. Zum Lieferumfang des Smart Tank 5105 geh\u00f6rt genug Tinte f\u00fcr 6.000 Seiten. Mit diesem Multifunktionsdrucker kann man au\u00dferdem Unterlagen kopieren und Dokumente einscannen. Zur Verbindung mit dem Laptop oder Smartphone dient Wi-Fi Direct. Wi-Fi Direct erm\u00f6glicht die prompte Verbindung des Mobilger\u00e4ts mit dem WLAN des Druckers. So kannst du die Druckauftr\u00e4ge kabellos vom B\u00fcrostuhl aus senden. Zur angenehmen Bedienung des Druckers ist au\u00dferdem die HP-Smart-App da. Hiermit lassen sich Verkn\u00fcpfungen einrichten, sodass der Drucker auf Knopfdruck ausf\u00fchrt, was du m\u00f6chtest.<\/p>\n","protected":false},"excerpt":{"rendered":"<p>Spare Druckkosten mit dem HP Smart Tank 5105 Multifunktionsdrucker, der sich f\u00fcrs Homeoffice oder allgemein f\u00fcr zu Hause eignet. Dieser Drucker enth\u00e4lt einen Tintentank, den man mit einem g\u00fcnstigen Tintenfl\u00e4schchen bef\u00fcllt. Zum Lieferumfang des Smart Tank 5105 geh\u00f6rt genug Tinte f\u00fcr 6.000 Seiten. Mit diesem Multifunktionsdrucker kann man au\u00dferdem Unterlagen kopieren und Dokumente einscannen. Zur Verbindung mit dem Laptop oder Smartphone dient Wi-Fi Direct. Wi-Fi Direct erm\u00f6glicht die prompte Verbindung des Mobilger\u00e4ts mit dem WLAN des Druckers. So kannst du die Druckauftr\u00e4ge kabellos vom B\u00fcrostuhl aus senden. Zur angenehmen Bedienung des Druckers ist au\u00dferdem die HP-Smart-App da. Hiermit lassen sich Verkn\u00fcpfungen einrichten, sodass der Drucker auf Knopfdruck ausf\u00fchrt, was du m\u00f6chtest.<\/p>\n","protected":false},"featured_media":0,"comment_status":"closed","ping_status":"open","template":"","meta":{"_acf_changed":false},"brand":[90],"product_brand":[],"product_cat":[2205],"product_tag":[4745],"class_list":{"0":"post-87624","1":"product","2":"type-product","3":"status-publish","5":"brand-hp","6":"product_cat-drucker","7":"product_tag-inkttank-printers","8":"pa_condition-new","9":"pa_coolblue-de-verzending-morgen-gratis-geliefert","10":"pa_ean-13087","11":"pa_mpn-1f3y3a","13":"first","14":"instock","15":"product-type-external"},"acf":[],"_links":{"self":[{"href":"https:\/\/onlinehardwareshop.de\/index.php\/wp-json\/wp\/v2\/product\/87624","targetHints":{"allow":["GET"]}}],"collection":[{"href":"https:\/\/onlinehardwareshop.de\/index.php\/wp-json\/wp\/v2\/product"}],"about":[{"href":"https:\/\/onlinehardwareshop.de\/index.php\/wp-json\/wp\/v2\/types\/product"}],"replies":[{"embeddable":true,"href":"https:\/\/onlinehardwareshop.de\/index.php\/wp-json\/wp\/v2\/comments?post=87624"}],"wp:attachment":[{"href":"https:\/\/onlinehardwareshop.de\/index.php\/wp-json\/wp\/v2\/media?parent=87624"}],"wp:term":[{"taxonomy":"brand","embeddable":true,"href":"https:\/\/onlinehardwareshop.de\/index.php\/wp-json\/wp\/v2\/brand?post=87624"},{"taxonomy":"product_brand","embeddable":true,"href":"https:\/\/onlinehardwareshop.de\/index.php\/wp-json\/wp\/v2\/product_brand?post=87624"},{"taxonomy":"product_cat","embeddable":true,"href":"https:\/\/onlinehardwareshop.de\/index.php\/wp-json\/wp\/v2\/product_cat?post=87624"},{"taxonomy":"product_tag","embeddable":true,"href":"https:\/\/onlinehardwareshop.de\/index.php\/wp-json\/wp\/v2\/product_tag?post=87624"}],"curies":[{"name":"wp","href":"https:\/\/api.w.org\/{rel}","templated":true}]}}