{"id":87602,"date":"2025-03-20T07:00:46","date_gmt":"2025-03-20T07:00:46","guid":{"rendered":"https:\/\/onlinehardwareshop.de\/index.php\/produkt\/kingston-fury-beast-1x16gb-ddr4-3200mhz-kf432c16bb1-16\/"},"modified":"2025-05-14T05:19:35","modified_gmt":"2025-05-14T05:19:35","slug":"kingston-fury-beast-1x16gb-ddr4-3200mhz-kf432c16bb1-16","status":"publish","type":"product","link":"https:\/\/onlinehardwareshop.de\/index.php\/produkt\/kingston-fury-beast-1x16gb-ddr4-3200mhz-kf432c16bb1-16\/","title":{"rendered":"Kingston FURY Beast 1&#215;16&#xA0;GB DDR4 3200&#xA0;MHz (KF432C16BB1\/16)"},"content":{"rendered":"<p>ACHTUNG: Dieser DDR4 DIMM-Speicher passt nur in einen PC, nicht in einen Laptop oder Mac. Der Computer muss \u00fcber einen DDR4-Anschluss verf\u00fcgen. \u00dcberpr\u00fcfe dies im Windows Task-Manager bei &#8218;Mehr Details&#8216; unter dem Reiter &#8218;Leistung\u00bf&#8216;. Beim Speicher steht DDR3 oder DDR4.<\/p>\n<p> Erh\u00f6he den Speicher deines Gaming-PCs mit dem Kingston FURY Beast 1x16GB DDR4 3200MHz (KF432C16BB1\/16) RAM. Mit einer Speichertaktrate von 3200\u00a0MHz gibst du bei all deinen Anwendungen und Spielen Vollgas. Ist dein Motherboard nicht schnell genug? Keine Sorge, dieser Arbeitsspeicher passt sich automatisch an die h\u00f6chstm\u00f6gliche Geschwindigkeit deines Motherboards an. Mit 16\u00a0Gigabyte zus\u00e4tzlichem Arbeitsspeicher gibst du deinem Gaming PC einen Boost, um leistungshungrigere Spiele fl\u00fcssig laufen zu lassen. Da das Set aus einem einzigen Speichermodul besteht, beh\u00e4ltst du an deinem Motherboard mehr Steckpl\u00e4tze f\u00fcr andere Komponenten frei. Diese Fury Black Beast RAM-Module haben ein mattschwarzes Design mit echtem Gaming-Look.<\/p>\n","protected":false},"excerpt":{"rendered":"<p>ACHTUNG: Dieser DDR4 DIMM-Speicher passt nur in einen PC, nicht in einen Laptop oder Mac. Der Computer muss \u00fcber einen DDR4-Anschluss verf\u00fcgen. \u00dcberpr\u00fcfe dies im Windows Task-Manager bei &#8218;Mehr Details&#8216; unter dem Reiter &#8218;Leistung\u00bf&#8216;. Beim Speicher steht DDR3 oder DDR4.<\/p>\n<p> Erh\u00f6he den Speicher deines Gaming-PCs mit dem Kingston FURY Beast 1x16GB DDR4 3200MHz (KF432C16BB1\/16) RAM. Mit einer Speichertaktrate von 3200\u00a0MHz gibst du bei all deinen Anwendungen und Spielen Vollgas. Ist dein Motherboard nicht schnell genug? Keine Sorge, dieser Arbeitsspeicher passt sich automatisch an die h\u00f6chstm\u00f6gliche Geschwindigkeit deines Motherboards an. Mit 16\u00a0Gigabyte zus\u00e4tzlichem Arbeitsspeicher gibst du deinem Gaming PC einen Boost, um leistungshungrigere Spiele fl\u00fcssig laufen zu lassen. Da das Set aus einem einzigen Speichermodul besteht, beh\u00e4ltst du an deinem Motherboard mehr Steckpl\u00e4tze f\u00fcr andere Komponenten frei. Diese Fury Black Beast RAM-Module haben ein mattschwarzes Design mit echtem Gaming-Look.<\/p>\n","protected":false},"featured_media":0,"comment_status":"closed","ping_status":"open","template":"","meta":{"_acf_changed":false},"brand":[2956],"product_brand":[],"product_cat":[2796],"product_tag":[2797],"class_list":{"0":"post-87602","1":"product","2":"type-product","3":"status-publish","5":"brand-kingston","6":"product_cat-ram","7":"product_tag-intern-geheugen-voor-desktop","8":"pa_condition-new","9":"pa_coolblue-de-verzending-morgen-gratis-geliefert","10":"pa_ean-10085","11":"pa_mpn-kf432c16bb1-16","13":"first","14":"instock","15":"product-type-external"},"acf":[],"_links":{"self":[{"href":"https:\/\/onlinehardwareshop.de\/index.php\/wp-json\/wp\/v2\/product\/87602","targetHints":{"allow":["GET"]}}],"collection":[{"href":"https:\/\/onlinehardwareshop.de\/index.php\/wp-json\/wp\/v2\/product"}],"about":[{"href":"https:\/\/onlinehardwareshop.de\/index.php\/wp-json\/wp\/v2\/types\/product"}],"replies":[{"embeddable":true,"href":"https:\/\/onlinehardwareshop.de\/index.php\/wp-json\/wp\/v2\/comments?post=87602"}],"wp:attachment":[{"href":"https:\/\/onlinehardwareshop.de\/index.php\/wp-json\/wp\/v2\/media?parent=87602"}],"wp:term":[{"taxonomy":"brand","embeddable":true,"href":"https:\/\/onlinehardwareshop.de\/index.php\/wp-json\/wp\/v2\/brand?post=87602"},{"taxonomy":"product_brand","embeddable":true,"href":"https:\/\/onlinehardwareshop.de\/index.php\/wp-json\/wp\/v2\/product_brand?post=87602"},{"taxonomy":"product_cat","embeddable":true,"href":"https:\/\/onlinehardwareshop.de\/index.php\/wp-json\/wp\/v2\/product_cat?post=87602"},{"taxonomy":"product_tag","embeddable":true,"href":"https:\/\/onlinehardwareshop.de\/index.php\/wp-json\/wp\/v2\/product_tag?post=87602"}],"curies":[{"name":"wp","href":"https:\/\/api.w.org\/{rel}","templated":true}]}}