{"id":87595,"date":"2024-07-18T04:16:31","date_gmt":"2024-07-18T04:16:31","guid":{"rendered":"https:\/\/onlinehardwareshop.de\/index.php\/produkt\/dell-wd19s-130w\/"},"modified":"2025-05-14T04:46:14","modified_gmt":"2025-05-14T04:46:14","slug":"dell-wd19s-130w","status":"publish","type":"product","link":"https:\/\/onlinehardwareshop.de\/index.php\/produkt\/dell-wd19s-130w\/","title":{"rendered":"DELL WD19S 130W"},"content":{"rendered":"<p>Die DELL-WD19S Dockingstation funktioniert mit allen Windows-Laptops und MacBooks mit einem USB-C-Anschluss, der ein Videosignal \u00fcbertr\u00e4gt. So \u00fcberpr\u00fcfst du, ob dein Laptop \u00fcber einen passenden USB-C-Anschluss verf\u00fcgt. Was kannst du mit dieser Dockingstation machen? Einen Monitor anschlie\u00dfen Zwei Monitore anschlie\u00dfen Laptop aufladen Mit kabelgebundenem Internet arbeiten Telefon aufladen Maus und Tastatur anschlie\u00dfen  Was kannst du mit dieser Dockingstation nicht machen? Speicherkarte lesen Kopfh\u00f6rer anschlie\u00dfen Hinweis: Besitzt du ein MacBook mit M1- oder M2- Prozessor? Dann kannst du \u00fcber diese Dockingstation maximal einen Monitor anschlie\u00dfen.  Auf diese Weise kannst du \u00fcberpr\u00fcfen, welchen MacBook-Typ du hast.   Wenn du einen Monitor  an diese Dockingstation anschlie\u00dft, erh\u00e4ltst du eine maximale Aufl\u00f6sung von 4K bei 60\u00a0Hertz. Wenn du zwei Monitore an diese Dockingstation anschlie\u00dft, hast du eine maximale Aufl\u00f6sung von 4K bei 60\u00a0Hertz.<\/p>\n","protected":false},"excerpt":{"rendered":"<p>Die DELL-WD19S Dockingstation funktioniert mit allen Windows-Laptops und MacBooks mit einem USB-C-Anschluss, der ein Videosignal \u00fcbertr\u00e4gt. So \u00fcberpr\u00fcfst du, ob dein Laptop \u00fcber einen passenden USB-C-Anschluss verf\u00fcgt. Was kannst du mit dieser Dockingstation machen? Einen Monitor anschlie\u00dfen Zwei Monitore anschlie\u00dfen Laptop aufladen Mit kabelgebundenem Internet arbeiten Telefon aufladen Maus und Tastatur anschlie\u00dfen  Was kannst du mit dieser Dockingstation nicht machen? Speicherkarte lesen Kopfh\u00f6rer anschlie\u00dfen Hinweis: Besitzt du ein MacBook mit M1- oder M2- Prozessor? Dann kannst du \u00fcber diese Dockingstation maximal einen Monitor anschlie\u00dfen.  Auf diese Weise kannst du \u00fcberpr\u00fcfen, welchen MacBook-Typ du hast.   Wenn du einen Monitor  an diese Dockingstation anschlie\u00dft, erh\u00e4ltst du eine maximale Aufl\u00f6sung von 4K bei 60\u00a0Hertz. Wenn du zwei Monitore an diese Dockingstation anschlie\u00dft, hast du eine maximale Aufl\u00f6sung von 4K bei 60\u00a0Hertz.<\/p>\n","protected":false},"featured_media":0,"comment_status":"closed","ping_status":"open","template":"","meta":{"_acf_changed":false},"brand":[8601],"product_brand":[],"product_cat":[4022],"product_tag":[4023],"class_list":{"0":"post-87595","1":"product","2":"type-product","3":"status-publish","5":"brand-dell","6":"product_cat-dockingstations","7":"product_tag-cradles-docks-voor-laptops","8":"pa_condition-new","9":"pa_coolblue-de-verzending-morgen-gratis-geliefert","10":"pa_ean-9282","11":"pa_mpn-dell-wd19s130w","13":"first","14":"instock","15":"product-type-external"},"acf":[],"_links":{"self":[{"href":"https:\/\/onlinehardwareshop.de\/index.php\/wp-json\/wp\/v2\/product\/87595","targetHints":{"allow":["GET"]}}],"collection":[{"href":"https:\/\/onlinehardwareshop.de\/index.php\/wp-json\/wp\/v2\/product"}],"about":[{"href":"https:\/\/onlinehardwareshop.de\/index.php\/wp-json\/wp\/v2\/types\/product"}],"replies":[{"embeddable":true,"href":"https:\/\/onlinehardwareshop.de\/index.php\/wp-json\/wp\/v2\/comments?post=87595"}],"wp:attachment":[{"href":"https:\/\/onlinehardwareshop.de\/index.php\/wp-json\/wp\/v2\/media?parent=87595"}],"wp:term":[{"taxonomy":"brand","embeddable":true,"href":"https:\/\/onlinehardwareshop.de\/index.php\/wp-json\/wp\/v2\/brand?post=87595"},{"taxonomy":"product_brand","embeddable":true,"href":"https:\/\/onlinehardwareshop.de\/index.php\/wp-json\/wp\/v2\/product_brand?post=87595"},{"taxonomy":"product_cat","embeddable":true,"href":"https:\/\/onlinehardwareshop.de\/index.php\/wp-json\/wp\/v2\/product_cat?post=87595"},{"taxonomy":"product_tag","embeddable":true,"href":"https:\/\/onlinehardwareshop.de\/index.php\/wp-json\/wp\/v2\/product_tag?post=87595"}],"curies":[{"name":"wp","href":"https:\/\/api.w.org\/{rel}","templated":true}]}}