{"id":87591,"date":"2024-10-08T18:15:10","date_gmt":"2024-10-08T18:15:10","guid":{"rendered":"https:\/\/onlinehardwareshop.de\/index.php\/produkt\/kingston-fury-impact-ddr4-sodimm-16gb-3200-mhz-2x8gb\/"},"modified":"2025-05-14T04:37:28","modified_gmt":"2025-05-14T04:37:28","slug":"kingston-fury-impact-ddr4-sodimm-16gb-3200-mhz-2x8gb","status":"publish","type":"product","link":"https:\/\/onlinehardwareshop.de\/index.php\/produkt\/kingston-fury-impact-ddr4-sodimm-16gb-3200-mhz-2x8gb\/","title":{"rendered":"Kingston FURY Impact DDR4 SODIMM 16GB 3200 MHz (2x8GB)"},"content":{"rendered":"<p>Hinweis: Dieser DDR4 SODIMM-Speicher passt nur in einen Laptop, nicht in einen PC. Der Laptop muss einen DDR4-Steckplatz haben. \u00dcberpr\u00fcfe dies im Windows Task-Manager, mehr dazu unter der Rubrik Leistung. Bei Speicher steht DDR3 oder DDR4. Falls dort nichts \u00fcber den Steckplatz steht, brauchst du einen DDR4.   Mit dem Kingston FURY Impact DDR4 SODIMM 16GB 3200 MHz (2x8GB) erweiterst du den internen Speicher deines Gaming-Laptops um 16 Gigabyte DDR4 RAM. Da es sich um 2 Speichermodule handelt, brauchst du 2 freie Steckpl\u00e4tze auf deinem Motherboard. Dieses RAM-Modul ist speziell f\u00fcr Gamer gemacht. Der Kingston Fury hat eine Speichergeschwindigkeit von 3200 MHz, aber er passt sich automatisch an die h\u00f6chstm\u00f6gliche Geschwindigkeit deines Motherboards an. Kingston gew\u00e4hrt lebenslange Garantie auf dieses RAM-Modul.<\/p>\n","protected":false},"excerpt":{"rendered":"<p>Hinweis: Dieser DDR4 SODIMM-Speicher passt nur in einen Laptop, nicht in einen PC. Der Laptop muss einen DDR4-Steckplatz haben. \u00dcberpr\u00fcfe dies im Windows Task-Manager, mehr dazu unter der Rubrik Leistung. Bei Speicher steht DDR3 oder DDR4. Falls dort nichts \u00fcber den Steckplatz steht, brauchst du einen DDR4.   Mit dem Kingston FURY Impact DDR4 SODIMM 16GB 3200 MHz (2x8GB) erweiterst du den internen Speicher deines Gaming-Laptops um 16 Gigabyte DDR4 RAM. Da es sich um 2 Speichermodule handelt, brauchst du 2 freie Steckpl\u00e4tze auf deinem Motherboard. Dieses RAM-Modul ist speziell f\u00fcr Gamer gemacht. Der Kingston Fury hat eine Speichergeschwindigkeit von 3200 MHz, aber er passt sich automatisch an die h\u00f6chstm\u00f6gliche Geschwindigkeit deines Motherboards an. Kingston gew\u00e4hrt lebenslange Garantie auf dieses RAM-Modul.<\/p>\n","protected":false},"featured_media":0,"comment_status":"closed","ping_status":"open","template":"","meta":{"_acf_changed":false},"brand":[2956],"product_brand":[],"product_cat":[2796],"product_tag":[3457],"class_list":{"0":"post-87591","1":"product","2":"type-product","3":"status-publish","5":"brand-kingston","6":"product_cat-ram","7":"product_tag-intern-geheugen-voor-laptop","8":"pa_condition-new","9":"pa_coolblue-de-verzending-morgen-gratis-geliefert","10":"pa_ean-9099","11":"pa_mpn-kf432s20ibk2-16","13":"first","14":"instock","15":"product-type-external"},"acf":[],"_links":{"self":[{"href":"https:\/\/onlinehardwareshop.de\/index.php\/wp-json\/wp\/v2\/product\/87591","targetHints":{"allow":["GET"]}}],"collection":[{"href":"https:\/\/onlinehardwareshop.de\/index.php\/wp-json\/wp\/v2\/product"}],"about":[{"href":"https:\/\/onlinehardwareshop.de\/index.php\/wp-json\/wp\/v2\/types\/product"}],"replies":[{"embeddable":true,"href":"https:\/\/onlinehardwareshop.de\/index.php\/wp-json\/wp\/v2\/comments?post=87591"}],"wp:attachment":[{"href":"https:\/\/onlinehardwareshop.de\/index.php\/wp-json\/wp\/v2\/media?parent=87591"}],"wp:term":[{"taxonomy":"brand","embeddable":true,"href":"https:\/\/onlinehardwareshop.de\/index.php\/wp-json\/wp\/v2\/brand?post=87591"},{"taxonomy":"product_brand","embeddable":true,"href":"https:\/\/onlinehardwareshop.de\/index.php\/wp-json\/wp\/v2\/product_brand?post=87591"},{"taxonomy":"product_cat","embeddable":true,"href":"https:\/\/onlinehardwareshop.de\/index.php\/wp-json\/wp\/v2\/product_cat?post=87591"},{"taxonomy":"product_tag","embeddable":true,"href":"https:\/\/onlinehardwareshop.de\/index.php\/wp-json\/wp\/v2\/product_tag?post=87591"}],"curies":[{"name":"wp","href":"https:\/\/api.w.org\/{rel}","templated":true}]}}