{"id":87568,"date":"2024-12-25T11:45:00","date_gmt":"2024-12-25T11:45:00","guid":{"rendered":"https:\/\/onlinehardwareshop.de\/index.php\/produkt\/epson-workforce-wf-4820dwf\/"},"modified":"2025-05-14T02:55:39","modified_gmt":"2025-05-14T02:55:39","slug":"epson-workforce-wf-4820dwf","status":"publish","type":"product","link":"https:\/\/onlinehardwareshop.de\/index.php\/produkt\/epson-workforce-wf-4820dwf\/","title":{"rendered":"Epson WorkForce WF-4820DWF"},"content":{"rendered":"<p>Der Epson WorkForce WF-4820DWF ist ein Multifunktions-Farbtintenstrahldrucker f\u00fcrs B\u00fcro. Die zus\u00e4tzlichen Funktionen erh\u00f6hen deine Produktivit\u00e4t bei der Arbeit. Beispielsweise druckst du Dokumente in Schwarz-Wei\u00df mit einer Druckgeschwindigkeit von 25 Seiten pro Minute. Um Papier zu sparen, kannst du die Dokumente doppelseitig drucken. Musst du einen ganzen Stapel scannen oder kopieren? Lege bis zu 35 Blatt in den automatischen Dokumenteneinzug ein, die der Drucker automatisch verarbeitet. F\u00fcr gr\u00f6\u00dferen Komfort beim Drucken sorgt schlie\u00dflich das kabellose Drucken. Du druckst von deinem Smartphone oder Tablet aus mit der Epson App oder beispielsweise \u00fcber Apple AirPrint. W\u00fcnschst du noch mehr Benutzerfreundlichkeit beim Drucken? Entscheide dich dann f\u00fcr Epson ReadyPrint. Mit diesem Tinten-Service brauchst du dir um deinen Tintenvorrat keine Gedanken zu machen, denn Epson sendet dir automatisch neue Tintenpatronen zu, bevor deine Tinte leer ist.   Dieser Drucker eignet sich f\u00fcr Epson ReadyPrint. Epson ReadyPrint ist ein monatlich k\u00fcndbares Tintenabo. Dein Drucker bestellt automatisch neue Patronen bei Epson, sobald deine Tinte beinahe aufgebraucht ist. So geht dir nie mehr die Tinte aus. M\u00f6chtest du gerne mehr \u00fcber Epson ReadyPrint erfahren? Sieh dir unseren Beratungsartikel an.<\/p>\n","protected":false},"excerpt":{"rendered":"<p>Der Epson WorkForce WF-4820DWF ist ein Multifunktions-Farbtintenstrahldrucker f\u00fcrs B\u00fcro. Die zus\u00e4tzlichen Funktionen erh\u00f6hen deine Produktivit\u00e4t bei der Arbeit. Beispielsweise druckst du Dokumente in Schwarz-Wei\u00df mit einer Druckgeschwindigkeit von 25 Seiten pro Minute. Um Papier zu sparen, kannst du die Dokumente doppelseitig drucken. Musst du einen ganzen Stapel scannen oder kopieren? Lege bis zu 35 Blatt in den automatischen Dokumenteneinzug ein, die der Drucker automatisch verarbeitet. F\u00fcr gr\u00f6\u00dferen Komfort beim Drucken sorgt schlie\u00dflich das kabellose Drucken. Du druckst von deinem Smartphone oder Tablet aus mit der Epson App oder beispielsweise \u00fcber Apple AirPrint. W\u00fcnschst du noch mehr Benutzerfreundlichkeit beim Drucken? Entscheide dich dann f\u00fcr Epson ReadyPrint. Mit diesem Tinten-Service brauchst du dir um deinen Tintenvorrat keine Gedanken zu machen, denn Epson sendet dir automatisch neue Tintenpatronen zu, bevor deine Tinte leer ist.   Dieser Drucker eignet sich f\u00fcr Epson ReadyPrint. Epson ReadyPrint ist ein monatlich k\u00fcndbares Tintenabo. Dein Drucker bestellt automatisch neue Patronen bei Epson, sobald deine Tinte beinahe aufgebraucht ist. So geht dir nie mehr die Tinte aus. M\u00f6chtest du gerne mehr \u00fcber Epson ReadyPrint erfahren? Sieh dir unseren Beratungsartikel an.<\/p>\n","protected":false},"featured_media":0,"comment_status":"closed","ping_status":"open","template":"","meta":{"_acf_changed":false},"brand":[267],"product_brand":[],"product_cat":[2205],"product_tag":[2206],"class_list":{"0":"post-87568","1":"product","2":"type-product","3":"status-publish","5":"brand-epson","6":"product_cat-drucker","7":"product_tag-inkjetprinters","8":"pa_condition-new","9":"pa_coolblue-de-verzending-morgen-gratis-geliefert","10":"pa_ean-6823","11":"pa_mpn-c11cj06403","13":"first","14":"instock","15":"product-type-external"},"acf":[],"_links":{"self":[{"href":"https:\/\/onlinehardwareshop.de\/index.php\/wp-json\/wp\/v2\/product\/87568","targetHints":{"allow":["GET"]}}],"collection":[{"href":"https:\/\/onlinehardwareshop.de\/index.php\/wp-json\/wp\/v2\/product"}],"about":[{"href":"https:\/\/onlinehardwareshop.de\/index.php\/wp-json\/wp\/v2\/types\/product"}],"replies":[{"embeddable":true,"href":"https:\/\/onlinehardwareshop.de\/index.php\/wp-json\/wp\/v2\/comments?post=87568"}],"wp:attachment":[{"href":"https:\/\/onlinehardwareshop.de\/index.php\/wp-json\/wp\/v2\/media?parent=87568"}],"wp:term":[{"taxonomy":"brand","embeddable":true,"href":"https:\/\/onlinehardwareshop.de\/index.php\/wp-json\/wp\/v2\/brand?post=87568"},{"taxonomy":"product_brand","embeddable":true,"href":"https:\/\/onlinehardwareshop.de\/index.php\/wp-json\/wp\/v2\/product_brand?post=87568"},{"taxonomy":"product_cat","embeddable":true,"href":"https:\/\/onlinehardwareshop.de\/index.php\/wp-json\/wp\/v2\/product_cat?post=87568"},{"taxonomy":"product_tag","embeddable":true,"href":"https:\/\/onlinehardwareshop.de\/index.php\/wp-json\/wp\/v2\/product_tag?post=87568"}],"curies":[{"name":"wp","href":"https:\/\/api.w.org\/{rel}","templated":true}]}}