{"id":87532,"date":"2025-05-09T04:54:08","date_gmt":"2025-05-09T04:54:08","guid":{"rendered":"https:\/\/onlinehardwareshop.de\/index.php\/produkt\/jvc-ha-s180-schwarz\/"},"modified":"2025-05-14T00:03:54","modified_gmt":"2025-05-14T00:03:54","slug":"jvc-ha-s180-schwarz","status":"publish","type":"product","link":"https:\/\/onlinehardwareshop.de\/index.php\/produkt\/jvc-ha-s180-schwarz\/","title":{"rendered":"JVC HA-S180 Schwarz"},"content":{"rendered":"<p>Der JVC HA-S180 ist ein ohraufliegender Kopfh\u00f6rer, mit dem du zu Hause und unterwegs Musik h\u00f6ren kannst. Dank des tiefen Basses klingen die B\u00e4sse besonders kraftvoll. Dadurch eignet sich der Kopfh\u00f6rer f\u00fcr zum Beispiel Hip Hop und Dance. Das 1,2 m lange Kabel verf\u00fcgt \u00fcber einen vergoldeten Stecker, der St\u00f6rungen verhindert. Auf diese Weise kannst du deine Musik ungest\u00f6rt genie\u00dfen. Der Kopfh\u00f6rer kann auf 2 Arten zusammengeklappt werden, sodass du ihn problemlos als kompaktes Paket mitnehmen kannst.<\/p>\n","protected":false},"excerpt":{"rendered":"<p>Der JVC HA-S180 ist ein ohraufliegender Kopfh\u00f6rer, mit dem du zu Hause und unterwegs Musik h\u00f6ren kannst. Dank des tiefen Basses klingen die B\u00e4sse besonders kraftvoll. Dadurch eignet sich der Kopfh\u00f6rer f\u00fcr zum Beispiel Hip Hop und Dance. Das 1,2 m lange Kabel verf\u00fcgt \u00fcber einen vergoldeten Stecker, der St\u00f6rungen verhindert. Auf diese Weise kannst du deine Musik ungest\u00f6rt genie\u00dfen. Der Kopfh\u00f6rer kann auf 2 Arten zusammengeklappt werden, sodass du ihn problemlos als kompaktes Paket mitnehmen kannst.<\/p>\n","protected":false},"featured_media":0,"comment_status":"closed","ping_status":"open","template":"","meta":{"_acf_changed":false},"brand":[2268],"product_brand":[],"product_cat":[1182],"product_tag":[1183],"class_list":{"0":"post-87532","1":"product","2":"type-product","3":"status-publish","5":"brand-jvc","6":"product_cat-kopfhrer","7":"product_tag-hoofdtelefoons-zonder-noisecancelling","8":"pa_condition-new","9":"pa_coolblue-de-verzending-morgen-gratis-geliefert","10":"pa_ean-2266","11":"pa_mpn-has180bef","13":"first","14":"instock","15":"product-type-external"},"acf":[],"_links":{"self":[{"href":"https:\/\/onlinehardwareshop.de\/index.php\/wp-json\/wp\/v2\/product\/87532","targetHints":{"allow":["GET"]}}],"collection":[{"href":"https:\/\/onlinehardwareshop.de\/index.php\/wp-json\/wp\/v2\/product"}],"about":[{"href":"https:\/\/onlinehardwareshop.de\/index.php\/wp-json\/wp\/v2\/types\/product"}],"replies":[{"embeddable":true,"href":"https:\/\/onlinehardwareshop.de\/index.php\/wp-json\/wp\/v2\/comments?post=87532"}],"wp:attachment":[{"href":"https:\/\/onlinehardwareshop.de\/index.php\/wp-json\/wp\/v2\/media?parent=87532"}],"wp:term":[{"taxonomy":"brand","embeddable":true,"href":"https:\/\/onlinehardwareshop.de\/index.php\/wp-json\/wp\/v2\/brand?post=87532"},{"taxonomy":"product_brand","embeddable":true,"href":"https:\/\/onlinehardwareshop.de\/index.php\/wp-json\/wp\/v2\/product_brand?post=87532"},{"taxonomy":"product_cat","embeddable":true,"href":"https:\/\/onlinehardwareshop.de\/index.php\/wp-json\/wp\/v2\/product_cat?post=87532"},{"taxonomy":"product_tag","embeddable":true,"href":"https:\/\/onlinehardwareshop.de\/index.php\/wp-json\/wp\/v2\/product_tag?post=87532"}],"curies":[{"name":"wp","href":"https:\/\/api.w.org\/{rel}","templated":true}]}}