{"id":87528,"date":"2025-05-09T22:58:57","date_gmt":"2025-05-09T22:58:57","guid":{"rendered":"https:\/\/onlinehardwareshop.de\/index.php\/produkt\/jabra-speak-510-uc-bluetooth-freisprecheinrichtung\/"},"modified":"2025-05-13T23:52:34","modified_gmt":"2025-05-13T23:52:34","slug":"jabra-speak-510-uc-bluetooth-freisprecheinrichtung","status":"publish","type":"product","link":"https:\/\/onlinehardwareshop.de\/index.php\/produkt\/jabra-speak-510-uc-bluetooth-freisprecheinrichtung\/","title":{"rendered":"Jabra Speak 510+ UC Bluetooth-Freisprecheinrichtung"},"content":{"rendered":"<p>Mache aus jedem Raum einen Versammlungsraum mit der Jabra Speak 510+ UC Bluetooth-Freisprecheinrichtung. Kopple die Freisprecheinrichtung \u00fcber Bluetooth oder USB mit deinem Tablet, Smartphone oder Arbeitsplatzrechner und f\u00fchre einfach Konferenzanrufe. Der Akku h\u00e4lt 15 Stunden, so dass auch schwierige Debatten zu Ende gef\u00fchrt werden k\u00f6nnen.<\/p>\n","protected":false},"excerpt":{"rendered":"<p>Mache aus jedem Raum einen Versammlungsraum mit der Jabra Speak 510+ UC Bluetooth-Freisprecheinrichtung. Kopple die Freisprecheinrichtung \u00fcber Bluetooth oder USB mit deinem Tablet, Smartphone oder Arbeitsplatzrechner und f\u00fchre einfach Konferenzanrufe. Der Akku h\u00e4lt 15 Stunden, so dass auch schwierige Debatten zu Ende gef\u00fchrt werden k\u00f6nnen.<\/p>\n","protected":false},"featured_media":0,"comment_status":"closed","ping_status":"open","template":"","meta":{"_acf_changed":false},"brand":[815],"product_brand":[],"product_cat":[816],"product_tag":[817],"class_list":{"0":"post-87528","1":"product","2":"type-product","3":"status-publish","5":"brand-jabra","6":"product_cat-konferenzmikrofone","7":"product_tag-vergadermicrofoons","8":"pa_condition-new","9":"pa_coolblue-de-verzending-morgen-gratis-geliefert","10":"pa_ean-29374","11":"pa_mpn-7510-409","13":"first","14":"instock","15":"product-type-external"},"acf":[],"_links":{"self":[{"href":"https:\/\/onlinehardwareshop.de\/index.php\/wp-json\/wp\/v2\/product\/87528","targetHints":{"allow":["GET"]}}],"collection":[{"href":"https:\/\/onlinehardwareshop.de\/index.php\/wp-json\/wp\/v2\/product"}],"about":[{"href":"https:\/\/onlinehardwareshop.de\/index.php\/wp-json\/wp\/v2\/types\/product"}],"replies":[{"embeddable":true,"href":"https:\/\/onlinehardwareshop.de\/index.php\/wp-json\/wp\/v2\/comments?post=87528"}],"wp:attachment":[{"href":"https:\/\/onlinehardwareshop.de\/index.php\/wp-json\/wp\/v2\/media?parent=87528"}],"wp:term":[{"taxonomy":"brand","embeddable":true,"href":"https:\/\/onlinehardwareshop.de\/index.php\/wp-json\/wp\/v2\/brand?post=87528"},{"taxonomy":"product_brand","embeddable":true,"href":"https:\/\/onlinehardwareshop.de\/index.php\/wp-json\/wp\/v2\/product_brand?post=87528"},{"taxonomy":"product_cat","embeddable":true,"href":"https:\/\/onlinehardwareshop.de\/index.php\/wp-json\/wp\/v2\/product_cat?post=87528"},{"taxonomy":"product_tag","embeddable":true,"href":"https:\/\/onlinehardwareshop.de\/index.php\/wp-json\/wp\/v2\/product_tag?post=87528"}],"curies":[{"name":"wp","href":"https:\/\/api.w.org\/{rel}","templated":true}]}}