{"id":87522,"date":"2025-01-29T23:49:28","date_gmt":"2025-01-29T23:49:28","guid":{"rendered":"https:\/\/onlinehardwareshop.de\/index.php\/produkt\/sharp-r-971-stw\/"},"modified":"2025-05-16T14:41:39","modified_gmt":"2025-05-16T14:41:39","slug":"sharp-r-971-stw","status":"publish","type":"product","link":"https:\/\/onlinehardwareshop.de\/index.php\/produkt\/sharp-r-971-stw\/","title":{"rendered":"Sharp R-971 STW"},"content":{"rendered":"<p>Mit der Sharp R-971 STW holst du dir eine gro\u00dfe und benutzerfreundliche Kombi-Mikrowelle ins Haus. Neben der Mikrowellenfunktion steht dir auch eine Grill- und Backofenfunktion zur Verf\u00fcgung. Praktisch, denn mit einer Kapazit\u00e4t von 40 Litern bereitest du so ein ganzes Huhn oder einen gro\u00dfen Auflauf zu. Dank der Invertertechnik erw\u00e4rmen sich die Gerichte sehr gleichm\u00e4\u00dfig. Dar\u00fcber hinaus hat die Sharp Feuchtigkeitssensoren. Die messen den Feuchtigkeitsanteil der Mahlzeit und passen das Programm automatisch hieran an. Das spart nicht nur Zeit, sondern du verhinderst so auch, dass dein Essen austrocknet und die Geschmacksstoffe bleiben besser erhalten.<\/p>\n","protected":false},"excerpt":{"rendered":"<p>Mit der Sharp R-971 STW holst du dir eine gro\u00dfe und benutzerfreundliche Kombi-Mikrowelle ins Haus. Neben der Mikrowellenfunktion steht dir auch eine Grill- und Backofenfunktion zur Verf\u00fcgung. Praktisch, denn mit einer Kapazit\u00e4t von 40 Litern bereitest du so ein ganzes Huhn oder einen gro\u00dfen Auflauf zu. Dank der Invertertechnik erw\u00e4rmen sich die Gerichte sehr gleichm\u00e4\u00dfig. Dar\u00fcber hinaus hat die Sharp Feuchtigkeitssensoren. Die messen den Feuchtigkeitsanteil der Mahlzeit und passen das Programm automatisch hieran an. Das spart nicht nur Zeit, sondern du verhinderst so auch, dass dein Essen austrocknet und die Geschmacksstoffe bleiben besser erhalten.<\/p>\n","protected":false},"featured_media":0,"comment_status":"closed","ping_status":"open","template":"","meta":{"_acf_changed":false},"brand":[926],"product_brand":[],"product_cat":[927],"product_tag":[928],"class_list":{"0":"post-87522","1":"product","2":"type-product","3":"status-publish","5":"brand-sharp","6":"product_cat-mikrowellen","7":"product_tag-vrijstaande-combimagnetrons","8":"pa_condition-new","9":"pa_coolblue-de-verzending-morgen-gratis-geliefert","10":"pa_ean-933","11":"pa_mpn-r-971-stw","13":"first","14":"instock","15":"product-type-external"},"acf":[],"_links":{"self":[{"href":"https:\/\/onlinehardwareshop.de\/index.php\/wp-json\/wp\/v2\/product\/87522","targetHints":{"allow":["GET"]}}],"collection":[{"href":"https:\/\/onlinehardwareshop.de\/index.php\/wp-json\/wp\/v2\/product"}],"about":[{"href":"https:\/\/onlinehardwareshop.de\/index.php\/wp-json\/wp\/v2\/types\/product"}],"replies":[{"embeddable":true,"href":"https:\/\/onlinehardwareshop.de\/index.php\/wp-json\/wp\/v2\/comments?post=87522"}],"wp:attachment":[{"href":"https:\/\/onlinehardwareshop.de\/index.php\/wp-json\/wp\/v2\/media?parent=87522"}],"wp:term":[{"taxonomy":"brand","embeddable":true,"href":"https:\/\/onlinehardwareshop.de\/index.php\/wp-json\/wp\/v2\/brand?post=87522"},{"taxonomy":"product_brand","embeddable":true,"href":"https:\/\/onlinehardwareshop.de\/index.php\/wp-json\/wp\/v2\/product_brand?post=87522"},{"taxonomy":"product_cat","embeddable":true,"href":"https:\/\/onlinehardwareshop.de\/index.php\/wp-json\/wp\/v2\/product_cat?post=87522"},{"taxonomy":"product_tag","embeddable":true,"href":"https:\/\/onlinehardwareshop.de\/index.php\/wp-json\/wp\/v2\/product_tag?post=87522"}],"curies":[{"name":"wp","href":"https:\/\/api.w.org\/{rel}","templated":true}]}}