{"id":87521,"date":"2024-09-26T05:30:49","date_gmt":"2024-09-26T05:30:49","guid":{"rendered":"https:\/\/onlinehardwareshop.de\/index.php\/produkt\/sharp-r-961-inw\/"},"modified":"2025-05-16T14:41:34","modified_gmt":"2025-05-16T14:41:34","slug":"sharp-r-961-inw","status":"publish","type":"product","link":"https:\/\/onlinehardwareshop.de\/index.php\/produkt\/sharp-r-961-inw\/","title":{"rendered":"Sharp R-961 INW"},"content":{"rendered":"<p>Mit der Kombi-Mikrowelle Sharp R-961 INW trocknen deine Gerichte nie aus. Der Feuchtigkeitssensor misst bei einem Sensorprogramm den Feuchtigkeitsprozentsatz und passt die Zubereitung hieran an. W\u00e4hle eines der 24 automatischen Programme und die Mikrowelle stellt selbst die richtige Zubereitungsweise und -dauer ein. Du w\u00e4hlst nur die Art des Gerichts und das Gewicht. Die Mikrowelle hat eine gro\u00dfe Kapazit\u00e4t von 40 Litern und 2 Regalpositionen. Mit der Hei\u00dfluftfunktion b\u00e4ckst du somit auf zwei unterschiedlichen Ebenen gleichzeitig. Bereite eine gro\u00dfe Auflaufform mit frischer Lasagne und Baguettes zu. Mit der Kindersicherung verriegelst du die Mikrowelle auf einfache Weise, sodass du sie nicht versehentlich stoppst oder startest.<\/p>\n","protected":false},"excerpt":{"rendered":"<p>Mit der Kombi-Mikrowelle Sharp R-961 INW trocknen deine Gerichte nie aus. Der Feuchtigkeitssensor misst bei einem Sensorprogramm den Feuchtigkeitsprozentsatz und passt die Zubereitung hieran an. W\u00e4hle eines der 24 automatischen Programme und die Mikrowelle stellt selbst die richtige Zubereitungsweise und -dauer ein. Du w\u00e4hlst nur die Art des Gerichts und das Gewicht. Die Mikrowelle hat eine gro\u00dfe Kapazit\u00e4t von 40 Litern und 2 Regalpositionen. Mit der Hei\u00dfluftfunktion b\u00e4ckst du somit auf zwei unterschiedlichen Ebenen gleichzeitig. Bereite eine gro\u00dfe Auflaufform mit frischer Lasagne und Baguettes zu. Mit der Kindersicherung verriegelst du die Mikrowelle auf einfache Weise, sodass du sie nicht versehentlich stoppst oder startest.<\/p>\n","protected":false},"featured_media":0,"comment_status":"closed","ping_status":"open","template":"","meta":{"_acf_changed":false},"brand":[926],"product_brand":[],"product_cat":[927],"product_tag":[928],"class_list":{"0":"post-87521","1":"product","2":"type-product","3":"status-publish","5":"brand-sharp","6":"product_cat-mikrowellen","7":"product_tag-vrijstaande-combimagnetrons","8":"pa_condition-new","9":"pa_coolblue-de-verzending-morgen-gratis-geliefert","10":"pa_ean-929","11":"pa_mpn-r-961-inw","13":"first","14":"instock","15":"product-type-external"},"acf":[],"_links":{"self":[{"href":"https:\/\/onlinehardwareshop.de\/index.php\/wp-json\/wp\/v2\/product\/87521","targetHints":{"allow":["GET"]}}],"collection":[{"href":"https:\/\/onlinehardwareshop.de\/index.php\/wp-json\/wp\/v2\/product"}],"about":[{"href":"https:\/\/onlinehardwareshop.de\/index.php\/wp-json\/wp\/v2\/types\/product"}],"replies":[{"embeddable":true,"href":"https:\/\/onlinehardwareshop.de\/index.php\/wp-json\/wp\/v2\/comments?post=87521"}],"wp:attachment":[{"href":"https:\/\/onlinehardwareshop.de\/index.php\/wp-json\/wp\/v2\/media?parent=87521"}],"wp:term":[{"taxonomy":"brand","embeddable":true,"href":"https:\/\/onlinehardwareshop.de\/index.php\/wp-json\/wp\/v2\/brand?post=87521"},{"taxonomy":"product_brand","embeddable":true,"href":"https:\/\/onlinehardwareshop.de\/index.php\/wp-json\/wp\/v2\/product_brand?post=87521"},{"taxonomy":"product_cat","embeddable":true,"href":"https:\/\/onlinehardwareshop.de\/index.php\/wp-json\/wp\/v2\/product_cat?post=87521"},{"taxonomy":"product_tag","embeddable":true,"href":"https:\/\/onlinehardwareshop.de\/index.php\/wp-json\/wp\/v2\/product_tag?post=87521"}],"curies":[{"name":"wp","href":"https:\/\/api.w.org\/{rel}","templated":true}]}}