{"id":87519,"date":"2024-02-13T08:46:01","date_gmt":"2024-02-13T08:46:01","guid":{"rendered":"https:\/\/onlinehardwareshop.de\/index.php\/produkt\/brother-dcp-l2660dw\/"},"modified":"2025-05-14T19:46:11","modified_gmt":"2025-05-14T19:46:11","slug":"brother-dcp-l2660dw","status":"publish","type":"product","link":"https:\/\/onlinehardwareshop.de\/index.php\/produkt\/brother-dcp-l2660dw\/","title":{"rendered":"Brother DCP-L2660DW"},"content":{"rendered":"<p>Mit dem Brother DCP-L2660DW Schwarz-Wei\u00df-Laserdrucker hast du deine gesch\u00e4ftlichen Dokumente schnell zur Hand. Dank der Druckgeschwindigkeit von 34 Seiten pro Minute wartest du n\u00e4mlich nie lange auf deine Ausdrucke. Kopierst oder scannst du viel? Auch das ist f\u00fcr den DCP-L2660DW kein Problem. Lege bis zu 50 Blatt Papier in den automatischen Dokumenteneinzug und scanne oder kopiere deinen Stapel Papier automatisch. Au\u00dferdem sparst du Papier durch den automatischen beidseitigen Druck. Sende deine Druckauftr\u00e4ge bequem per USB-Kabel oder drahtlos \u00fcber WLAN. So druckst du ganz einfach direkt von deinem B\u00fcrostuhl aus.   Brother EcoPro Dieser Drucker eignet sich f\u00fcr Brother EcoPro, das g\u00fcnstige Tintenabonnement von Brother. Du erh\u00e4ltst automatisch Patronen, wenn deine aktuellen Patronen leer sind. Leere Patronen schickst du kostenlos zur\u00fcck. Au\u00dferdem bekommst du eine fortlaufende Garantie f\u00fcr deinen Drucker. Mehr Informationen zu EcoPro? Sieh dir unseren Beratungsartikel an.<\/p>\n","protected":false},"excerpt":{"rendered":"<p>Mit dem Brother DCP-L2660DW Schwarz-Wei\u00df-Laserdrucker hast du deine gesch\u00e4ftlichen Dokumente schnell zur Hand. Dank der Druckgeschwindigkeit von 34 Seiten pro Minute wartest du n\u00e4mlich nie lange auf deine Ausdrucke. Kopierst oder scannst du viel? Auch das ist f\u00fcr den DCP-L2660DW kein Problem. Lege bis zu 50 Blatt Papier in den automatischen Dokumenteneinzug und scanne oder kopiere deinen Stapel Papier automatisch. Au\u00dferdem sparst du Papier durch den automatischen beidseitigen Druck. Sende deine Druckauftr\u00e4ge bequem per USB-Kabel oder drahtlos \u00fcber WLAN. So druckst du ganz einfach direkt von deinem B\u00fcrostuhl aus.   Brother EcoPro Dieser Drucker eignet sich f\u00fcr Brother EcoPro, das g\u00fcnstige Tintenabonnement von Brother. Du erh\u00e4ltst automatisch Patronen, wenn deine aktuellen Patronen leer sind. Leere Patronen schickst du kostenlos zur\u00fcck. Au\u00dferdem bekommst du eine fortlaufende Garantie f\u00fcr deinen Drucker. Mehr Informationen zu EcoPro? Sieh dir unseren Beratungsartikel an.<\/p>\n","protected":false},"featured_media":0,"comment_status":"closed","ping_status":"open","template":"","meta":{"_acf_changed":false},"brand":[164],"product_brand":[],"product_cat":[2205],"product_tag":[4823],"class_list":{"0":"post-87519","1":"product","2":"type-product","3":"status-publish","5":"brand-brother","6":"product_cat-drucker","7":"product_tag-laserprinters","8":"pa_condition-new","9":"pa_coolblue-de-verzending-morgen-gratis-geliefert","10":"pa_ean-34613","11":"pa_mpn-dcp-l2660dwre1","13":"first","14":"instock","15":"product-type-external"},"acf":[],"_links":{"self":[{"href":"https:\/\/onlinehardwareshop.de\/index.php\/wp-json\/wp\/v2\/product\/87519","targetHints":{"allow":["GET"]}}],"collection":[{"href":"https:\/\/onlinehardwareshop.de\/index.php\/wp-json\/wp\/v2\/product"}],"about":[{"href":"https:\/\/onlinehardwareshop.de\/index.php\/wp-json\/wp\/v2\/types\/product"}],"replies":[{"embeddable":true,"href":"https:\/\/onlinehardwareshop.de\/index.php\/wp-json\/wp\/v2\/comments?post=87519"}],"wp:attachment":[{"href":"https:\/\/onlinehardwareshop.de\/index.php\/wp-json\/wp\/v2\/media?parent=87519"}],"wp:term":[{"taxonomy":"brand","embeddable":true,"href":"https:\/\/onlinehardwareshop.de\/index.php\/wp-json\/wp\/v2\/brand?post=87519"},{"taxonomy":"product_brand","embeddable":true,"href":"https:\/\/onlinehardwareshop.de\/index.php\/wp-json\/wp\/v2\/product_brand?post=87519"},{"taxonomy":"product_cat","embeddable":true,"href":"https:\/\/onlinehardwareshop.de\/index.php\/wp-json\/wp\/v2\/product_cat?post=87519"},{"taxonomy":"product_tag","embeddable":true,"href":"https:\/\/onlinehardwareshop.de\/index.php\/wp-json\/wp\/v2\/product_tag?post=87519"}],"curies":[{"name":"wp","href":"https:\/\/api.w.org\/{rel}","templated":true}]}}