{"id":87516,"date":"2024-06-07T08:48:49","date_gmt":"2024-06-07T08:48:49","guid":{"rendered":"https:\/\/onlinehardwareshop.de\/index.php\/produkt\/tefal-healthy-chef-keramikbratpfannenset-24-28cm-schmorpfanne-24cm-deckel\/"},"modified":"2025-05-14T19:45:47","modified_gmt":"2025-05-14T19:45:47","slug":"tefal-healthy-chef-keramikbratpfannenset-24-28cm-schmorpfanne-24cm-deckel","status":"publish","type":"product","link":"https:\/\/onlinehardwareshop.de\/index.php\/produkt\/tefal-healthy-chef-keramikbratpfannenset-24-28cm-schmorpfanne-24cm-deckel\/","title":{"rendered":"Tefal Healthy Chef Keramikbratpfannenset 24 + 28&#xA0;cm + Schmorpfanne 24&#xA0;cm + Deckel"},"content":{"rendered":"<p>Mit dem Tefal Healthy Chef Bratpfannenset 24 + 28\u00a0cm + der Schmorpfanne 24\u00a0cm + Deckel bereitest du ganz einfach Schmorgerichte zu, ohne dass W\u00e4rme entweicht. Dazu l\u00e4sst du einfach den Glasdeckel auf der Pfanne und hebst ihn nicht ab. So kochst du zum Beispiel einen Schmortopf. Du wei\u00dft genau, wann die Pfanne die richtige Temperatur erreicht hat. Der Signalpunkt f\u00e4rbt sich n\u00e4mlich gleichm\u00e4\u00dfig rot, wenn die Beschichtung die optimale Temperatur hat. So gibst du deine Zutaten immer im richtigen Moment in die Pfanne. Die Antihaftbeschichtung der Pfannen ist mit nat\u00fcrlichen Mineralien angereichert. Dadurch sind sie besonders kratzfest und somit auch langlebiger. Du kaufst dir also weniger h\u00e4ufig eine neue Bratpfanne.<\/p>\n","protected":false},"excerpt":{"rendered":"<p>Mit dem Tefal Healthy Chef Bratpfannenset 24 + 28\u00a0cm + der Schmorpfanne 24\u00a0cm + Deckel bereitest du ganz einfach Schmorgerichte zu, ohne dass W\u00e4rme entweicht. Dazu l\u00e4sst du einfach den Glasdeckel auf der Pfanne und hebst ihn nicht ab. So kochst du zum Beispiel einen Schmortopf. Du wei\u00dft genau, wann die Pfanne die richtige Temperatur erreicht hat. Der Signalpunkt f\u00e4rbt sich n\u00e4mlich gleichm\u00e4\u00dfig rot, wenn die Beschichtung die optimale Temperatur hat. So gibst du deine Zutaten immer im richtigen Moment in die Pfanne. Die Antihaftbeschichtung der Pfannen ist mit nat\u00fcrlichen Mineralien angereichert. Dadurch sind sie besonders kratzfest und somit auch langlebiger. Du kaufst dir also weniger h\u00e4ufig eine neue Bratpfanne.<\/p>\n","protected":false},"featured_media":0,"comment_status":"closed","ping_status":"open","template":"","meta":{"_acf_changed":false},"brand":[506],"product_brand":[],"product_cat":[372],"product_tag":[1788],"class_list":{"0":"post-87516","1":"product","2":"type-product","3":"status-publish","5":"brand-tefal","6":"product_cat-tpfe-und-pfannen","7":"product_tag-bakpannensets","8":"pa_condition-new","9":"pa_coolblue-de-verzending-morgen-gratis-geliefert","10":"pa_ean-34609","12":"first","13":"instock","14":"product-type-external"},"acf":[],"_links":{"self":[{"href":"https:\/\/onlinehardwareshop.de\/index.php\/wp-json\/wp\/v2\/product\/87516","targetHints":{"allow":["GET"]}}],"collection":[{"href":"https:\/\/onlinehardwareshop.de\/index.php\/wp-json\/wp\/v2\/product"}],"about":[{"href":"https:\/\/onlinehardwareshop.de\/index.php\/wp-json\/wp\/v2\/types\/product"}],"replies":[{"embeddable":true,"href":"https:\/\/onlinehardwareshop.de\/index.php\/wp-json\/wp\/v2\/comments?post=87516"}],"wp:attachment":[{"href":"https:\/\/onlinehardwareshop.de\/index.php\/wp-json\/wp\/v2\/media?parent=87516"}],"wp:term":[{"taxonomy":"brand","embeddable":true,"href":"https:\/\/onlinehardwareshop.de\/index.php\/wp-json\/wp\/v2\/brand?post=87516"},{"taxonomy":"product_brand","embeddable":true,"href":"https:\/\/onlinehardwareshop.de\/index.php\/wp-json\/wp\/v2\/product_brand?post=87516"},{"taxonomy":"product_cat","embeddable":true,"href":"https:\/\/onlinehardwareshop.de\/index.php\/wp-json\/wp\/v2\/product_cat?post=87516"},{"taxonomy":"product_tag","embeddable":true,"href":"https:\/\/onlinehardwareshop.de\/index.php\/wp-json\/wp\/v2\/product_tag?post=87516"}],"curies":[{"name":"wp","href":"https:\/\/api.w.org\/{rel}","templated":true}]}}