{"id":87507,"date":"2024-04-20T03:39:46","date_gmt":"2024-04-20T03:39:46","guid":{"rendered":"https:\/\/onlinehardwareshop.de\/index.php\/produkt\/bose-ultra-open-earbuds-braun\/"},"modified":"2025-05-14T19:44:47","modified_gmt":"2025-05-14T19:44:47","slug":"bose-ultra-open-earbuds-braun","status":"publish","type":"product","link":"https:\/\/onlinehardwareshop.de\/index.php\/produkt\/bose-ultra-open-earbuds-braun\/","title":{"rendered":"Bose Ultra Open Earbuds Braun"},"content":{"rendered":"<p>Mit dem Open-Ear-Design der Bose Ultra Open Earbuds Braun gestaltet sich dein Training sicher. Bei diesem OpenAudio-Design liegt der Kontaktpunkt der In-Ear-Kopfh\u00f6rer in deiner Ohrmuschel. Die Musik gelangt \u00fcber einen Schallwandler in deine Ohren. So bleibt dein Geh\u00f6rgang frei und du h\u00f6rst sowohl die Musik als auch deine Umgebung deutlich. Dank des Ohr-Clips sitzen die In-Ear-Kopfh\u00f6rer fest in deinen Ohren und fallen auch nicht so leicht heraus, wenn du im Training einen Sprint einlegst. Dank Bose Immersive Audio erlebst du deine Musik intensiver denn je. Mit dieser tiefen und detaillierten Klangb\u00fchne kommt es dir vor, als w\u00e4rst du mitten auf einem Festival. \u00dcber Bose SimpleSync synchronisierst du die In-Ear-Kopfh\u00f6rer mit deiner Bose Soundar. So h\u00f6rst du den Ton des Fernsehers \u00fcber die In-Ear-Kopfh\u00f6rer.<\/p>\n","protected":false},"excerpt":{"rendered":"<p>Mit dem Open-Ear-Design der Bose Ultra Open Earbuds Braun gestaltet sich dein Training sicher. Bei diesem OpenAudio-Design liegt der Kontaktpunkt der In-Ear-Kopfh\u00f6rer in deiner Ohrmuschel. Die Musik gelangt \u00fcber einen Schallwandler in deine Ohren. So bleibt dein Geh\u00f6rgang frei und du h\u00f6rst sowohl die Musik als auch deine Umgebung deutlich. Dank des Ohr-Clips sitzen die In-Ear-Kopfh\u00f6rer fest in deinen Ohren und fallen auch nicht so leicht heraus, wenn du im Training einen Sprint einlegst. Dank Bose Immersive Audio erlebst du deine Musik intensiver denn je. Mit dieser tiefen und detaillierten Klangb\u00fchne kommt es dir vor, als w\u00e4rst du mitten auf einem Festival. \u00dcber Bose SimpleSync synchronisierst du die In-Ear-Kopfh\u00f6rer mit deiner Bose Soundar. So h\u00f6rst du den Ton des Fernsehers \u00fcber die In-Ear-Kopfh\u00f6rer.<\/p>\n","protected":false},"featured_media":0,"comment_status":"closed","ping_status":"open","template":"","meta":{"_acf_changed":false},"brand":[3092],"product_brand":[],"product_cat":[563],"product_tag":[1210],"class_list":{"0":"post-87507","1":"product","2":"type-product","3":"status-publish","5":"brand-bose","6":"product_cat-in-ear-kopfhrer","7":"product_tag-non-apple-oordopjes","8":"pa_condition-new","9":"pa_coolblue-de-verzending-morgen-gratis-geliefert","10":"pa_ean-34599","11":"pa_mpn-881046-0500","13":"first","14":"instock","15":"product-type-external"},"acf":[],"_links":{"self":[{"href":"https:\/\/onlinehardwareshop.de\/index.php\/wp-json\/wp\/v2\/product\/87507","targetHints":{"allow":["GET"]}}],"collection":[{"href":"https:\/\/onlinehardwareshop.de\/index.php\/wp-json\/wp\/v2\/product"}],"about":[{"href":"https:\/\/onlinehardwareshop.de\/index.php\/wp-json\/wp\/v2\/types\/product"}],"replies":[{"embeddable":true,"href":"https:\/\/onlinehardwareshop.de\/index.php\/wp-json\/wp\/v2\/comments?post=87507"}],"wp:attachment":[{"href":"https:\/\/onlinehardwareshop.de\/index.php\/wp-json\/wp\/v2\/media?parent=87507"}],"wp:term":[{"taxonomy":"brand","embeddable":true,"href":"https:\/\/onlinehardwareshop.de\/index.php\/wp-json\/wp\/v2\/brand?post=87507"},{"taxonomy":"product_brand","embeddable":true,"href":"https:\/\/onlinehardwareshop.de\/index.php\/wp-json\/wp\/v2\/product_brand?post=87507"},{"taxonomy":"product_cat","embeddable":true,"href":"https:\/\/onlinehardwareshop.de\/index.php\/wp-json\/wp\/v2\/product_cat?post=87507"},{"taxonomy":"product_tag","embeddable":true,"href":"https:\/\/onlinehardwareshop.de\/index.php\/wp-json\/wp\/v2\/product_tag?post=87507"}],"curies":[{"name":"wp","href":"https:\/\/api.w.org\/{rel}","templated":true}]}}