{"id":87483,"date":"2025-02-07T18:37:20","date_gmt":"2025-02-07T18:37:20","guid":{"rendered":"https:\/\/onlinehardwareshop.de\/index.php\/produkt\/ninja-tb401eu\/"},"modified":"2025-05-14T19:04:50","modified_gmt":"2025-05-14T19:04:50","slug":"ninja-tb401eu","status":"publish","type":"product","link":"https:\/\/onlinehardwareshop.de\/index.php\/produkt\/ninja-tb401eu\/","title":{"rendered":"Ninja TB401EU"},"content":{"rendered":"<p>Mit dem Ninja TB401EU denkst du dank der BlendSense Technologie nicht \u00fcber die richtigen Einstellungen nach. Die BlendSense Technologie erkennt, ob du frische oder gefrorene Zutaten verwendest, und passt die Geschwindigkeit und Leistung daran an. Da der Standmixer die Leistung abstimmt und so harte St\u00fccke zerkleinert, machst du schnell Eisgetr\u00e4nke oder Smoothies. Au\u00dferdem misst der Standmixer die Portionsgr\u00f6\u00dfe und gibt an, wann du zus\u00e4tzliche Fl\u00fcssigkeit hinzuf\u00fcgen musst. Dadurch erh\u00e4ltst du m\u00fchelos die richtige Dicke. Dank der kraftvollen Leistung hackst und schneidest du harte und grobe Zutaten kinderleicht klein. Das ist praktisch, wenn du dein Eis zerkleinern oder N\u00fcsse mahlen m\u00f6chtest.<\/p>\n","protected":false},"excerpt":{"rendered":"<p>Mit dem Ninja TB401EU denkst du dank der BlendSense Technologie nicht \u00fcber die richtigen Einstellungen nach. Die BlendSense Technologie erkennt, ob du frische oder gefrorene Zutaten verwendest, und passt die Geschwindigkeit und Leistung daran an. Da der Standmixer die Leistung abstimmt und so harte St\u00fccke zerkleinert, machst du schnell Eisgetr\u00e4nke oder Smoothies. Au\u00dferdem misst der Standmixer die Portionsgr\u00f6\u00dfe und gibt an, wann du zus\u00e4tzliche Fl\u00fcssigkeit hinzuf\u00fcgen musst. Dadurch erh\u00e4ltst du m\u00fchelos die richtige Dicke. Dank der kraftvollen Leistung hackst und schneidest du harte und grobe Zutaten kinderleicht klein. Das ist praktisch, wenn du dein Eis zerkleinern oder N\u00fcsse mahlen m\u00f6chtest.<\/p>\n","protected":false},"featured_media":0,"comment_status":"closed","ping_status":"open","template":"","meta":{"_acf_changed":false},"brand":[6837],"product_brand":[],"product_cat":[1606],"product_tag":[1607],"class_list":{"0":"post-87483","1":"product","2":"type-product","3":"status-publish","5":"brand-ninja","6":"product_cat-standmixer","7":"product_tag-blenders","8":"pa_condition-new","9":"pa_coolblue-de-verzending-morgen-gratis-geliefert","10":"pa_ean-34307","11":"pa_mpn-tb401eu","13":"first","14":"instock","15":"product-type-external"},"acf":[],"_links":{"self":[{"href":"https:\/\/onlinehardwareshop.de\/index.php\/wp-json\/wp\/v2\/product\/87483","targetHints":{"allow":["GET"]}}],"collection":[{"href":"https:\/\/onlinehardwareshop.de\/index.php\/wp-json\/wp\/v2\/product"}],"about":[{"href":"https:\/\/onlinehardwareshop.de\/index.php\/wp-json\/wp\/v2\/types\/product"}],"replies":[{"embeddable":true,"href":"https:\/\/onlinehardwareshop.de\/index.php\/wp-json\/wp\/v2\/comments?post=87483"}],"wp:attachment":[{"href":"https:\/\/onlinehardwareshop.de\/index.php\/wp-json\/wp\/v2\/media?parent=87483"}],"wp:term":[{"taxonomy":"brand","embeddable":true,"href":"https:\/\/onlinehardwareshop.de\/index.php\/wp-json\/wp\/v2\/brand?post=87483"},{"taxonomy":"product_brand","embeddable":true,"href":"https:\/\/onlinehardwareshop.de\/index.php\/wp-json\/wp\/v2\/product_brand?post=87483"},{"taxonomy":"product_cat","embeddable":true,"href":"https:\/\/onlinehardwareshop.de\/index.php\/wp-json\/wp\/v2\/product_cat?post=87483"},{"taxonomy":"product_tag","embeddable":true,"href":"https:\/\/onlinehardwareshop.de\/index.php\/wp-json\/wp\/v2\/product_tag?post=87483"}],"curies":[{"name":"wp","href":"https:\/\/api.w.org\/{rel}","templated":true}]}}