{"id":87341,"date":"2024-10-11T09:26:43","date_gmt":"2024-10-11T09:26:43","guid":{"rendered":"https:\/\/onlinehardwareshop.de\/index.php\/produkt\/einhell-tc-js-18-li-solo-40ah-akku-e-case-s-f-starterset\/"},"modified":"2025-05-14T16:05:27","modified_gmt":"2025-05-14T16:05:27","slug":"einhell-tc-js-18-li-solo-40ah-akku-e-case-s-f-starterset","status":"publish","type":"product","link":"https:\/\/onlinehardwareshop.de\/index.php\/produkt\/einhell-tc-js-18-li-solo-40ah-akku-e-case-s-f-starterset\/","title":{"rendered":"Einhell TC-JS 18 Li Solo 4,0&#xA0;Ah Akku E-Case S-F Starterset"},"content":{"rendered":"<p>Mit dem Einhell TC-JS 18 Li Solo 4,0\u00a0Ah Akku E-Case S-F Starterset legst du dank des mitgelieferten Akkus sofort mit dem S\u00e4gen los. Au\u00dferdem erh\u00e4ltst du einen praktischen Aufbewahrungskoffer, in dem du die Stichs\u00e4ge einfach transportierst. Du nutzt diese Stichs\u00e4ge f\u00fcr unterschiedliche Projekte, zum Beispiel zum S\u00e4gen von Holz oder Metall. S\u00e4ge gerade oder auf Gehrung bei verschiedenen Arbeiten. Dank der Pendelstufen passt du die S\u00e4gegeschwindigkeit an und s\u00e4gst ohne Brandflecken. Die Blasfunktion sorgt daf\u00fcr, dass du die Schnittlinie immer gut siehst. Du tauschst die S\u00e4gebl\u00e4tter ohne Werkzeug aus, sodass du schnell weiterarbeitest. Der Akku ist Teil des Einhell Power-X-Change 18V Akkusystems. Du verwendest den Akku auch f\u00fcr andere (Garten-)Ger\u00e4te desselben Systems.<\/p>\n","protected":false},"excerpt":{"rendered":"<p>Mit dem Einhell TC-JS 18 Li Solo 4,0\u00a0Ah Akku E-Case S-F Starterset legst du dank des mitgelieferten Akkus sofort mit dem S\u00e4gen los. Au\u00dferdem erh\u00e4ltst du einen praktischen Aufbewahrungskoffer, in dem du die Stichs\u00e4ge einfach transportierst. Du nutzt diese Stichs\u00e4ge f\u00fcr unterschiedliche Projekte, zum Beispiel zum S\u00e4gen von Holz oder Metall. S\u00e4ge gerade oder auf Gehrung bei verschiedenen Arbeiten. Dank der Pendelstufen passt du die S\u00e4gegeschwindigkeit an und s\u00e4gst ohne Brandflecken. Die Blasfunktion sorgt daf\u00fcr, dass du die Schnittlinie immer gut siehst. Du tauschst die S\u00e4gebl\u00e4tter ohne Werkzeug aus, sodass du schnell weiterarbeitest. Der Akku ist Teil des Einhell Power-X-Change 18V Akkusystems. Du verwendest den Akku auch f\u00fcr andere (Garten-)Ger\u00e4te desselben Systems.<\/p>\n","protected":false},"featured_media":0,"comment_status":"closed","ping_status":"open","template":"","meta":{"_acf_changed":false},"brand":[1564],"product_brand":[],"product_cat":[43],"product_tag":[2773],"class_list":{"0":"post-87341","1":"product","2":"type-product","3":"status-publish","5":"brand-einhell","6":"product_cat-stichsgen","7":"product_tag-accu-decoupeerzagen","8":"pa_condition-new","9":"pa_coolblue-de-verzending-morgen-gratis-geliefert","10":"pa_ean-28610","12":"first","13":"instock","14":"product-type-external"},"acf":[],"_links":{"self":[{"href":"https:\/\/onlinehardwareshop.de\/index.php\/wp-json\/wp\/v2\/product\/87341","targetHints":{"allow":["GET"]}}],"collection":[{"href":"https:\/\/onlinehardwareshop.de\/index.php\/wp-json\/wp\/v2\/product"}],"about":[{"href":"https:\/\/onlinehardwareshop.de\/index.php\/wp-json\/wp\/v2\/types\/product"}],"replies":[{"embeddable":true,"href":"https:\/\/onlinehardwareshop.de\/index.php\/wp-json\/wp\/v2\/comments?post=87341"}],"wp:attachment":[{"href":"https:\/\/onlinehardwareshop.de\/index.php\/wp-json\/wp\/v2\/media?parent=87341"}],"wp:term":[{"taxonomy":"brand","embeddable":true,"href":"https:\/\/onlinehardwareshop.de\/index.php\/wp-json\/wp\/v2\/brand?post=87341"},{"taxonomy":"product_brand","embeddable":true,"href":"https:\/\/onlinehardwareshop.de\/index.php\/wp-json\/wp\/v2\/product_brand?post=87341"},{"taxonomy":"product_cat","embeddable":true,"href":"https:\/\/onlinehardwareshop.de\/index.php\/wp-json\/wp\/v2\/product_cat?post=87341"},{"taxonomy":"product_tag","embeddable":true,"href":"https:\/\/onlinehardwareshop.de\/index.php\/wp-json\/wp\/v2\/product_tag?post=87341"}],"curies":[{"name":"wp","href":"https:\/\/api.w.org\/{rel}","templated":true}]}}