{"id":87338,"date":"2024-03-01T19:26:09","date_gmt":"2024-03-01T19:26:09","guid":{"rendered":"https:\/\/onlinehardwareshop.de\/index.php\/produkt\/einhell-tc-js-18-li-solo-ohne-akku-einhell-e-case-s-f\/"},"modified":"2025-05-14T16:05:13","modified_gmt":"2025-05-14T16:05:13","slug":"einhell-tc-js-18-li-solo-ohne-akku-einhell-e-case-s-f","status":"publish","type":"product","link":"https:\/\/onlinehardwareshop.de\/index.php\/produkt\/einhell-tc-js-18-li-solo-ohne-akku-einhell-e-case-s-f\/","title":{"rendered":"Einhell TC-JS 18 Li Solo (ohne Akku) + Einhell E-Case S-F"},"content":{"rendered":"<p>Mit dem Set aus Einhell TC-JS 18 Li Solo (ohne Akku) + Einhell E-Case S-F verstaust du deine Stichs\u00e4ge ordentlich und nimmst sie einfach mit. Du nutzt diese Stichs\u00e4ge f\u00fcr unterschiedliche Projekte, zum Beispiel zum S\u00e4gen von Holz oder Metall. S\u00e4ge gerade oder auf Gehrung bei verschiedenen Arbeiten. Dank der Pendelstufen passt du die S\u00e4gegeschwindigkeit an und s\u00e4gst ohne Brandflecken. Die Blasfunktion sorgt daf\u00fcr, dass du die Schnittlinie immer gut siehst. Du tauschst die S\u00e4gebl\u00e4tter ohne Werkzeug aus, sodass du schnell weiterarbeitest. Der Akku ist Teil des Einhell Power-X-Change 18V Akkusystems. Hast du bereits einen Akku dieses Systems? Dann verwendest du ihn auch f\u00fcr diese Maschine.<\/p>\n","protected":false},"excerpt":{"rendered":"<p>Mit dem Set aus Einhell TC-JS 18 Li Solo (ohne Akku) + Einhell E-Case S-F verstaust du deine Stichs\u00e4ge ordentlich und nimmst sie einfach mit. Du nutzt diese Stichs\u00e4ge f\u00fcr unterschiedliche Projekte, zum Beispiel zum S\u00e4gen von Holz oder Metall. S\u00e4ge gerade oder auf Gehrung bei verschiedenen Arbeiten. Dank der Pendelstufen passt du die S\u00e4gegeschwindigkeit an und s\u00e4gst ohne Brandflecken. Die Blasfunktion sorgt daf\u00fcr, dass du die Schnittlinie immer gut siehst. Du tauschst die S\u00e4gebl\u00e4tter ohne Werkzeug aus, sodass du schnell weiterarbeitest. Der Akku ist Teil des Einhell Power-X-Change 18V Akkusystems. Hast du bereits einen Akku dieses Systems? Dann verwendest du ihn auch f\u00fcr diese Maschine.<\/p>\n","protected":false},"featured_media":0,"comment_status":"closed","ping_status":"open","template":"","meta":{"_acf_changed":false},"brand":[1564],"product_brand":[],"product_cat":[43],"product_tag":[2773],"class_list":{"0":"post-87338","1":"product","2":"type-product","3":"status-publish","5":"brand-einhell","6":"product_cat-stichsgen","7":"product_tag-accu-decoupeerzagen","8":"pa_condition-new","9":"pa_coolblue-de-verzending-morgen-gratis-geliefert","10":"pa_ean-28608","12":"first","13":"instock","14":"product-type-external"},"acf":[],"_links":{"self":[{"href":"https:\/\/onlinehardwareshop.de\/index.php\/wp-json\/wp\/v2\/product\/87338","targetHints":{"allow":["GET"]}}],"collection":[{"href":"https:\/\/onlinehardwareshop.de\/index.php\/wp-json\/wp\/v2\/product"}],"about":[{"href":"https:\/\/onlinehardwareshop.de\/index.php\/wp-json\/wp\/v2\/types\/product"}],"replies":[{"embeddable":true,"href":"https:\/\/onlinehardwareshop.de\/index.php\/wp-json\/wp\/v2\/comments?post=87338"}],"wp:attachment":[{"href":"https:\/\/onlinehardwareshop.de\/index.php\/wp-json\/wp\/v2\/media?parent=87338"}],"wp:term":[{"taxonomy":"brand","embeddable":true,"href":"https:\/\/onlinehardwareshop.de\/index.php\/wp-json\/wp\/v2\/brand?post=87338"},{"taxonomy":"product_brand","embeddable":true,"href":"https:\/\/onlinehardwareshop.de\/index.php\/wp-json\/wp\/v2\/product_brand?post=87338"},{"taxonomy":"product_cat","embeddable":true,"href":"https:\/\/onlinehardwareshop.de\/index.php\/wp-json\/wp\/v2\/product_cat?post=87338"},{"taxonomy":"product_tag","embeddable":true,"href":"https:\/\/onlinehardwareshop.de\/index.php\/wp-json\/wp\/v2\/product_tag?post=87338"}],"curies":[{"name":"wp","href":"https:\/\/api.w.org\/{rel}","templated":true}]}}