{"id":87314,"date":"2024-08-09T12:29:46","date_gmt":"2024-08-09T12:29:46","guid":{"rendered":"https:\/\/onlinehardwareshop.de\/index.php\/produkt\/pocketbook-basic-lux-4\/"},"modified":"2025-05-14T15:05:55","modified_gmt":"2025-05-14T15:05:55","slug":"pocketbook-basic-lux-4","status":"publish","type":"product","link":"https:\/\/onlinehardwareshop.de\/index.php\/produkt\/pocketbook-basic-lux-4\/","title":{"rendered":"PocketBook Basic Lux 4"},"content":{"rendered":"<p>Mit dem PocketBook Basic Lux 4 liest du \u00fcberall deine Lieblingsb\u00fccher. Das Display dieses kompakten und leichten eBook-Readers ist 6 Zoll gro\u00df. Dieser l\u00e4sst sich daher problemlos \u00fcberallhin mitnehmen. Das ist praktisch, wenn du zum Beispiel in den \u00f6ffentlichen Verkehrsmitteln lesen m\u00f6chtest. Dank der Hintergrundbeleuchtung liest du auch abends bei schlechteren Lichtverh\u00e4ltnissen. Deine Nachttischlampe brauchst du also nicht einzuschalten. Du bedienst den eBook-Reader \u00fcber den Touchscreen oder die drei Tasten unten am Display. Audiodateien spielst du mit diesem eBook-Reader allerdings nicht ab. Wenn du gerne H\u00f6rb\u00fccher h\u00f6rst, solltest du dich f\u00fcr einen eBook-Reader mit Bluetooth-Verbindung und Lautsprechern entscheiden. Deine Lieblingsb\u00fccher speicherst du auf dem 8\u00a0GB gro\u00dfen Speicher. Ist der Speicher voll? Dann erweitere ihn mit einer Speicherkarte. Im Lieferumfang ist kein Ladeger\u00e4t enthalten. Bestelle dir separat eins dazu, um deinen eBook-Reader direkt aufzuladen.<\/p>\n","protected":false},"excerpt":{"rendered":"<p>Mit dem PocketBook Basic Lux 4 liest du \u00fcberall deine Lieblingsb\u00fccher. Das Display dieses kompakten und leichten eBook-Readers ist 6 Zoll gro\u00df. Dieser l\u00e4sst sich daher problemlos \u00fcberallhin mitnehmen. Das ist praktisch, wenn du zum Beispiel in den \u00f6ffentlichen Verkehrsmitteln lesen m\u00f6chtest. Dank der Hintergrundbeleuchtung liest du auch abends bei schlechteren Lichtverh\u00e4ltnissen. Deine Nachttischlampe brauchst du also nicht einzuschalten. Du bedienst den eBook-Reader \u00fcber den Touchscreen oder die drei Tasten unten am Display. Audiodateien spielst du mit diesem eBook-Reader allerdings nicht ab. Wenn du gerne H\u00f6rb\u00fccher h\u00f6rst, solltest du dich f\u00fcr einen eBook-Reader mit Bluetooth-Verbindung und Lautsprechern entscheiden. Deine Lieblingsb\u00fccher speicherst du auf dem 8\u00a0GB gro\u00dfen Speicher. Ist der Speicher voll? Dann erweitere ihn mit einer Speicherkarte. Im Lieferumfang ist kein Ladeger\u00e4t enthalten. Bestelle dir separat eins dazu, um deinen eBook-Reader direkt aufzuladen.<\/p>\n","protected":false},"featured_media":0,"comment_status":"closed","ping_status":"open","template":"","meta":{"_acf_changed":false},"brand":[8955],"product_brand":[],"product_cat":[8609],"product_tag":[8610],"class_list":{"0":"post-87314","1":"product","2":"type-product","3":"status-publish","5":"brand-pocketbook","6":"product_cat-ebook-reader","7":"product_tag-e-readers","8":"pa_condition-new","9":"pa_coolblue-de-verzending-morgen-gratis-geliefert","10":"pa_ean-24244","11":"pa_mpn-pb618-p-ww-b","13":"first","14":"instock","15":"product-type-external"},"acf":[],"_links":{"self":[{"href":"https:\/\/onlinehardwareshop.de\/index.php\/wp-json\/wp\/v2\/product\/87314","targetHints":{"allow":["GET"]}}],"collection":[{"href":"https:\/\/onlinehardwareshop.de\/index.php\/wp-json\/wp\/v2\/product"}],"about":[{"href":"https:\/\/onlinehardwareshop.de\/index.php\/wp-json\/wp\/v2\/types\/product"}],"replies":[{"embeddable":true,"href":"https:\/\/onlinehardwareshop.de\/index.php\/wp-json\/wp\/v2\/comments?post=87314"}],"wp:attachment":[{"href":"https:\/\/onlinehardwareshop.de\/index.php\/wp-json\/wp\/v2\/media?parent=87314"}],"wp:term":[{"taxonomy":"brand","embeddable":true,"href":"https:\/\/onlinehardwareshop.de\/index.php\/wp-json\/wp\/v2\/brand?post=87314"},{"taxonomy":"product_brand","embeddable":true,"href":"https:\/\/onlinehardwareshop.de\/index.php\/wp-json\/wp\/v2\/product_brand?post=87314"},{"taxonomy":"product_cat","embeddable":true,"href":"https:\/\/onlinehardwareshop.de\/index.php\/wp-json\/wp\/v2\/product_cat?post=87314"},{"taxonomy":"product_tag","embeddable":true,"href":"https:\/\/onlinehardwareshop.de\/index.php\/wp-json\/wp\/v2\/product_tag?post=87314"}],"curies":[{"name":"wp","href":"https:\/\/api.w.org\/{rel}","templated":true}]}}