{"id":87310,"date":"2024-07-18T21:54:41","date_gmt":"2024-07-18T21:54:41","guid":{"rendered":"https:\/\/onlinehardwareshop.de\/index.php\/produkt\/tefal-inicio-classic-gc2718\/"},"modified":"2025-05-14T14:46:04","modified_gmt":"2025-05-14T14:46:04","slug":"tefal-inicio-classic-gc2718","status":"publish","type":"product","link":"https:\/\/onlinehardwareshop.de\/index.php\/produkt\/tefal-inicio-classic-gc2718\/","title":{"rendered":"Tefal Inicio Classic GC2718"},"content":{"rendered":"<p>Mit dem Tefal Inicio Classic GC2718 bereitest du vier Paninis oder sechs Hamburger gleichzeitig zu. Dieser Grill verf\u00fcgt n\u00e4mlich \u00fcber eine Grillfl\u00e4che von 26&#215;29\u00a0cm. Dank der hohen Leistung von 2.000 Watt ist dieser Kontaktgrill im Nu auf Temperatur. Sobald die Temperaturkontrollleuchte angeht, legst du deine Zutaten einfach hinein. Praktisch, denn so wei\u00dft du immer, dass die Grillplatten auch wirklich hei\u00df genug sind. Im Saftauffangbeh\u00e4lter sammelt sich das \u00fcbersch\u00fcssige Fett. So bleiben die Platten sauberer und lassen sich nach dem Gebrauch auch einfacher reinigen. Das Kabel verstaust du ordentlich auf der Unterseite des Grills. Der Tefal Inicio Classic GC2718 l\u00e4sst sich au\u00dferdem aufrecht verstauen, sodass er in deinem Schrank nur wenig Platz einnimmt.<\/p>\n","protected":false},"excerpt":{"rendered":"<p>Mit dem Tefal Inicio Classic GC2718 bereitest du vier Paninis oder sechs Hamburger gleichzeitig zu. Dieser Grill verf\u00fcgt n\u00e4mlich \u00fcber eine Grillfl\u00e4che von 26&#215;29\u00a0cm. Dank der hohen Leistung von 2.000 Watt ist dieser Kontaktgrill im Nu auf Temperatur. Sobald die Temperaturkontrollleuchte angeht, legst du deine Zutaten einfach hinein. Praktisch, denn so wei\u00dft du immer, dass die Grillplatten auch wirklich hei\u00df genug sind. Im Saftauffangbeh\u00e4lter sammelt sich das \u00fcbersch\u00fcssige Fett. So bleiben die Platten sauberer und lassen sich nach dem Gebrauch auch einfacher reinigen. Das Kabel verstaust du ordentlich auf der Unterseite des Grills. Der Tefal Inicio Classic GC2718 l\u00e4sst sich au\u00dferdem aufrecht verstauen, sodass er in deinem Schrank nur wenig Platz einnimmt.<\/p>\n","protected":false},"featured_media":0,"comment_status":"closed","ping_status":"open","template":"","meta":{"_acf_changed":false},"brand":[506],"product_brand":[],"product_cat":[300],"product_tag":[301],"class_list":{"0":"post-87310","1":"product","2":"type-product","3":"status-publish","5":"brand-tefal","6":"product_cat-kontaktgrills","7":"product_tag-contactgrills","8":"pa_condition-new","9":"pa_coolblue-de-verzending-morgen-gratis-geliefert","10":"pa_ean-23880","11":"pa_mpn-gc2718","13":"first","14":"instock","15":"product-type-external"},"acf":[],"_links":{"self":[{"href":"https:\/\/onlinehardwareshop.de\/index.php\/wp-json\/wp\/v2\/product\/87310","targetHints":{"allow":["GET"]}}],"collection":[{"href":"https:\/\/onlinehardwareshop.de\/index.php\/wp-json\/wp\/v2\/product"}],"about":[{"href":"https:\/\/onlinehardwareshop.de\/index.php\/wp-json\/wp\/v2\/types\/product"}],"replies":[{"embeddable":true,"href":"https:\/\/onlinehardwareshop.de\/index.php\/wp-json\/wp\/v2\/comments?post=87310"}],"wp:attachment":[{"href":"https:\/\/onlinehardwareshop.de\/index.php\/wp-json\/wp\/v2\/media?parent=87310"}],"wp:term":[{"taxonomy":"brand","embeddable":true,"href":"https:\/\/onlinehardwareshop.de\/index.php\/wp-json\/wp\/v2\/brand?post=87310"},{"taxonomy":"product_brand","embeddable":true,"href":"https:\/\/onlinehardwareshop.de\/index.php\/wp-json\/wp\/v2\/product_brand?post=87310"},{"taxonomy":"product_cat","embeddable":true,"href":"https:\/\/onlinehardwareshop.de\/index.php\/wp-json\/wp\/v2\/product_cat?post=87310"},{"taxonomy":"product_tag","embeddable":true,"href":"https:\/\/onlinehardwareshop.de\/index.php\/wp-json\/wp\/v2\/product_tag?post=87310"}],"curies":[{"name":"wp","href":"https:\/\/api.w.org\/{rel}","templated":true}]}}