{"id":87297,"date":"2024-08-25T04:03:12","date_gmt":"2024-08-25T04:03:12","guid":{"rendered":"https:\/\/onlinehardwareshop.de\/index.php\/produkt\/tolino-shine-color\/"},"modified":"2025-05-14T14:17:08","modified_gmt":"2025-05-14T14:17:08","slug":"tolino-shine-color","status":"publish","type":"product","link":"https:\/\/onlinehardwareshop.de\/index.php\/produkt\/tolino-shine-color\/","title":{"rendered":"tolino shine color"},"content":{"rendered":"<p>Lies unterwegs deine Lieblingscomics in Farbe mit dem tolino shine color Schwarz eBook-Reader. Dank des Farbdisplays wird deinen B\u00fcchern mehr Leben eingehaucht. Du siehst die Buchumschl\u00e4ge und Abbildungen in Farbe und machst farbige Markierungen mit deinem Finger. Der 6 Zoll gro\u00dfe eBook-Reader ist kompakt und leicht. Dadurch nimmst du ihn m\u00fchelos \u00fcberallhin mit. Mit der smartLight Beleuchtung stellst du Helligkeit und Farbtemperatur nach Belieben ein. Wechsle zum Beispiel von kaltem Licht am Morgen zu warmem Licht am Abend. So entlastest du deine Augen und schl\u00e4fst leichter ein. Bei Tageslicht schaltest du die Beleuchtung aus, um die Akkulaufzeit zu verl\u00e4ngern. Da der tolino shine wasserfest ist, liest du auch entspannt am Strand oder in der Badewanne. Wenn dir nicht nach Lesen ist, genie\u00dft du einfach H\u00f6rb\u00fccher \u00fcber kabellose Kopfh\u00f6rer.<\/p>\n","protected":false},"excerpt":{"rendered":"<p>Lies unterwegs deine Lieblingscomics in Farbe mit dem tolino shine color Schwarz eBook-Reader. Dank des Farbdisplays wird deinen B\u00fcchern mehr Leben eingehaucht. Du siehst die Buchumschl\u00e4ge und Abbildungen in Farbe und machst farbige Markierungen mit deinem Finger. Der 6 Zoll gro\u00dfe eBook-Reader ist kompakt und leicht. Dadurch nimmst du ihn m\u00fchelos \u00fcberallhin mit. Mit der smartLight Beleuchtung stellst du Helligkeit und Farbtemperatur nach Belieben ein. Wechsle zum Beispiel von kaltem Licht am Morgen zu warmem Licht am Abend. So entlastest du deine Augen und schl\u00e4fst leichter ein. Bei Tageslicht schaltest du die Beleuchtung aus, um die Akkulaufzeit zu verl\u00e4ngern. Da der tolino shine wasserfest ist, liest du auch entspannt am Strand oder in der Badewanne. Wenn dir nicht nach Lesen ist, genie\u00dft du einfach H\u00f6rb\u00fccher \u00fcber kabellose Kopfh\u00f6rer.<\/p>\n","protected":false},"featured_media":0,"comment_status":"closed","ping_status":"open","template":"","meta":{"_acf_changed":false},"brand":[23320],"product_brand":[],"product_cat":[8609],"product_tag":[8610],"class_list":{"0":"post-87297","1":"product","2":"type-product","3":"status-publish","5":"brand-tolino","6":"product_cat-ebook-reader","7":"product_tag-e-readers","8":"pa_condition-new","9":"pa_coolblue-de-verzending-morgen-gratis-geliefert","10":"pa_ean-23318","11":"pa_mpn-23319","13":"first","14":"instock","15":"product-type-external"},"acf":[],"_links":{"self":[{"href":"https:\/\/onlinehardwareshop.de\/index.php\/wp-json\/wp\/v2\/product\/87297","targetHints":{"allow":["GET"]}}],"collection":[{"href":"https:\/\/onlinehardwareshop.de\/index.php\/wp-json\/wp\/v2\/product"}],"about":[{"href":"https:\/\/onlinehardwareshop.de\/index.php\/wp-json\/wp\/v2\/types\/product"}],"replies":[{"embeddable":true,"href":"https:\/\/onlinehardwareshop.de\/index.php\/wp-json\/wp\/v2\/comments?post=87297"}],"wp:attachment":[{"href":"https:\/\/onlinehardwareshop.de\/index.php\/wp-json\/wp\/v2\/media?parent=87297"}],"wp:term":[{"taxonomy":"brand","embeddable":true,"href":"https:\/\/onlinehardwareshop.de\/index.php\/wp-json\/wp\/v2\/brand?post=87297"},{"taxonomy":"product_brand","embeddable":true,"href":"https:\/\/onlinehardwareshop.de\/index.php\/wp-json\/wp\/v2\/product_brand?post=87297"},{"taxonomy":"product_cat","embeddable":true,"href":"https:\/\/onlinehardwareshop.de\/index.php\/wp-json\/wp\/v2\/product_cat?post=87297"},{"taxonomy":"product_tag","embeddable":true,"href":"https:\/\/onlinehardwareshop.de\/index.php\/wp-json\/wp\/v2\/product_tag?post=87297"}],"curies":[{"name":"wp","href":"https:\/\/api.w.org\/{rel}","templated":true}]}}