{"id":87287,"date":"2025-03-23T18:42:26","date_gmt":"2025-03-23T18:42:26","guid":{"rendered":"https:\/\/onlinehardwareshop.de\/index.php\/produkt\/starterset-dewalt-dcs367nt-xj-20-ah-akku-2-x\/"},"modified":"2025-05-14T13:58:47","modified_gmt":"2025-05-14T13:58:47","slug":"starterset-dewalt-dcs367nt-xj-20-ah-akku-2-x","status":"publish","type":"product","link":"https:\/\/onlinehardwareshop.de\/index.php\/produkt\/starterset-dewalt-dcs367nt-xj-20-ah-akku-2-x\/","title":{"rendered":"Starterset DeWalt DCS367NT-XJ 2,0-Ah-Akku (2 x)"},"content":{"rendered":"<p>Zum Starterset DeWalt DCD796NT-XJ 2,0-Ah-Akku (2 x) geh\u00f6ren zwei 2,0-Ah-Akkus und ein Ladeger\u00e4t. Du nutzt diese S\u00e4bels\u00e4ge also sofort. Willst du direkt entlang der Wand oder \u00fcber dem Fu\u00dfboden s\u00e4gen? Durch die vier Positionen des S\u00e4geblatts ist das ganz einfach. Mit der LED-Beleuchtung arbeitest du auch im Dunkeln weiter. Die S\u00e4gebl\u00e4tter wechselst du ohne anderes Werkzeug, wodurch du deine Arbeit niemals lange unterbrechen musst. Das Starterset DCS36NT-XJ 2,0-Ah-Akku (2 x) Starterspakket geh\u00f6rt zum Akkusystem DeWalt XR 18V. Dadurch verwendest du den Akku auch mit anderen (Garten-)Ger\u00e4ten desselben Systems.<\/p>\n","protected":false},"excerpt":{"rendered":"<p>Zum Starterset DeWalt DCD796NT-XJ 2,0-Ah-Akku (2 x) geh\u00f6ren zwei 2,0-Ah-Akkus und ein Ladeger\u00e4t. Du nutzt diese S\u00e4bels\u00e4ge also sofort. Willst du direkt entlang der Wand oder \u00fcber dem Fu\u00dfboden s\u00e4gen? Durch die vier Positionen des S\u00e4geblatts ist das ganz einfach. Mit der LED-Beleuchtung arbeitest du auch im Dunkeln weiter. Die S\u00e4gebl\u00e4tter wechselst du ohne anderes Werkzeug, wodurch du deine Arbeit niemals lange unterbrechen musst. Das Starterset DCS36NT-XJ 2,0-Ah-Akku (2 x) Starterspakket geh\u00f6rt zum Akkusystem DeWalt XR 18V. Dadurch verwendest du den Akku auch mit anderen (Garten-)Ger\u00e4ten desselben Systems.<\/p>\n","protected":false},"featured_media":0,"comment_status":"closed","ping_status":"open","template":"","meta":{"_acf_changed":false},"brand":[980],"product_brand":[],"product_cat":[585],"product_tag":[2028],"class_list":{"0":"post-87287","1":"product","2":"type-product","3":"status-publish","5":"brand-dewalt","6":"product_cat-sbelsgen","7":"product_tag-accu-reciprozagen","8":"pa_condition-new","9":"pa_coolblue-de-verzending-morgen-gratis-geliefert","10":"pa_ean-22908","12":"first","13":"instock","14":"product-type-external"},"acf":[],"_links":{"self":[{"href":"https:\/\/onlinehardwareshop.de\/index.php\/wp-json\/wp\/v2\/product\/87287","targetHints":{"allow":["GET"]}}],"collection":[{"href":"https:\/\/onlinehardwareshop.de\/index.php\/wp-json\/wp\/v2\/product"}],"about":[{"href":"https:\/\/onlinehardwareshop.de\/index.php\/wp-json\/wp\/v2\/types\/product"}],"replies":[{"embeddable":true,"href":"https:\/\/onlinehardwareshop.de\/index.php\/wp-json\/wp\/v2\/comments?post=87287"}],"wp:attachment":[{"href":"https:\/\/onlinehardwareshop.de\/index.php\/wp-json\/wp\/v2\/media?parent=87287"}],"wp:term":[{"taxonomy":"brand","embeddable":true,"href":"https:\/\/onlinehardwareshop.de\/index.php\/wp-json\/wp\/v2\/brand?post=87287"},{"taxonomy":"product_brand","embeddable":true,"href":"https:\/\/onlinehardwareshop.de\/index.php\/wp-json\/wp\/v2\/product_brand?post=87287"},{"taxonomy":"product_cat","embeddable":true,"href":"https:\/\/onlinehardwareshop.de\/index.php\/wp-json\/wp\/v2\/product_cat?post=87287"},{"taxonomy":"product_tag","embeddable":true,"href":"https:\/\/onlinehardwareshop.de\/index.php\/wp-json\/wp\/v2\/product_tag?post=87287"}],"curies":[{"name":"wp","href":"https:\/\/api.w.org\/{rel}","templated":true}]}}