{"id":87286,"date":"2024-07-10T06:06:49","date_gmt":"2024-07-10T06:06:49","guid":{"rendered":"https:\/\/onlinehardwareshop.de\/index.php\/produkt\/starterset-dewalt-dcs367nt-xj-20-ah-akku\/"},"modified":"2025-05-14T13:58:42","modified_gmt":"2025-05-14T13:58:42","slug":"starterset-dewalt-dcs367nt-xj-20-ah-akku","status":"publish","type":"product","link":"https:\/\/onlinehardwareshop.de\/index.php\/produkt\/starterset-dewalt-dcs367nt-xj-20-ah-akku\/","title":{"rendered":"Starterset DeWalt DCS367NT-XJ 2,0-Ah-Akku"},"content":{"rendered":"<p>Zum Starterset DeWalt DCS367NT-XJ 2,0-Ah-Akku geh\u00f6ren ein 2,0-Ah-Akku und ein Ladeger\u00e4t. Du nutzt diese S\u00e4bels\u00e4ge also sofort. Du s\u00e4gst an schwer erreichbaren Stellen, zum Beispiel direkt entlang der Wand oder \u00fcber dem Fu\u00dfboden. Die H\u00f6he des S\u00e4geblatt ist in vier Positionen einstellbar. So f\u00fchrst du Arbeiten in jeder gew\u00fcnschten H\u00f6he aus. Arbeitest du in einem schlecht beleuchteten Raum? Mit der LED-Beleuchtung arbeitest du problemlos weiter. Die S\u00e4gebl\u00e4tter wechselst du ohne Werkzeug. So arbeitest du schnell weiter. Das Starterset DCS367NT-XJ 2,0-Ah-Akku geh\u00f6rt zum Akkusystem DeWalt XR 18V. Dadurch verwendest du den Akku auch mit anderen (Garten-)Ger\u00e4ten desselben Systems.<\/p>\n","protected":false},"excerpt":{"rendered":"<p>Zum Starterset DeWalt DCS367NT-XJ 2,0-Ah-Akku geh\u00f6ren ein 2,0-Ah-Akku und ein Ladeger\u00e4t. Du nutzt diese S\u00e4bels\u00e4ge also sofort. Du s\u00e4gst an schwer erreichbaren Stellen, zum Beispiel direkt entlang der Wand oder \u00fcber dem Fu\u00dfboden. Die H\u00f6he des S\u00e4geblatt ist in vier Positionen einstellbar. So f\u00fchrst du Arbeiten in jeder gew\u00fcnschten H\u00f6he aus. Arbeitest du in einem schlecht beleuchteten Raum? Mit der LED-Beleuchtung arbeitest du problemlos weiter. Die S\u00e4gebl\u00e4tter wechselst du ohne Werkzeug. So arbeitest du schnell weiter. Das Starterset DCS367NT-XJ 2,0-Ah-Akku geh\u00f6rt zum Akkusystem DeWalt XR 18V. Dadurch verwendest du den Akku auch mit anderen (Garten-)Ger\u00e4ten desselben Systems.<\/p>\n","protected":false},"featured_media":0,"comment_status":"closed","ping_status":"open","template":"","meta":{"_acf_changed":false},"brand":[980],"product_brand":[],"product_cat":[585],"product_tag":[2028],"class_list":{"0":"post-87286","1":"product","2":"type-product","3":"status-publish","5":"brand-dewalt","6":"product_cat-sbelsgen","7":"product_tag-accu-reciprozagen","8":"pa_condition-new","9":"pa_coolblue-de-verzending-morgen-gratis-geliefert","10":"pa_ean-22907","12":"first","13":"instock","14":"product-type-external"},"acf":[],"_links":{"self":[{"href":"https:\/\/onlinehardwareshop.de\/index.php\/wp-json\/wp\/v2\/product\/87286","targetHints":{"allow":["GET"]}}],"collection":[{"href":"https:\/\/onlinehardwareshop.de\/index.php\/wp-json\/wp\/v2\/product"}],"about":[{"href":"https:\/\/onlinehardwareshop.de\/index.php\/wp-json\/wp\/v2\/types\/product"}],"replies":[{"embeddable":true,"href":"https:\/\/onlinehardwareshop.de\/index.php\/wp-json\/wp\/v2\/comments?post=87286"}],"wp:attachment":[{"href":"https:\/\/onlinehardwareshop.de\/index.php\/wp-json\/wp\/v2\/media?parent=87286"}],"wp:term":[{"taxonomy":"brand","embeddable":true,"href":"https:\/\/onlinehardwareshop.de\/index.php\/wp-json\/wp\/v2\/brand?post=87286"},{"taxonomy":"product_brand","embeddable":true,"href":"https:\/\/onlinehardwareshop.de\/index.php\/wp-json\/wp\/v2\/product_brand?post=87286"},{"taxonomy":"product_cat","embeddable":true,"href":"https:\/\/onlinehardwareshop.de\/index.php\/wp-json\/wp\/v2\/product_cat?post=87286"},{"taxonomy":"product_tag","embeddable":true,"href":"https:\/\/onlinehardwareshop.de\/index.php\/wp-json\/wp\/v2\/product_tag?post=87286"}],"curies":[{"name":"wp","href":"https:\/\/api.w.org\/{rel}","templated":true}]}}