{"id":87221,"date":"2024-04-25T03:13:37","date_gmt":"2024-04-25T03:13:37","guid":{"rendered":"https:\/\/onlinehardwareshop.de\/index.php\/produkt\/kingston-xs2000-portable-ssd-4tb\/"},"modified":"2025-05-14T10:34:18","modified_gmt":"2025-05-14T10:34:18","slug":"kingston-xs2000-portable-ssd-4tb","status":"publish","type":"product","link":"https:\/\/onlinehardwareshop.de\/index.php\/produkt\/kingston-xs2000-portable-ssd-4tb\/","title":{"rendered":"Kingston XS2000 Portable SSD 4TB"},"content":{"rendered":"<p>Mit der Kingston XS2000 Portable SSD 4TB packst du alle deine Dateien, Filme, Fotos und Musik in deine Innentasche. Diese externe SSD ist noch nicht einmal sieben Zentimeter lang und daher leicht zu transportieren. Mit einer Lese- und Schreibgeschwindigkeit von 2 Gigabyte pro Sekunde \u00fcbertr\u00e4gst du auch gro\u00dfe und leistungsintensive Dateien im Handumdrehen auf die Festplatte. So \u00fcbertr\u00e4gst du einen 8K-Film mit 120 Gigabyte in etwa einer Minute. Zudem ist die SSD sowohl wasser- als auch staubbest\u00e4ndig und verf\u00fcgt \u00fcber eine Gummih\u00fclle, die gegen St\u00f6\u00dfe sch\u00fctzt. Die Festplatte ist formatiert und einsatzbereit f\u00fcr sowohl Windows als auch Mac und Linux.<\/p>\n","protected":false},"excerpt":{"rendered":"<p>Mit der Kingston XS2000 Portable SSD 4TB packst du alle deine Dateien, Filme, Fotos und Musik in deine Innentasche. Diese externe SSD ist noch nicht einmal sieben Zentimeter lang und daher leicht zu transportieren. Mit einer Lese- und Schreibgeschwindigkeit von 2 Gigabyte pro Sekunde \u00fcbertr\u00e4gst du auch gro\u00dfe und leistungsintensive Dateien im Handumdrehen auf die Festplatte. So \u00fcbertr\u00e4gst du einen 8K-Film mit 120 Gigabyte in etwa einer Minute. Zudem ist die SSD sowohl wasser- als auch staubbest\u00e4ndig und verf\u00fcgt \u00fcber eine Gummih\u00fclle, die gegen St\u00f6\u00dfe sch\u00fctzt. Die Festplatte ist formatiert und einsatzbereit f\u00fcr sowohl Windows als auch Mac und Linux.<\/p>\n","protected":false},"featured_media":0,"comment_status":"closed","ping_status":"open","template":"","meta":{"_acf_changed":false},"brand":[2956],"product_brand":[],"product_cat":[4819],"product_tag":[4820],"class_list":{"0":"post-87221","1":"product","2":"type-product","3":"status-publish","5":"brand-kingston","6":"product_cat-externe-ssds","7":"product_tag-harde-schijven-extern-ssd","8":"pa_condition-new","9":"pa_coolblue-de-verzending-morgen-gratis-geliefert","10":"pa_ean-17873","11":"pa_mpn-sxs2000-4000g","13":"first","14":"instock","15":"product-type-external"},"acf":[],"_links":{"self":[{"href":"https:\/\/onlinehardwareshop.de\/index.php\/wp-json\/wp\/v2\/product\/87221","targetHints":{"allow":["GET"]}}],"collection":[{"href":"https:\/\/onlinehardwareshop.de\/index.php\/wp-json\/wp\/v2\/product"}],"about":[{"href":"https:\/\/onlinehardwareshop.de\/index.php\/wp-json\/wp\/v2\/types\/product"}],"replies":[{"embeddable":true,"href":"https:\/\/onlinehardwareshop.de\/index.php\/wp-json\/wp\/v2\/comments?post=87221"}],"wp:attachment":[{"href":"https:\/\/onlinehardwareshop.de\/index.php\/wp-json\/wp\/v2\/media?parent=87221"}],"wp:term":[{"taxonomy":"brand","embeddable":true,"href":"https:\/\/onlinehardwareshop.de\/index.php\/wp-json\/wp\/v2\/brand?post=87221"},{"taxonomy":"product_brand","embeddable":true,"href":"https:\/\/onlinehardwareshop.de\/index.php\/wp-json\/wp\/v2\/product_brand?post=87221"},{"taxonomy":"product_cat","embeddable":true,"href":"https:\/\/onlinehardwareshop.de\/index.php\/wp-json\/wp\/v2\/product_cat?post=87221"},{"taxonomy":"product_tag","embeddable":true,"href":"https:\/\/onlinehardwareshop.de\/index.php\/wp-json\/wp\/v2\/product_tag?post=87221"}],"curies":[{"name":"wp","href":"https:\/\/api.w.org\/{rel}","templated":true}]}}