{"id":87198,"date":"2024-11-11T18:44:00","date_gmt":"2024-11-11T18:44:00","guid":{"rendered":"https:\/\/onlinehardwareshop.de\/index.php\/produkt\/playseat-trophy-logitech-g-edition\/"},"modified":"2025-05-14T09:28:27","modified_gmt":"2025-05-14T09:28:27","slug":"playseat-trophy-logitech-g-edition","status":"publish","type":"product","link":"https:\/\/onlinehardwareshop.de\/index.php\/produkt\/playseat-trophy-logitech-g-edition\/","title":{"rendered":"Playseat Trophy Logitech G Edition"},"content":{"rendered":"<p>Mit dem Playseat Trophy Logitech\u00a0G Edition Rennsitz rast du geradezu aufs Siegertreppchen. In diesem Gaming-Stuhl sitzt du wie ein echter Rennfahrer im Formel-1-Wagen. Die R\u00fcckenlehne ist so designt, dass du auch im rasantesten Rennen noch fest im Sitz bleibst. Dank seines robusten Designs eignet sich dieser Rennsitz auch f\u00fcr das st\u00e4rkste Force Feedback, wie beispielsweise Direct Drive. Das robuste Metallgestell verhindert, dass du ins Schwanken ger\u00e4tst, wenn du voll in die Eisen gehst. Verstelle auch die H\u00f6he und den Winkel des Lenkrads und mache es dir dadurch beim Racing immer sch\u00f6n bequem. Die Pedale lassen sich ebenfalls in der Tiefe und im Winkel verstellen, sodass du immer gut ans Gaspedal herankommst. Der Stuhl eignet sich f\u00fcr Gamer mit einer maximalen K\u00f6rpergr\u00f6\u00dfe von 220 Zentimetern und einem maximalen K\u00f6rpergewicht von 122 Kilogramm. Das neu verarbeitete ActiFit Material ist langlebig und atmungsaktiv. Dadurch bietet es dir w\u00e4hrend eines langen und spannenden Rennens mehr Komfort.<\/p>\n","protected":false},"excerpt":{"rendered":"<p>Mit dem Playseat Trophy Logitech\u00a0G Edition Rennsitz rast du geradezu aufs Siegertreppchen. In diesem Gaming-Stuhl sitzt du wie ein echter Rennfahrer im Formel-1-Wagen. Die R\u00fcckenlehne ist so designt, dass du auch im rasantesten Rennen noch fest im Sitz bleibst. Dank seines robusten Designs eignet sich dieser Rennsitz auch f\u00fcr das st\u00e4rkste Force Feedback, wie beispielsweise Direct Drive. Das robuste Metallgestell verhindert, dass du ins Schwanken ger\u00e4tst, wenn du voll in die Eisen gehst. Verstelle auch die H\u00f6he und den Winkel des Lenkrads und mache es dir dadurch beim Racing immer sch\u00f6n bequem. Die Pedale lassen sich ebenfalls in der Tiefe und im Winkel verstellen, sodass du immer gut ans Gaspedal herankommst. Der Stuhl eignet sich f\u00fcr Gamer mit einer maximalen K\u00f6rpergr\u00f6\u00dfe von 220 Zentimetern und einem maximalen K\u00f6rpergewicht von 122 Kilogramm. Das neu verarbeitete ActiFit Material ist langlebig und atmungsaktiv. Dadurch bietet es dir w\u00e4hrend eines langen und spannenden Rennens mehr Komfort.<\/p>\n","protected":false},"featured_media":0,"comment_status":"closed","ping_status":"open","template":"","meta":{"_acf_changed":false},"brand":[362],"product_brand":[],"product_cat":[363],"product_tag":[364],"class_list":{"0":"post-87198","1":"product","2":"type-product","3":"status-publish","5":"brand-playseat","6":"product_cat-gaming-sthle","7":"product_tag-race-stoelen","8":"pa_condition-new","9":"pa_coolblue-de-verzending-morgen-gratis-geliefert","10":"pa_ean-16356","11":"pa_mpn-g-00320","13":"first","14":"instock","15":"product-type-external"},"acf":[],"_links":{"self":[{"href":"https:\/\/onlinehardwareshop.de\/index.php\/wp-json\/wp\/v2\/product\/87198","targetHints":{"allow":["GET"]}}],"collection":[{"href":"https:\/\/onlinehardwareshop.de\/index.php\/wp-json\/wp\/v2\/product"}],"about":[{"href":"https:\/\/onlinehardwareshop.de\/index.php\/wp-json\/wp\/v2\/types\/product"}],"replies":[{"embeddable":true,"href":"https:\/\/onlinehardwareshop.de\/index.php\/wp-json\/wp\/v2\/comments?post=87198"}],"wp:attachment":[{"href":"https:\/\/onlinehardwareshop.de\/index.php\/wp-json\/wp\/v2\/media?parent=87198"}],"wp:term":[{"taxonomy":"brand","embeddable":true,"href":"https:\/\/onlinehardwareshop.de\/index.php\/wp-json\/wp\/v2\/brand?post=87198"},{"taxonomy":"product_brand","embeddable":true,"href":"https:\/\/onlinehardwareshop.de\/index.php\/wp-json\/wp\/v2\/product_brand?post=87198"},{"taxonomy":"product_cat","embeddable":true,"href":"https:\/\/onlinehardwareshop.de\/index.php\/wp-json\/wp\/v2\/product_cat?post=87198"},{"taxonomy":"product_tag","embeddable":true,"href":"https:\/\/onlinehardwareshop.de\/index.php\/wp-json\/wp\/v2\/product_tag?post=87198"}],"curies":[{"name":"wp","href":"https:\/\/api.w.org\/{rel}","templated":true}]}}