{"id":87139,"date":"2024-10-20T17:30:58","date_gmt":"2024-10-20T17:30:58","guid":{"rendered":"https:\/\/onlinehardwareshop.de\/index.php\/produkt\/tefal-snacking-r-xa7278\/"},"modified":"2025-05-14T05:57:02","modified_gmt":"2025-05-14T05:57:02","slug":"tefal-snacking-r-xa7278","status":"publish","type":"product","link":"https:\/\/onlinehardwareshop.de\/index.php\/produkt\/tefal-snacking-r-xa7278\/","title":{"rendered":"Tefal Snacking &#038; Baking Zubeh&#xF6;r XA7278"},"content":{"rendered":"<p>Mit dem Tefal Snacking &#038; Baking Zubeh\u00f6r XA7278 erweiterst du deine Backm\u00f6glichkeiten f\u00fcr den Tefal Optigrill Elite XL. In dieser Backform kannst du problemlos eine Pizza, Lasagne oder Kuchen f\u00fcr 6 Personen zubereiten. Befestige das Zubeh\u00f6r mit einem einzigen Klick am Optigrill. Dann stelle die Temperatur in den manuellen Modus ein. Dank der hitzebest\u00e4ndigen Griffe l\u00e4sst sich die Backform sicher von der K\u00fcche zum Esstisch bewegen. Wasche das Zubeh\u00f6r nach dem Gebrauch per Hand ab.  Das Tefal Snacking &#038; Baking Zubeh\u00f6r ist f\u00fcr den Tefal Optigrill Elite XL geeignet.<\/p>\n","protected":false},"excerpt":{"rendered":"<p>Mit dem Tefal Snacking &#038; Baking Zubeh\u00f6r XA7278 erweiterst du deine Backm\u00f6glichkeiten f\u00fcr den Tefal Optigrill Elite XL. In dieser Backform kannst du problemlos eine Pizza, Lasagne oder Kuchen f\u00fcr 6 Personen zubereiten. Befestige das Zubeh\u00f6r mit einem einzigen Klick am Optigrill. Dann stelle die Temperatur in den manuellen Modus ein. Dank der hitzebest\u00e4ndigen Griffe l\u00e4sst sich die Backform sicher von der K\u00fcche zum Esstisch bewegen. Wasche das Zubeh\u00f6r nach dem Gebrauch per Hand ab.  Das Tefal Snacking &#038; Baking Zubeh\u00f6r ist f\u00fcr den Tefal Optigrill Elite XL geeignet.<\/p>\n","protected":false},"featured_media":0,"comment_status":"closed","ping_status":"open","template":"","meta":{"_acf_changed":false},"brand":[506],"product_brand":[],"product_cat":[300],"product_tag":[301],"class_list":{"0":"post-87139","1":"product","2":"type-product","3":"status-publish","5":"brand-tefal","6":"product_cat-kontaktgrills","7":"product_tag-contactgrills","8":"pa_condition-new","9":"pa_coolblue-de-verzending-morgen-gratis-geliefert","10":"pa_ean-10990","11":"pa_mpn-xa727810","13":"first","14":"instock","15":"product-type-external"},"acf":[],"_links":{"self":[{"href":"https:\/\/onlinehardwareshop.de\/index.php\/wp-json\/wp\/v2\/product\/87139","targetHints":{"allow":["GET"]}}],"collection":[{"href":"https:\/\/onlinehardwareshop.de\/index.php\/wp-json\/wp\/v2\/product"}],"about":[{"href":"https:\/\/onlinehardwareshop.de\/index.php\/wp-json\/wp\/v2\/types\/product"}],"replies":[{"embeddable":true,"href":"https:\/\/onlinehardwareshop.de\/index.php\/wp-json\/wp\/v2\/comments?post=87139"}],"wp:attachment":[{"href":"https:\/\/onlinehardwareshop.de\/index.php\/wp-json\/wp\/v2\/media?parent=87139"}],"wp:term":[{"taxonomy":"brand","embeddable":true,"href":"https:\/\/onlinehardwareshop.de\/index.php\/wp-json\/wp\/v2\/brand?post=87139"},{"taxonomy":"product_brand","embeddable":true,"href":"https:\/\/onlinehardwareshop.de\/index.php\/wp-json\/wp\/v2\/product_brand?post=87139"},{"taxonomy":"product_cat","embeddable":true,"href":"https:\/\/onlinehardwareshop.de\/index.php\/wp-json\/wp\/v2\/product_cat?post=87139"},{"taxonomy":"product_tag","embeddable":true,"href":"https:\/\/onlinehardwareshop.de\/index.php\/wp-json\/wp\/v2\/product_tag?post=87139"}],"curies":[{"name":"wp","href":"https:\/\/api.w.org\/{rel}","templated":true}]}}