{"id":87135,"date":"2024-10-09T11:35:44","date_gmt":"2024-10-09T11:35:44","guid":{"rendered":"https:\/\/onlinehardwareshop.de\/index.php\/produkt\/playseat-evolution-pro-actifit-schwarz\/"},"modified":"2025-05-14T05:41:11","modified_gmt":"2025-05-14T05:41:11","slug":"playseat-evolution-pro-actifit-schwarz","status":"publish","type":"product","link":"https:\/\/onlinehardwareshop.de\/index.php\/produkt\/playseat-evolution-pro-actifit-schwarz\/","title":{"rendered":"Playseat Evolution Pro ActiFit Schwarz"},"content":{"rendered":"<p>Nimm in einem richtigen Renn-Cockpit Platz und spiele deine Rennspiele mit dem Playseat Evolution Pro ActiFit Schwarz wie in einem echten Formel-1-Wagen. Dieser Stuh ist genau das Richtige f\u00fcr echte Formel-1-Fans. Dank seines robusten Designs eignet sich dieser Rennsitz auch f\u00fcr das st\u00e4rkste Force Feedback, wie beispielsweise Direct Drive. Das robuste Metallgestell verhindert, dass du ins Schwanken ger\u00e4tst, wenn du voll in die Eisen gehst. Die R\u00fcckenlehne dieses Stuhls ist au\u00dferdem faltbar. So nimmt der Stuhl weniger Platz ein, wenn du ihn gerade nicht nutzt. Verstelle auch die H\u00f6he und den Winkel des Lenkrads und mache es dir dadurch beim Racing immer sch\u00f6n bequem. Die Pedale lassen sich ebenfalls in der Tiefe und im Winkel verstellen, sodass du immer gut ans Gaspedal herankommst. Der Stuhl eignet sich f\u00fcr Gamer mit einer maximalen K\u00f6rpergr\u00f6\u00dfe von 220 Zentimetern und einem maximalen K\u00f6rpergewicht von 122 Kilogramm. Das neu verarbeitete ActiFit Material ist langlebig und atmungsaktiv. Dadurch bietet es dir w\u00e4hrend eines langen und spannenden Rennens mehr Komfort.<\/p>\n","protected":false},"excerpt":{"rendered":"<p>Nimm in einem richtigen Renn-Cockpit Platz und spiele deine Rennspiele mit dem Playseat Evolution Pro ActiFit Schwarz wie in einem echten Formel-1-Wagen. Dieser Stuh ist genau das Richtige f\u00fcr echte Formel-1-Fans. Dank seines robusten Designs eignet sich dieser Rennsitz auch f\u00fcr das st\u00e4rkste Force Feedback, wie beispielsweise Direct Drive. Das robuste Metallgestell verhindert, dass du ins Schwanken ger\u00e4tst, wenn du voll in die Eisen gehst. Die R\u00fcckenlehne dieses Stuhls ist au\u00dferdem faltbar. So nimmt der Stuhl weniger Platz ein, wenn du ihn gerade nicht nutzt. Verstelle auch die H\u00f6he und den Winkel des Lenkrads und mache es dir dadurch beim Racing immer sch\u00f6n bequem. Die Pedale lassen sich ebenfalls in der Tiefe und im Winkel verstellen, sodass du immer gut ans Gaspedal herankommst. Der Stuhl eignet sich f\u00fcr Gamer mit einer maximalen K\u00f6rpergr\u00f6\u00dfe von 220 Zentimetern und einem maximalen K\u00f6rpergewicht von 122 Kilogramm. Das neu verarbeitete ActiFit Material ist langlebig und atmungsaktiv. Dadurch bietet es dir w\u00e4hrend eines langen und spannenden Rennens mehr Komfort.<\/p>\n","protected":false},"featured_media":0,"comment_status":"closed","ping_status":"open","template":"","meta":{"_acf_changed":false},"brand":[362],"product_brand":[],"product_cat":[363],"product_tag":[364],"class_list":{"0":"post-87135","1":"product","2":"type-product","3":"status-publish","5":"brand-playseat","6":"product_cat-gaming-sthle","7":"product_tag-race-stoelen","8":"pa_condition-new","9":"pa_coolblue-de-verzending-morgen-gratis-geliefert","10":"pa_ean-10598","11":"pa_mpn-rep-00262","13":"first","14":"instock","15":"product-type-external"},"acf":[],"_links":{"self":[{"href":"https:\/\/onlinehardwareshop.de\/index.php\/wp-json\/wp\/v2\/product\/87135","targetHints":{"allow":["GET"]}}],"collection":[{"href":"https:\/\/onlinehardwareshop.de\/index.php\/wp-json\/wp\/v2\/product"}],"about":[{"href":"https:\/\/onlinehardwareshop.de\/index.php\/wp-json\/wp\/v2\/types\/product"}],"replies":[{"embeddable":true,"href":"https:\/\/onlinehardwareshop.de\/index.php\/wp-json\/wp\/v2\/comments?post=87135"}],"wp:attachment":[{"href":"https:\/\/onlinehardwareshop.de\/index.php\/wp-json\/wp\/v2\/media?parent=87135"}],"wp:term":[{"taxonomy":"brand","embeddable":true,"href":"https:\/\/onlinehardwareshop.de\/index.php\/wp-json\/wp\/v2\/brand?post=87135"},{"taxonomy":"product_brand","embeddable":true,"href":"https:\/\/onlinehardwareshop.de\/index.php\/wp-json\/wp\/v2\/product_brand?post=87135"},{"taxonomy":"product_cat","embeddable":true,"href":"https:\/\/onlinehardwareshop.de\/index.php\/wp-json\/wp\/v2\/product_cat?post=87135"},{"taxonomy":"product_tag","embeddable":true,"href":"https:\/\/onlinehardwareshop.de\/index.php\/wp-json\/wp\/v2\/product_tag?post=87135"}],"curies":[{"name":"wp","href":"https:\/\/api.w.org\/{rel}","templated":true}]}}