{"id":87119,"date":"2024-12-19T19:55:18","date_gmt":"2024-12-19T19:55:18","guid":{"rendered":"https:\/\/onlinehardwareshop.de\/index.php\/produkt\/caliber-cnc17-universelle-autohalterung-schwarz\/"},"modified":"2025-05-14T05:02:49","modified_gmt":"2025-05-14T05:02:49","slug":"caliber-cnc17-universelle-autohalterung-schwarz","status":"publish","type":"product","link":"https:\/\/onlinehardwareshop.de\/index.php\/produkt\/caliber-cnc17-universelle-autohalterung-schwarz\/","title":{"rendered":"Caliber CNC17 Universelle Autohalterung Schwarz"},"content":{"rendered":"<p>Die Caliber CNC17 Universelle Autohalterung Schwarz ist eine Halterung f\u00fcr dein Tablet, die du an der R\u00fcckseite des Vordersitzes deines Autos befestigst. Du klemmst dein Tablet einfach zwischen die Halterung. Auf diese Weise k\u00f6nnen die Mitfahrer auf dem R\u00fccksitz das Tablet nutzen, um zum Beispiel einen Film zu sehen. An der Seite der Halterung befindet sich eine \u00d6ffnung, sodass du dein Tablet aufladen kannst, w\u00e4hrend es sich in der Halterung befindet. Der Halter ist zwischen 7 und 12,9\u00a0Zoll verstellbar. Es passt also problemlos ein Samsung Galaxy Tab S8 Plus oder ein Apple iPad Air 2022 hinein.<\/p>\n","protected":false},"excerpt":{"rendered":"<p>Die Caliber CNC17 Universelle Autohalterung Schwarz ist eine Halterung f\u00fcr dein Tablet, die du an der R\u00fcckseite des Vordersitzes deines Autos befestigst. Du klemmst dein Tablet einfach zwischen die Halterung. Auf diese Weise k\u00f6nnen die Mitfahrer auf dem R\u00fccksitz das Tablet nutzen, um zum Beispiel einen Film zu sehen. An der Seite der Halterung befindet sich eine \u00d6ffnung, sodass du dein Tablet aufladen kannst, w\u00e4hrend es sich in der Halterung befindet. Der Halter ist zwischen 7 und 12,9\u00a0Zoll verstellbar. Es passt also problemlos ein Samsung Galaxy Tab S8 Plus oder ein Apple iPad Air 2022 hinein.<\/p>\n","protected":false},"featured_media":0,"comment_status":"closed","ping_status":"open","template":"","meta":{"_acf_changed":false},"brand":[7115],"product_brand":[],"product_cat":[1238],"product_tag":[1239],"class_list":{"0":"post-87119","1":"product","2":"type-product","3":"status-publish","5":"brand-caliber","6":"product_cat-halterungen-fr-tablets","7":"product_tag-houders-voor-tablets","8":"pa_condition-new","9":"pa_coolblue-de-verzending-morgen-gratis-geliefert","10":"pa_ean-30456","11":"pa_mpn-cnc17","13":"first","14":"instock","15":"product-type-external"},"acf":[],"_links":{"self":[{"href":"https:\/\/onlinehardwareshop.de\/index.php\/wp-json\/wp\/v2\/product\/87119","targetHints":{"allow":["GET"]}}],"collection":[{"href":"https:\/\/onlinehardwareshop.de\/index.php\/wp-json\/wp\/v2\/product"}],"about":[{"href":"https:\/\/onlinehardwareshop.de\/index.php\/wp-json\/wp\/v2\/types\/product"}],"replies":[{"embeddable":true,"href":"https:\/\/onlinehardwareshop.de\/index.php\/wp-json\/wp\/v2\/comments?post=87119"}],"wp:attachment":[{"href":"https:\/\/onlinehardwareshop.de\/index.php\/wp-json\/wp\/v2\/media?parent=87119"}],"wp:term":[{"taxonomy":"brand","embeddable":true,"href":"https:\/\/onlinehardwareshop.de\/index.php\/wp-json\/wp\/v2\/brand?post=87119"},{"taxonomy":"product_brand","embeddable":true,"href":"https:\/\/onlinehardwareshop.de\/index.php\/wp-json\/wp\/v2\/product_brand?post=87119"},{"taxonomy":"product_cat","embeddable":true,"href":"https:\/\/onlinehardwareshop.de\/index.php\/wp-json\/wp\/v2\/product_cat?post=87119"},{"taxonomy":"product_tag","embeddable":true,"href":"https:\/\/onlinehardwareshop.de\/index.php\/wp-json\/wp\/v2\/product_tag?post=87119"}],"curies":[{"name":"wp","href":"https:\/\/api.w.org\/{rel}","templated":true}]}}